{"id":6,"date":"2024-10-21T08:30:14","date_gmt":"2024-10-21T08:30:14","guid":{"rendered":"https:\/\/christtheredeemertickets.com\/pt\/?page_id=6"},"modified":"2025-03-09T14:06:49","modified_gmt":"2025-03-09T13:06:49","slug":"casa","status":"publish","type":"page","link":"https:\/\/christtheredeemertickets.com\/pt\/","title":{"rendered":"In\u00edcio"},"content":{"rendered":"\n<h2 class=\"wp-block-heading\">Est\u00e1tua do Cristo Redentor<\/h2>\n\n\n\n<p>Elevando-se sobre o Rio de Janeiro, o Cristo Redentor \u00e9 um s\u00edmbolo de f\u00e9, arte e hist\u00f3ria de tirar o f\u00f4lego, atraindo milh\u00f5es de pessoas de todo o mundo. Desde a sua vista imponente sobre o Corcovado at\u00e9 aos pormenores intrincados do seu design, este monumento \u00e9 mais do que uma simples est\u00e1tua &#8211; \u00e9 uma experi\u00eancia que deixa uma impress\u00e3o duradoura. Descubra tudo o que precisa para tirar o m\u00e1ximo partido da sua visita a uma das Novas Sete Maravilhas do Mundo.<\/p>\n\n\n<div class=\"gb-container gb-container-31f67870\">\n<div class=\"gb-container gb-container-d7b4bbc7\">\n<div class=\"gb-grid-wrapper gb-grid-wrapper-2e490129\">\n<div class=\"gb-grid-column gb-grid-column-c4c350be\"><div class=\"gb-container gb-container-c4c350be\">\n\n<figure class=\"gb-block-image gb-block-image-aa3a8206\"><img loading=\"lazy\" decoding=\"async\" width=\"1920\" height=\"1080\" class=\"gb-image gb-image-aa3a8206\" src=\"https:\/\/christtheredeemertickets.com\/wp-content\/uploads\/2024\/10\/f-christ-the-redeemer-sunset.jpg\" alt=\"Christ the Redeemer statue at sunset on a mountain in Rio de Janeiro, surrounded by lush green forest with mountains in the background.\" srcset=\"https:\/\/christtheredeemertickets.com\/pt\/wp-content\/uploads\/2024\/10\/f-christ-the-redeemer-sunset.jpg 1920w, https:\/\/christtheredeemertickets.com\/pt\/wp-content\/uploads\/2024\/10\/f-christ-the-redeemer-sunset-300x169.jpg 300w, https:\/\/christtheredeemertickets.com\/pt\/wp-content\/uploads\/2024\/10\/f-christ-the-redeemer-sunset-1024x576.jpg 1024w, https:\/\/christtheredeemertickets.com\/pt\/wp-content\/uploads\/2024\/10\/f-christ-the-redeemer-sunset-768x432.jpg 768w, https:\/\/christtheredeemertickets.com\/pt\/wp-content\/uploads\/2024\/10\/f-christ-the-redeemer-sunset-1536x864.jpg 1536w\" sizes=\"auto, (max-width: 1920px) 100vw, 1920px\" \/><\/figure>\n\n\n\n<h2 class=\"gb-headline gb-headline-c58111f6 gb-headline-text\"><a href=\"https:\/\/christtheredeemertickets.com\/pt\/bilhetes\/\">Bilhetes<\/a><\/h2>\n\n\n\n<p>Planear a sua visita ao Cristo Redentor \u00e9 f\u00e1cil com uma gama de op\u00e7\u00f5es de bilhetes que se adequam a cada tipo de viajante. Escolha entre bilhetes de entrada normais, passes sem fila e experi\u00eancias guiadas para tornar a sua viagem inesquec\u00edvel. A reserva antecipada ajuda-o a garantir o seu lugar e a desfrutar de uma experi\u00eancia sem problemas quando chegar.<\/p>\n\n\n\n<p><a href=\"https:\/\/christtheredeemertickets.com\/pt\/bilhetes\/\">Reserve os seus bilhetes sem fila<\/a><\/p>\n\n<\/div><\/div>\n\n<div class=\"gb-grid-column gb-grid-column-029be6b4\"><div class=\"gb-container gb-container-029be6b4\">\n\n<figure class=\"gb-block-image gb-block-image-c4cc4fa2\"><img loading=\"lazy\" decoding=\"async\" width=\"1920\" height=\"1080\" class=\"gb-image gb-image-c4cc4fa2\" src=\"https:\/\/christtheredeemertickets.com\/wp-content\/uploads\/2024\/10\/f-christ-the-redeemer-night-silhouette.jpg\" alt=\"Silhouette of Christ the Redeemer statue captured on a smartphone at dusk, with a person holding the phone and the sky darkening in the background.\" srcset=\"https:\/\/christtheredeemertickets.com\/pt\/wp-content\/uploads\/2024\/10\/f-christ-the-redeemer-night-silhouette.jpg 1920w, https:\/\/christtheredeemertickets.com\/pt\/wp-content\/uploads\/2024\/10\/f-christ-the-redeemer-night-silhouette-300x169.jpg 300w, https:\/\/christtheredeemertickets.com\/pt\/wp-content\/uploads\/2024\/10\/f-christ-the-redeemer-night-silhouette-1024x576.jpg 1024w, https:\/\/christtheredeemertickets.com\/pt\/wp-content\/uploads\/2024\/10\/f-christ-the-redeemer-night-silhouette-768x432.jpg 768w, https:\/\/christtheredeemertickets.com\/pt\/wp-content\/uploads\/2024\/10\/f-christ-the-redeemer-night-silhouette-1536x864.jpg 1536w\" sizes=\"auto, (max-width: 1920px) 100vw, 1920px\" \/><\/figure>\n\n\n\n<h2 class=\"gb-headline gb-headline-1f45de2c gb-headline-text\"><a href=\"https:\/\/christtheredeemertickets.com\/pt\/passeios\/\">Excurs\u00f5es<\/a><\/h2>\n\n\n\n<p>Melhore sua visita ao Cristo Redentor com um de nossos passeios especialmente selecionados. Escolha entre experi\u00eancias privadas, excurs\u00f5es de grupo e pacotes com v\u00e1rias paragens que incluem atrac\u00e7\u00f5es nas proximidades. Cada visita \u00e9 concebida para oferecer uma vis\u00e3o \u00fanica, guiada por especialistas que partilham a hist\u00f3ria, a cultura e as hist\u00f3rias por detr\u00e1s deste monumento mundialmente famoso.<\/p>\n\n\n\n<p><a href=\"https:\/\/christtheredeemertickets.com\/pt\/passeios\/\">Consulte os nossos pacotes tur\u00edsticos para uma experi\u00eancia guiada<\/a><\/p>\n\n<\/div><\/div>\n\n<div class=\"gb-grid-column gb-grid-column-d2be5655\"><div class=\"gb-container gb-container-d2be5655\">\n\n<figure class=\"gb-block-image gb-block-image-8b01bfc8\"><img loading=\"lazy\" decoding=\"async\" width=\"1920\" height=\"1080\" class=\"gb-image gb-image-8b01bfc8\" src=\"https:\/\/christtheredeemertickets.com\/wp-content\/uploads\/2024\/10\/f-tourist-taking-photo-at-christ-the-redeemer-statue.jpg\" alt=\"\" title=\"f-tourist-taking-photo-at-christ-the-redeemer-statue\" srcset=\"https:\/\/christtheredeemertickets.com\/pt\/wp-content\/uploads\/2024\/10\/f-tourist-taking-photo-at-christ-the-redeemer-statue.jpg 1920w, https:\/\/christtheredeemertickets.com\/pt\/wp-content\/uploads\/2024\/10\/f-tourist-taking-photo-at-christ-the-redeemer-statue-300x169.jpg 300w, https:\/\/christtheredeemertickets.com\/pt\/wp-content\/uploads\/2024\/10\/f-tourist-taking-photo-at-christ-the-redeemer-statue-1024x576.jpg 1024w, https:\/\/christtheredeemertickets.com\/pt\/wp-content\/uploads\/2024\/10\/f-tourist-taking-photo-at-christ-the-redeemer-statue-768x432.jpg 768w, https:\/\/christtheredeemertickets.com\/pt\/wp-content\/uploads\/2024\/10\/f-tourist-taking-photo-at-christ-the-redeemer-statue-1536x864.jpg 1536w\" sizes=\"auto, (max-width: 1920px) 100vw, 1920px\" \/><\/figure>\n\n\n\n<h2 class=\"gb-headline gb-headline-e9b6a98a gb-headline-text\"><a href=\"https:\/\/christtheredeemertickets.com\/pt\/visita\/\">Visitar<\/a><\/h2>\n\n\n\n<p>Aproveite ao m\u00e1ximo sua visita ao Cristo Redentor com detalhes pr\u00e1ticos sobre como chegar l\u00e1, os melhores hor\u00e1rios para visitar e o que esperar. Desde op\u00e7\u00f5es de transporte a dicas para evitar multid\u00f5es, encontre tudo o que precisa para uma experi\u00eancia tranquila e agrad\u00e1vel<\/p>\n\n\n\n<p><a href=\"https:\/\/christtheredeemertickets.com\/pt\/visita\/\">Planeie a sua visita com dicas \u00fateis e informa\u00e7\u00f5es essenciais<\/a><\/p>\n\n<\/div><\/div>\n<\/div>\n\n<div class=\"gb-grid-wrapper gb-grid-wrapper-39a0322f\">\n<div class=\"gb-grid-column gb-grid-column-b54b1b6c\"><div class=\"gb-container gb-container-b54b1b6c\">\n\n<figure class=\"gb-block-image gb-block-image-833ee72a\"><img loading=\"lazy\" decoding=\"async\" width=\"1920\" height=\"1080\" class=\"gb-image gb-image-833ee72a\" src=\"https:\/\/christtheredeemertickets.com\/wp-content\/uploads\/2024\/10\/f-tourists-at-christ-the-redeemer-statue-rio.jpg\" alt=\"Visitarors standing on the steps in front of the Christ the Redeemer statue in Rio de Janeiro, with clear skies in the background.\" srcset=\"https:\/\/christtheredeemertickets.com\/pt\/wp-content\/uploads\/2024\/10\/f-tourists-at-christ-the-redeemer-statue-rio.jpg 1920w, https:\/\/christtheredeemertickets.com\/pt\/wp-content\/uploads\/2024\/10\/f-tourists-at-christ-the-redeemer-statue-rio-300x169.jpg 300w, https:\/\/christtheredeemertickets.com\/pt\/wp-content\/uploads\/2024\/10\/f-tourists-at-christ-the-redeemer-statue-rio-1024x576.jpg 1024w, https:\/\/christtheredeemertickets.com\/pt\/wp-content\/uploads\/2024\/10\/f-tourists-at-christ-the-redeemer-statue-rio-768x432.jpg 768w, https:\/\/christtheredeemertickets.com\/pt\/wp-content\/uploads\/2024\/10\/f-tourists-at-christ-the-redeemer-statue-rio-1536x864.jpg 1536w\" sizes=\"auto, (max-width: 1920px) 100vw, 1920px\" \/><\/figure>\n\n\n\n<h2 class=\"gb-headline gb-headline-0294488a gb-headline-text\"><a href=\"https:\/\/christtheredeemertickets.com\/pt\/historia\/\">Hist\u00f3ria<\/a><\/h2>\n\n\n\n<p>Descubra a rica hist\u00f3ria do Cristo Redentor, um monumento que tem sido um farol de f\u00e9 e cultura desde a sua conclus\u00e3o em 1931. Saiba mais sobre a sua conce\u00e7\u00e3o, o intrincado processo de constru\u00e7\u00e3o e o significado global que lhe valeu um lugar entre as Novas Sete Maravilhas do Mundo.<\/p>\n\n\n\n<p><a href=\"https:\/\/christtheredeemertickets.com\/pt\/historia\/\">Mergulhe na hist\u00f3ria por detr\u00e1s de um dos monumentos mais c\u00e9lebres do mundo<\/a><\/p>\n\n<\/div><\/div>\n\n<div class=\"gb-grid-column gb-grid-column-5a80ba22\"><div class=\"gb-container gb-container-5a80ba22\">\n\n<figure class=\"gb-block-image gb-block-image-ac9c9d16\"><img loading=\"lazy\" decoding=\"async\" width=\"1920\" height=\"1080\" class=\"gb-image gb-image-ac9c9d16\" src=\"https:\/\/christtheredeemertickets.com\/wp-content\/uploads\/2024\/10\/f-view-from-christ-the-redeemer-statue.jpg\" alt=\"A panoramic view of Rio de Janeiro's coastline, showing the city, boats in the bay, and the iconic Sugarloaf Mountain under a clear blue sky.\" srcset=\"https:\/\/christtheredeemertickets.com\/pt\/wp-content\/uploads\/2024\/10\/f-view-from-christ-the-redeemer-statue.jpg 1920w, https:\/\/christtheredeemertickets.com\/pt\/wp-content\/uploads\/2024\/10\/f-view-from-christ-the-redeemer-statue-300x169.jpg 300w, https:\/\/christtheredeemertickets.com\/pt\/wp-content\/uploads\/2024\/10\/f-view-from-christ-the-redeemer-statue-1024x576.jpg 1024w, https:\/\/christtheredeemertickets.com\/pt\/wp-content\/uploads\/2024\/10\/f-view-from-christ-the-redeemer-statue-768x432.jpg 768w, https:\/\/christtheredeemertickets.com\/pt\/wp-content\/uploads\/2024\/10\/f-view-from-christ-the-redeemer-statue-1536x864.jpg 1536w\" sizes=\"auto, (max-width: 1920px) 100vw, 1920px\" \/><\/figure>\n\n\n\n<h2 class=\"gb-headline gb-headline-d96b50ca gb-headline-text\"><a href=\"https:\/\/christtheredeemertickets.com\/pt\/factos\/\">Factos<\/a><\/h2>\n\n\n\n<p>O Cristo Redentor est\u00e1 repleto de pormenores fascinantes e estat\u00edsticas surpreendentes que o tornam verdadeiramente \u00fanico. Desde a sua altura imponente at\u00e9 aos materiais raros utilizados na sua constru\u00e7\u00e3o, descubra os factos que real\u00e7am a raz\u00e3o pela qual este marco hist\u00f3rico \u00e9 admirado por milh\u00f5es de pessoas todos os anos.<\/p>\n\n\n\n<p><a href=\"https:\/\/christtheredeemertickets.com\/pt\/factos\/\">Descubra factos fascinantes que tornam o Cristo Redentor verdadeiramente \u00fanico<\/a><\/p>\n\n<\/div><\/div>\n\n<div class=\"gb-grid-column gb-grid-column-fe7695be\"><div class=\"gb-container gb-container-fe7695be\">\n\n<figure class=\"gb-block-image gb-block-image-2fe365e4\"><img loading=\"lazy\" decoding=\"async\" width=\"1920\" height=\"1080\" class=\"gb-image gb-image-2fe365e4\" src=\"https:\/\/christtheredeemertickets.com\/wp-content\/uploads\/2024\/10\/f-christ-the-redeemer-close-up.jpg\" alt=\"Close-up of the Christ the Redeemer statue in Rio de Janeiro, showing the statue's outstretched arms against a clear blue sky.\" srcset=\"https:\/\/christtheredeemertickets.com\/pt\/wp-content\/uploads\/2024\/10\/f-christ-the-redeemer-close-up.jpg 1920w, https:\/\/christtheredeemertickets.com\/pt\/wp-content\/uploads\/2024\/10\/f-christ-the-redeemer-close-up-300x169.jpg 300w, https:\/\/christtheredeemertickets.com\/pt\/wp-content\/uploads\/2024\/10\/f-christ-the-redeemer-close-up-1024x576.jpg 1024w, https:\/\/christtheredeemertickets.com\/pt\/wp-content\/uploads\/2024\/10\/f-christ-the-redeemer-close-up-768x432.jpg 768w, https:\/\/christtheredeemertickets.com\/pt\/wp-content\/uploads\/2024\/10\/f-christ-the-redeemer-close-up-1536x864.jpg 1536w\" sizes=\"auto, (max-width: 1920px) 100vw, 1920px\" \/><\/figure>\n\n\n\n<h2 class=\"gb-headline gb-headline-e64a2d5b gb-headline-text\"><a href=\"https:\/\/christtheredeemertickets.com\/pt\/arquitetura\/\">Arquitetura<\/a><\/h2>\n\n\n\n<p>O design do Cristo Redentor \u00e9 uma maravilha arquitet\u00f3nica, misturando o estilo Art Deco com engenharia inovadora para criar uma est\u00e1tua que resiste aos elementos. Explore os pormenores da sua constru\u00e7\u00e3o, os materiais escolhidos e a conce\u00e7\u00e3o estrat\u00e9gica que lhe permite resistir ao clima e ao terreno acidentados do Rio de Janeiro.<\/p>\n\n\n\n<p><a href=\"https:\/\/christtheredeemertickets.com\/pt\/arquitetura\/\">Saiba mais sobre a engenharia e a arte que d\u00e3o vida a este monumento<\/a><\/p>\n\n<\/div><\/div>\n<\/div>\n<\/div>\n<\/div>\n\n\n<p><\/p>\n\n\n\n<h6 class=\"wp-block-heading\"><strong>Op\u00e7\u00f5es de bilhetes para o Cristo Redentor &#8211; <a href=\"https:\/\/www.getyourguide.com\/christ-the-redeemer-rio-de-janeiro-l3784\/?date_from=2024-11-03&amp;date_to=2024-11-03&amp;partner_id=JQVKNNW&amp;utm_medium=online_publisher&amp;partner_id=JQVKNNW&amp;utm_medium=online_publisher&amp;cmp=ctrt_pt\" target=\"_blank\" rel=\"noreferrer noopener sponsored nofollow\">Ver tudo<\/a> <\/strong><\/h6>\n\n\n<div class=\"gb-container gb-container-f38ded86\">\n<div class=\"gb-container gb-container-8d1250f1\">\n\n<div data-gyg-href=\"https:\/\/widget.getyourguide.com\/default\/activities.frame\" data-gyg-locale-code=\"pt-PT\" data-gyg-widget=\"activities\" data-gyg-number-of-items=\"4\" data-gyg-cmp=\"ctrt_pt\" data-gyg-partner-id=\"JQVKNNW\" data-gyg-q=\"christ the redeemer\"><span>Powered by <a target=\"_blank\" rel=\"sponsored nofollow noopener\" href=\"https:\/\/www.getyourguide.com\/christ-the-redeemer-rio-de-janeiro-l3784\/\">GetYourGuide<\/a><\/span><\/div>\n\n<\/div>\n<\/div>\n\n\n<p><\/p>\n","protected":false},"excerpt":{"rendered":"<p>Est\u00e1tua do Cristo Redentor Elevando-se sobre o Rio de Janeiro, o Cristo Redentor \u00e9 um s\u00edmbolo de f\u00e9, arte e hist\u00f3ria de tirar o f\u00f4lego, atraindo milh\u00f5es de pessoas de todo o mundo. Desde a sua vista imponente sobre o Corcovado at\u00e9 aos pormenores intrincados do seu design, este monumento \u00e9 mais do que uma &#8230; <a title=\"In\u00edcio\" class=\"read-more\" href=\"https:\/\/christtheredeemertickets.com\/pt\/\" aria-label=\"Read more about In\u00edcio\">Read more<\/a><\/p>\n","protected":false},"author":1,"featured_media":0,"parent":0,"menu_order":0,"comment_status":"closed","ping_status":"closed","template":"","meta":{"_acf_changed":false,"footnotes":""},"tags":[],"class_list":["post-6","page","type-page","status-publish"],"acf":[],"_links":{"self":[{"href":"https:\/\/christtheredeemertickets.com\/pt\/wp-json\/wp\/v2\/pages\/6","targetHints":{"allow":["GET"]}}],"collection":[{"href":"https:\/\/christtheredeemertickets.com\/pt\/wp-json\/wp\/v2\/pages"}],"about":[{"href":"https:\/\/christtheredeemertickets.com\/pt\/wp-json\/wp\/v2\/types\/page"}],"author":[{"embeddable":true,"href":"https:\/\/christtheredeemertickets.com\/pt\/wp-json\/wp\/v2\/users\/1"}],"replies":[{"embeddable":true,"href":"https:\/\/christtheredeemertickets.com\/pt\/wp-json\/wp\/v2\/comments?post=6"}],"version-history":[{"count":48,"href":"https:\/\/christtheredeemertickets.com\/pt\/wp-json\/wp\/v2\/pages\/6\/revisions"}],"predecessor-version":[{"id":410,"href":"https:\/\/christtheredeemertickets.com\/pt\/wp-json\/wp\/v2\/pages\/6\/revisions\/410"}],"wp:attachment":[{"href":"https:\/\/christtheredeemertickets.com\/pt\/wp-json\/wp\/v2\/media?parent=6"}],"wp:term":[{"taxonomy":"post_tag","embeddable":true,"href":"https:\/\/christtheredeemertickets.com\/pt\/wp-json\/wp\/v2\/tags?post=6"}],"curies":[{"name":"wp","href":"https:\/\/api.w.org\/{rel}","templated":true}]}}