{"id":3,"date":"2024-10-21T07:56:20","date_gmt":"2024-10-21T07:56:20","guid":{"rendered":"https:\/\/christtheredeemertickets.com\/pt\/?page_id=3"},"modified":"2024-11-10T13:31:04","modified_gmt":"2024-11-10T13:31:04","slug":"politica-de-privacidade","status":"publish","type":"page","link":"https:\/\/christtheredeemertickets.com\/pt\/politica-de-privacidade\/","title":{"rendered":"Pol\u00edtica de privacidade"},"content":{"rendered":"\n<p>Bem-vindo aos bilhetes para o Cristo Redentor, acess\u00edveis a partir de <a href=\"https:\/\/christtheredeemertickets.com\/\">https:\/\/christtheredeemertickets.com\/<\/a>. Na Christ the Redeemer Tickets, a sua privacidade \u00e9 uma prioridade. A presente Pol\u00edtica de Privacidade descreve os tipos de informa\u00e7\u00f5es recolhidas, processadas e geridas pelo nosso s\u00edtio e explica as nossas pr\u00e1ticas em mat\u00e9ria de dados relativos ao seguimento de filiais.<\/p>\n\n\n\n<p>Se tiver alguma d\u00favida sobre esta Pol\u00edtica de Privacidade, n\u00e3o hesite em contactar-nos.<\/p>\n\n\n\n<hr class=\"wp-block-separator has-alpha-channel-opacity\"\/>\n\n\n\n<h2 class=\"wp-block-heading\">Consentimento<\/h2>\n\n\n\n<p>Ao utilizar o nosso s\u00edtio Web, o utilizador concorda com a recolha, utiliza\u00e7\u00e3o e partilha de informa\u00e7\u00f5es, tal como descrito na presente Pol\u00edtica de Privacidade. Se n\u00e3o concordar, n\u00e3o utilize o nosso s\u00edtio Web.<\/p>\n\n\n\n<h2 class=\"wp-block-heading\">Informa\u00e7\u00f5es que recolhemos<\/h2>\n\n\n\n<h3 class=\"wp-block-heading\">Informa\u00e7\u00f5es n\u00e3o pessoais<\/h3>\n\n\n\n<p>A Christ the Redeemer Tickets n\u00e3o recolhe informa\u00e7\u00f5es de identifica\u00e7\u00e3o pessoal. No entanto, recolhemos dados n\u00e3o pessoais para fins anal\u00edticos e de rastreio de afiliados para melhorar a funcionalidade do s\u00edtio. Isto inclui:<\/p>\n\n\n\n<ul class=\"wp-block-list\">\n<li>Endere\u00e7o IP<\/li>\n\n\n\n<li>Tipo de navegador<\/li>\n\n\n\n<li>Fornecedor de servi\u00e7os Internet (ISP)<\/li>\n\n\n\n<li>Data e hora de acesso<\/li>\n\n\n\n<li>P\u00e1ginas de refer\u00eancia\/sa\u00edda<\/li>\n<\/ul>\n\n\n\n<p>Estes dados s\u00e3o registados pelo nosso fornecedor de alojamento como parte da an\u00e1lise padr\u00e3o da Web e ajudam-nos a compreender as tend\u00eancias dos utilizadores e o desempenho do s\u00edtio.<\/p>\n\n\n\n<h3 class=\"wp-block-heading\">Cookies e rastreio<\/h3>\n\n\n\n<p>O nosso s\u00edtio utiliza \u201ccookies&#8221; para melhorar a experi\u00eancia do utilizador e acompanhar as liga\u00e7\u00f5es de afiliados, permitindo-nos receber comiss\u00f5es de parceiros como GetYourGuide e Tiqets. Os cookies s\u00e3o pequenos ficheiros armazenados no seu dispositivo que ajudam a melhorar a funcionalidade do s\u00edtio. Ver a nossa Pol\u00edtica de Cookies para mais informa\u00e7\u00f5es sobre a gest\u00e3o de cookies.<\/p>\n\n\n\n<h2 class=\"wp-block-heading\">Utiliza\u00e7\u00e3o das informa\u00e7\u00f5es<\/h2>\n\n\n\n<p>Os dados recolhidos s\u00e3o utilizados para:<\/p>\n\n\n\n<ul class=\"wp-block-list\">\n<li>Operar e manter o s\u00edtio Web<\/li>\n\n\n\n<li>Analisar e melhorar a experi\u00eancia do utilizador<\/li>\n\n\n\n<li>Acompanhar as liga\u00e7\u00f5es de afiliados para efeitos de comiss\u00e3o<\/li>\n\n\n\n<li>Garantir a seguran\u00e7a do s\u00edtio<\/li>\n<\/ul>\n\n\n\n<p>A Christ the Redeemer Tickets n\u00e3o vende nem partilha as suas informa\u00e7\u00f5es com terceiros para fins de marketing.<\/p>\n\n\n\n<h2 class=\"wp-block-heading\">Liga\u00e7\u00f5es de afiliados e de terceiros<\/h2>\n\n\n\n<p>O nosso s\u00edtio cont\u00e9m liga\u00e7\u00f5es de afiliados a plataformas de terceiros, incluindo GetYourGuide e Tiqets, para lhe fornecer op\u00e7\u00f5es de compra de bilhetes. Ao clicar nestas hiperliga\u00e7\u00f5es, o utilizador pode ser direcionado para s\u00edtios Web de terceiros. Consulte as suas pol\u00edticas de privacidade para saber como tratam os seus dados:<\/p>\n\n\n\n<ul class=\"wp-block-list\">\n<li><a href=\"https:\/\/www.getyourguide.com\/privacy_policy?recommended_activities=&amp;deeplink_id=f44baf80-e05c-5554-81d9-bb8145990434&amp;page_id=fceae1cb-5d14-5858-ab4c-47ad1db1bd1c&amp;partner_id=JQVKNNW\" rel=\"nofollow noopener\" target=\"_blank\">Pol\u00edtica de privacidade da GetYourGuide<\/a><\/li>\n\n\n\n<li><a href=\"https:\/\/www.tiqets.com\/en\/privacy-policy\" rel=\"nofollow noopener\" target=\"_blank\">Pol\u00edtica de Privacidade da Tiqets<\/a><\/li>\n<\/ul>\n\n\n\n<p>N\u00e3o temos qualquer controlo sobre o conte\u00fado de terceiros ou sobre as suas pr\u00e1ticas de privacidade.<\/p>\n\n\n\n<h2 class=\"wp-block-heading\">Gest\u00e3o de cookies<\/h2>\n\n\n\n<p>Para obter informa\u00e7\u00f5es sobre os cookies utilizados no nosso s\u00edtio, como funcionam e como geri-los, consulte a nossa <a href=\"https:\/\/christtheredeemertickets.com\/pt\/politica-de-cookies\/\" data-type=\"page\" data-id=\"251\">Pol\u00edtica de Cookies<\/a>.<\/p>\n\n\n\n<h2 class=\"wp-block-heading\">Privacidade das crian\u00e7as<\/h2>\n\n\n\n<p>A Christ the Redeemer Tickets n\u00e3o recolhe intencionalmente informa\u00e7\u00f5es pessoais de crian\u00e7as com menos de 13 anos. Se tivermos conhecimento de que essas informa\u00e7\u00f5es foram recolhidas inadvertidamente, apag\u00e1-las-emos de imediato.<\/p>\n\n\n\n<h2 class=\"wp-block-heading\">Actualiza\u00e7\u00f5es a esta Pol\u00edtica de Privacidade<\/h2>\n\n\n\n<p>Podemos atualizar esta Pol\u00edtica de Privacidade periodicamente. Quaisquer altera\u00e7\u00f5es ser\u00e3o publicadas nesta p\u00e1gina, sendo a data de entrada em vigor actualizada em conformidade.<\/p>\n\n\n\n<h2 class=\"wp-block-heading\">Contactar-nos<\/h2>\n\n\n\n<p>Se tiver d\u00favidas sobre esta Pol\u00edtica de Privacidade, contacte-nos atrav\u00e9s de<\/p>\n\n\n\n<p>Correio eletr\u00f3nico: hello+legal@christtheredeemertickets.com<\/p>\n","protected":false},"excerpt":{"rendered":"<p>Bem-vindo aos bilhetes para o Cristo Redentor, acess\u00edveis a partir de https:\/\/christtheredeemertickets.com\/. Na Christ the Redeemer Tickets, a sua privacidade \u00e9 uma prioridade. A presente Pol\u00edtica de Privacidade descreve os tipos de informa\u00e7\u00f5es recolhidas, processadas e geridas pelo nosso s\u00edtio e explica as nossas pr\u00e1ticas em mat\u00e9ria de dados relativos ao seguimento de filiais. Se &#8230; <a title=\"Pol\u00edtica de privacidade\" class=\"read-more\" href=\"https:\/\/christtheredeemertickets.com\/pt\/politica-de-privacidade\/\" aria-label=\"Read more about Pol\u00edtica de privacidade\">Read more<\/a><\/p>\n","protected":false},"author":1,"featured_media":0,"parent":0,"menu_order":9,"comment_status":"closed","ping_status":"open","template":"","meta":{"_acf_changed":false,"footnotes":""},"tags":[],"class_list":["post-3","page","type-page","status-publish"],"acf":[],"_links":{"self":[{"href":"https:\/\/christtheredeemertickets.com\/pt\/wp-json\/wp\/v2\/pages\/3","targetHints":{"allow":["GET"]}}],"collection":[{"href":"https:\/\/christtheredeemertickets.com\/pt\/wp-json\/wp\/v2\/pages"}],"about":[{"href":"https:\/\/christtheredeemertickets.com\/pt\/wp-json\/wp\/v2\/types\/page"}],"author":[{"embeddable":true,"href":"https:\/\/christtheredeemertickets.com\/pt\/wp-json\/wp\/v2\/users\/1"}],"replies":[{"embeddable":true,"href":"https:\/\/christtheredeemertickets.com\/pt\/wp-json\/wp\/v2\/comments?post=3"}],"version-history":[{"count":5,"href":"https:\/\/christtheredeemertickets.com\/pt\/wp-json\/wp\/v2\/pages\/3\/revisions"}],"predecessor-version":[{"id":364,"href":"https:\/\/christtheredeemertickets.com\/pt\/wp-json\/wp\/v2\/pages\/3\/revisions\/364"}],"wp:attachment":[{"href":"https:\/\/christtheredeemertickets.com\/pt\/wp-json\/wp\/v2\/media?parent=3"}],"wp:term":[{"taxonomy":"post_tag","embeddable":true,"href":"https:\/\/christtheredeemertickets.com\/pt\/wp-json\/wp\/v2\/tags?post=3"}],"curies":[{"name":"wp","href":"https:\/\/api.w.org\/{rel}","templated":true}]}}