{"id":251,"date":"2024-11-01T08:40:42","date_gmt":"2024-11-01T08:40:42","guid":{"rendered":"https:\/\/christtheredeemertickets.com\/pt\/?page_id=251"},"modified":"2025-01-17T21:47:28","modified_gmt":"2025-01-17T20:47:28","slug":"politica-de-cookies","status":"publish","type":"page","link":"https:\/\/christtheredeemertickets.com\/pt\/politica-de-cookies\/","title":{"rendered":"Pol\u00edtica de cookies"},"content":{"rendered":"\n<p>Nos bilhetes para o Cristo Redentor, acess\u00edveis a partir de <a href=\"https:\/\/christtheredeemertickets.com\/pt\/\">https:\/\/christtheredeemertickets.com\/<\/a>, utilizamos cookies para melhorar a sua experi\u00eancia de navega\u00e7\u00e3o e seguir as liga\u00e7\u00f5es de afiliados aos nossos parceiros. Esta Pol\u00edtica de Cookies explica o que s\u00e3o cookies, como os utilizamos e as suas escolhas relativamente aos cookies.<\/p>\n\n\n\n<hr class=\"wp-block-separator has-alpha-channel-opacity\" \/>\n\n\n\n<h2 class=\"wp-block-heading\">O que s\u00e3o cookies?<\/h2>\n\n\n\n<p>Os cookies s\u00e3o pequenos ficheiros de texto armazenados no seu dispositivo pelo seu navegador Web. Ajudam os s\u00edtios Web a recordar as prefer\u00eancias do utilizador, a melhorar a funcionalidade e a acompanhar o desempenho do s\u00edtio Web. Os cookies tamb\u00e9m apoiam os programas de afiliados, acompanhando as compras efectuadas atrav\u00e9s das liga\u00e7\u00f5es dos nossos parceiros, o que nos permite ganhar comiss\u00f5es.<\/p>\n\n\n\n<h3 class=\"wp-block-heading\">Tipos de cookies que utilizamos<\/h3>\n\n\n\n<ol class=\"wp-block-list\">\n<li><strong>Cookies essenciais: <\/strong>Estes cookies s\u00e3o necess\u00e1rios para que o s\u00edtio Web funcione corretamente. Permitem-lhe navegar no nosso s\u00edtio e utilizar as suas funcionalidades, como aceder a \u00e1reas seguras.<\/li>\n\n\n\n<li><strong>Cookies de desempenho e an\u00e1lise: <\/strong>Estes cookies recolhem dados an\u00f3nimos para nos ajudar a compreender como os visitantes interagem com o nosso s\u00edtio. Utilizamos estas informa\u00e7\u00f5es para melhorar o nosso s\u00edtio Web e a experi\u00eancia do utilizador.<\/li>\n\n\n\n<li><strong>Cookies de rastreamento de afiliados: <\/strong>O Christ the Redeemer Tickets faz parte de programas de afiliados, como <strong>GetYourGuide<\/strong> e <strong>Tiqets<\/strong>. Os cookies de rastreio de afiliados s\u00e3o definidos quando o utilizador clica em liga\u00e7\u00f5es de afiliados, permitindo-nos ganhar comiss\u00f5es se o utilizador efetuar uma compra.<\/li>\n<\/ol>\n\n\n\n<h3 class=\"wp-block-heading\">Cookies de terceiros<\/h3>\n\n\n\n<p>Os nossos parceiros podem colocar cookies no seu dispositivo para acompanhar a sua intera\u00e7\u00e3o com as respectivas plataformas. Para mais informa\u00e7\u00f5es, consulte as respectivas pol\u00edticas de privacidade:<\/p>\n\n\n\n<ul class=\"wp-block-list\">\n<li>Pol\u00edtica de privacidade da GetYourGuide<\/li>\n\n\n\n<li>Pol\u00edtica de Privacidade da Tiqets<\/li>\n<\/ul>\n\n\n\n<h2 class=\"wp-block-heading\">Gerir cookies<\/h2>\n\n\n\n<p>Pode controlar ou eliminar os cookies com base nas suas prefer\u00eancias. A maioria dos browsers permite-lhe gerir os cookies atrav\u00e9s das suas defini\u00e7\u00f5es:<\/p>\n\n\n\n<ul class=\"wp-block-list\">\n<li><strong>Google Chrome:<\/strong> Ajuda do Chrome<\/li>\n\n\n\n<li><strong>Mozilla Firefox:<\/strong> Ajuda do Firefox<\/li>\n\n\n\n<li><strong>Safari (Apple):<\/strong> Ajuda do Safari<\/li>\n\n\n\n<li><strong>Microsoft Edge:<\/strong> Ajuda do Edge<\/li>\n<\/ul>\n\n\n\n<p>A desativa\u00e7\u00e3o dos cookies pode afetar a funcionalidade do nosso s\u00edtio Web e alguns servi\u00e7os ou carater\u00edsticas podem n\u00e3o estar dispon\u00edveis.<\/p>\n\n\n\n<h2 class=\"wp-block-heading\">Actualiza\u00e7\u00f5es a esta Pol\u00edtica de Cookies<\/h2>\n\n\n\n<p>Podemos atualizar esta Pol\u00edtica de Cookies para refletir altera\u00e7\u00f5es nos regulamentos ou na funcionalidade do s\u00edtio. Quaisquer altera\u00e7\u00f5es ser\u00e3o publicadas nesta p\u00e1gina, com uma data de entrada em vigor actualizada.<\/p>\n\n\n\n<p>Para mais informa\u00e7\u00f5es, n\u00e3o hesite em contactar-nos atrav\u00e9s do endere\u00e7o hello+legal@christtheredeemertickets.com.<\/p>\n\n\n\n<p><\/p>\n","protected":false},"excerpt":{"rendered":"<p>Nos bilhetes para o Cristo Redentor, acess\u00edveis a partir de https:\/\/christtheredeemertickets.com\/, utilizamos cookies para melhorar a sua experi\u00eancia de navega\u00e7\u00e3o e seguir as liga\u00e7\u00f5es de afiliados aos nossos parceiros. Esta Pol\u00edtica de Cookies explica o que s\u00e3o cookies, como os utilizamos e as suas escolhas relativamente aos cookies. O que s\u00e3o cookies? Os cookies s\u00e3o &#8230; <a title=\"Pol\u00edtica de cookies\" class=\"read-more\" href=\"https:\/\/christtheredeemertickets.com\/pt\/politica-de-cookies\/\" aria-label=\"Read more about Pol\u00edtica de cookies\">Read more<\/a><\/p>\n","protected":false},"author":1,"featured_media":0,"parent":0,"menu_order":11,"comment_status":"closed","ping_status":"closed","template":"","meta":{"_acf_changed":false,"footnotes":""},"tags":[],"class_list":["post-251","page","type-page","status-publish"],"acf":[],"_links":{"self":[{"href":"https:\/\/christtheredeemertickets.com\/pt\/wp-json\/wp\/v2\/pages\/251","targetHints":{"allow":["GET"]}}],"collection":[{"href":"https:\/\/christtheredeemertickets.com\/pt\/wp-json\/wp\/v2\/pages"}],"about":[{"href":"https:\/\/christtheredeemertickets.com\/pt\/wp-json\/wp\/v2\/types\/page"}],"author":[{"embeddable":true,"href":"https:\/\/christtheredeemertickets.com\/pt\/wp-json\/wp\/v2\/users\/1"}],"replies":[{"embeddable":true,"href":"https:\/\/christtheredeemertickets.com\/pt\/wp-json\/wp\/v2\/comments?post=251"}],"version-history":[{"count":7,"href":"https:\/\/christtheredeemertickets.com\/pt\/wp-json\/wp\/v2\/pages\/251\/revisions"}],"predecessor-version":[{"id":415,"href":"https:\/\/christtheredeemertickets.com\/pt\/wp-json\/wp\/v2\/pages\/251\/revisions\/415"}],"wp:attachment":[{"href":"https:\/\/christtheredeemertickets.com\/pt\/wp-json\/wp\/v2\/media?parent=251"}],"wp:term":[{"taxonomy":"post_tag","embeddable":true,"href":"https:\/\/christtheredeemertickets.com\/pt\/wp-json\/wp\/v2\/tags?post=251"}],"curies":[{"name":"wp","href":"https:\/\/api.w.org\/{rel}","templated":true}]}}