{"id":190,"date":"2024-10-31T18:54:03","date_gmt":"2024-10-31T18:54:03","guid":{"rendered":"https:\/\/christtheredeemertickets.com\/pt\/?page_id=190"},"modified":"2025-02-16T15:14:19","modified_gmt":"2025-02-16T14:14:19","slug":"passeios","status":"publish","type":"page","link":"https:\/\/christtheredeemertickets.com\/pt\/passeios\/","title":{"rendered":"Passeios no Cristo Redentor"},"content":{"rendered":"\n<p>Se est\u00e1 a planear uma viagem ao Rio de Janeiro, h\u00e1 uma experi\u00eancia que se destaca das restantes &#8211; literalmente. O Cristo Redentor, a est\u00e1tua ic\u00f3nica que coroa o Corcovado, \u00e9 mais do que um monumento, \u00e9 um espet\u00e1culo inesquec\u00edvel que personifica o esp\u00edrito do Brasil.<\/p>\n\n\n\n<p>Quer seja um aficionado por hist\u00f3ria, um entusiasta da fotografia ou esteja apenas \u00e0 procura do momento perfeito para o Instagram, uma visita guiada enriquece a sua visita com hist\u00f3rias e ideias que, de outra forma, poderia perder.<\/p>\n\n\n\n<figure class=\"gb-block-image gb-block-image-8ad63314\"><img loading=\"lazy\" decoding=\"async\" width=\"1920\" height=\"1080\" class=\"gb-image gb-image-8ad63314\" src=\"https:\/\/christtheredeemertickets.com\/wp-content\/uploads\/2024\/10\/f-tourist-taking-photo-at-christ-the-redeemer-statue.jpg\" alt=\"\" title=\"f-tourist-taking-photo-at-christ-the-redeemer-statue\" srcset=\"https:\/\/christtheredeemertickets.com\/pt\/wp-content\/uploads\/2024\/10\/f-tourist-taking-photo-at-christ-the-redeemer-statue.jpg 1920w, https:\/\/christtheredeemertickets.com\/pt\/wp-content\/uploads\/2024\/10\/f-tourist-taking-photo-at-christ-the-redeemer-statue-300x169.jpg 300w, https:\/\/christtheredeemertickets.com\/pt\/wp-content\/uploads\/2024\/10\/f-tourist-taking-photo-at-christ-the-redeemer-statue-1024x576.jpg 1024w, https:\/\/christtheredeemertickets.com\/pt\/wp-content\/uploads\/2024\/10\/f-tourist-taking-photo-at-christ-the-redeemer-statue-768x432.jpg 768w, https:\/\/christtheredeemertickets.com\/pt\/wp-content\/uploads\/2024\/10\/f-tourist-taking-photo-at-christ-the-redeemer-statue-1536x864.jpg 1536w\" sizes=\"auto, (max-width: 1920px) 100vw, 1920px\" \/><\/figure>\n\n\n\n<p><\/p>\n\n\n\n<h2 class=\"wp-block-heading\">Cristo Redentor Tours e Pre\u00e7os<\/h2>\n\n\n\n<ul class=\"wp-block-list\">\n<li><strong><a href=\"https:\/\/www.getyourguide.com\/rio-de-janeiro-l9\/rio-5-hour-christ-the-redeemer-and-sugarloaf-express-tour-t388302\/?partner_id=JQVKNNW&amp;utm_medium=online_publisher&amp;cmp=ctrt_pt\" target=\"_blank\" rel=\"noreferrer noopener sponsored nofollow\">Tour Expresso de 5 horas pelo Cristo Redentor e P\u00e3o de A\u00e7\u00facar: <\/a><\/strong>Um passeio guiado de 5 horas visitando o Cristo Redentor e o P\u00e3o de A\u00e7\u00facar, incluindo transporte e um guia profissional. A partir de 75 euros.<\/li>\n\n\n\n<li><strong><a href=\"https:\/\/www.getyourguide.com\/rio-de-janeiro-l9\/rio-de-janeiro-half-day-christ-the-redeemer-and-city-tour-t388313\/?partner_id=JQVKNNW&amp;utm_medium=online_publisher&amp;cmp=ctrt_pt\" target=\"_blank\" rel=\"noreferrer noopener sponsored nofollow\">Meio dia no Cristo Redentor e City Tour:<\/a><\/strong> Um passeio de meio dia visitando o Cristo Redentor e pontos tur\u00edsticos ic\u00f4nicos do Rio com um guia. A partir de 45 euros.<\/li>\n\n\n\n<li><strong><a href=\"https:\/\/www.getyourguide.com\/rio-de-janeiro-l9\/rio-de-janeiro-christ-the-redeemer-hike-t839523\/?partner_id=JQVKNNW&amp;utm_medium=online_publisher&amp;cmp=ctrt_pt\" target=\"_blank\" rel=\"noreferrer noopener sponsored nofollow\">Caminhada no Cristo Redentor:<\/a><\/strong> Embarque em uma caminhada guiada pelo Parque Lage at\u00e9 a est\u00e1tua do Cristo Redentor, passando por cachoeiras e riachos, e desfrute de vistas panor\u00e2micas das praias e da paisagem urbana do Rio de Janeiro. A partir de 59 euros.38.<\/li>\n\n\n\n<li><strong><a href=\"https:\/\/www.getyourguide.com\/rio-de-janeiro-l9\/christ-the-redeemer-cog-train-ticket-t161850\/?partner_id=JQVKNNW&amp;utm_medium=online_publisher&amp;cmp=ctrt_pt\" target=\"_blank\" rel=\"noreferrer noopener sponsored nofollow\">Passeio ao Cristo Redentor e Floresta da Tijuca:<\/a><\/strong> Uma visita guiada que inclui um passeio de comboio pela Floresta da Tijuca at\u00e9 \u00e0 est\u00e1tua do Cristo Redentor, oferecendo vistas panor\u00e2micas do Rio de Janeiro. A partir de 144 euros.00.<\/li>\n\n\n\n<li><strong><a href=\"https:\/\/www.getyourguide.com\/rio-de-janeiro-l9\/from-rio-christ-the-redeemer-by-train-and-sugarloaf-t504535\/?partner_id=JQVKNNW&amp;utm_medium=online_publisher&amp;cmp=ctrt_pt\" target=\"_blank\" rel=\"noreferrer noopener sponsored nofollow\">Tour Combo Cristo Redentor de Trem e P\u00e3o de A\u00e7\u00facar:<\/a><\/strong> Uma visita guiada com um passeio de comboio pela Floresta da Tijuca at\u00e9 \u00e0 est\u00e1tua do Cristo Redentor, seguido de uma subida de telef\u00e9rico ao P\u00e3o de A\u00e7\u00facar, que oferece vistas panor\u00e2micas do Rio de Janeiro. A partir de 141 euros.73.<\/li>\n<\/ul>\n\n\n\n<p><strong><a href=\"https:\/\/www.getyourguide.com\/christ-the-redeemer-rio-de-janeiro-l3784\/?date_from=2024-11-03&amp;date_to=2024-11-03&amp;partner_id=JQVKNNW&amp;utm_medium=online_publisher&amp;recommended_activities=&amp;deeplink_id=9f886e14-5c08-58c6-b186-e6f4a5237a8a&amp;page_id=a0639dae-caf9-575c-ae6c-974e3eb6641e\" target=\"_blank\" rel=\"noreferrer noopener sponsored nofollow\">Verificar todas as excurs\u00f5es dispon\u00edveis!<\/a><\/strong><\/p>\n\n\n\n<h2 class=\"wp-block-heading\">O que esperar de uma excurs\u00e3o ao Cristo Redentor<\/h2>\n\n\n\n<p>Um passeio pelo Cristo Redentor oferece formas \u00fanicas de explorar um dos marcos mais emblem\u00e1ticos do mundo.<\/p>\n\n\n\n<h3 class=\"wp-block-heading\">Chegar ao cume do Corcovado<\/h3>\n\n\n\n<p>A sua viagem a um dos marcos mais emblem\u00e1ticos do mundo, o Cristo Redentor, come\u00e7a com a subida ao cume do Monte Corcovado. Existem algumas op\u00e7\u00f5es encantadoras para a subida.<\/p>\n\n\n\n<p>Uma escolha popular \u00e9 o passeio de comboio panor\u00e2mico no Corcovado, uma viagem atrav\u00e9s do verdejante Parque Nacional da Tijuca. O ritmo suave do comboio e o balan\u00e7o \u00e0 medida que se sobe pela floresta \u00e9 quase m\u00e1gico.<\/p>\n\n\n\n<p>Em alternativa, considere o servi\u00e7o de transporte, que oferece uma perspetiva ligeiramente diferente, mas igualmente deslumbrante, atrav\u00e9s da floresta. Seja qual for o percurso escolhido, a viagem em si \u00e9 um prel\u00fadio para a experi\u00eancia inspiradora que o espera no topo.<\/p>\n\n\n\n<p><strong><a href=\"https:\/\/christtheredeemertickets.com\/pt\/bilhetes\/\">Quer explorar por si pr\u00f3prio? Reservar bilhetes oficiais sem ficheiros.<\/a><\/strong><\/p>\n\n\n\n<h3 class=\"wp-block-heading\">Experi\u00eancia guiada e coment\u00e1rios<\/h3>\n\n\n\n<p>No cume, uma visita guiada melhora verdadeiramente a experi\u00eancia. J\u00e1 se interrogou sobre a <a href=\"https:\/\/christtheredeemertickets.com\/pt\/historia\/\">hist\u00f3ria e o simbolismo<\/a> do Cristo Redentor? Os guias n\u00e3o est\u00e3o l\u00e1 apenas para apontar as coisas &#8211; eles s\u00e3o contadores de hist\u00f3rias, tecendo juntos percep\u00e7\u00f5es <a href=\"https:\/\/christtheredeemertickets.com\/pt\/factos\/\">culturais e anedotas fascinantes<\/a>. Poder\u00e1 ficar a saber como foi constru\u00edda a est\u00e1tua ou ouvir hist\u00f3rias dos trabalhadores que dedicaram anos a dar vida a esta obra-prima.<\/p>\n\n\n\n<p>N\u00e3o hesite em fazer perguntas! Os guias partilham frequentemente hist\u00f3rias pessoais que acrescentam uma camada \u00edntima e memor\u00e1vel \u00e0 visita.<\/p>\n\n\n\n<h3 class=\"wp-block-heading\">Tempo livre e explora\u00e7\u00e3o<\/h3>\n\n\n\n<p>Ap\u00f3s a visita guiada, ter\u00e1 algum tempo livre para explorar. Esta \u00e9 a sua oportunidade de tirar a fotografia perfeita, apreciar as vistas ou simplesmente absorver a atmosfera. Se a sua excurs\u00e3o incluir outras atrac\u00e7\u00f5es pr\u00f3ximas, como o P\u00e3o de A\u00e7\u00facar, ter\u00e1 ainda mais vistas deslumbrantes para apreciar.<\/p>\n\n\n\n<h2 class=\"wp-block-heading\">Dicas para escolher a excurs\u00e3o certa<\/h2>\n\n\n\n<p>Veja como encontrar a excurs\u00e3o perfeita para o Cristo Redentor de acordo com o seu hor\u00e1rio, interesses e or\u00e7amento.<\/p>\n\n\n\n<h3 class=\"wp-block-heading\">Considere o seu or\u00e7amento<\/h3>\n\n\n\n<p>Ao planear a sua visita, o or\u00e7amento \u00e9 uma considera\u00e7\u00e3o importante. As op\u00e7\u00f5es v\u00e3o desde experi\u00eancias de grupo a escolhas mais personalizadas. Pense nos aspectos da visita que mais lhe interessam e explore op\u00e7\u00f5es que possam incluir v\u00e1rias atrac\u00e7\u00f5es para obter um valor acrescentado.<\/p>\n\n\n\n<h3 class=\"wp-block-heading\">Ver a dura\u00e7\u00e3o e o itiner\u00e1rio da viagem<\/h3>\n\n\n\n<p>O tempo \u00e9 valioso, especialmente numa cidade t\u00e3o vibrante como o Rio. As op\u00e7\u00f5es de dia inteiro permitem-lhe deslocar-se a um ritmo calmo, saboreando cada paragem, enquanto as experi\u00eancias de meio dia s\u00e3o perfeitas para uma visita r\u00e1pida mas memor\u00e1vel.<\/p>\n\n\n\n<h3 class=\"wp-block-heading\">Ler coment\u00e1rios e classifica\u00e7\u00f5es de guias<\/h3>\n\n\n\n<p>Antes de reservar, reserve um momento para ler os coment\u00e1rios e as classifica\u00e7\u00f5es dos guias. Os relatos em primeira m\u00e3o podem dar-lhe uma espreitadela \u00e0 experi\u00eancia. \u00c9 como ouvir de um amigo que j\u00e1 l\u00e1 esteve, oferecendo-lhe uma informa\u00e7\u00e3o privilegiada.<\/p>\n\n\n\n<p><strong><a href=\"https:\/\/www.getyourguide.com\/christ-the-redeemer-rio-de-janeiro-l3784\/?date_from=2024-11-03&amp;date_to=2024-11-03&amp;partner_id=JQVKNNW&amp;utm_medium=online_publisher&amp;recommended_activities=&amp;deeplink_id=9f886e14-5c08-58c6-b186-e6f4a5237a8a&amp;page_id=a0639dae-caf9-575c-ae6c-974e3eb6641e&amp;partner_id=JQVKNNW&amp;utm_medium=online_publisher&amp;cmp=ctrt_pt\" target=\"_blank\" rel=\"noreferrer noopener sponsored nofollow\">Ler coment\u00e1rios -&gt;<\/a><\/strong><\/p>\n\n\n\n<h2 class=\"wp-block-heading\">Conselhos pr\u00e1ticos para uma experi\u00eancia de viagem tranquila<\/h2>\n\n\n\n<p>Aproveite ao m\u00e1ximo a sua visita ao Cristo Redentor com estas dicas simples para uma aventura sem complica\u00e7\u00f5es.<\/p>\n\n\n\n<h3 class=\"wp-block-heading\">Reservar com anteced\u00eancia<\/h3>\n\n\n\n<p>Para o Cristo Redentor, \u00e9 aconselh\u00e1vel planear com anteced\u00eancia, uma vez que as visitas podem esgotar rapidamente, especialmente durante as \u00e9pocas altas. Reservar com anteced\u00eancia ajuda-o a evitar a correria de \u00faltima hora. Se preferir a espontaneidade, considere a possibilidade de escolher as faixas hor\u00e1rias da manh\u00e3 ou do fim da tarde, que s\u00e3o frequentemente menos concorridas.<\/p>\n\n\n\n<h3 class=\"wp-block-heading\">O que levar e vestir<\/h3>\n\n\n\n<p>Fazer as malas para o Cristo Redentor \u00e9 t\u00e3o importante como <a href=\"https:\/\/christtheredeemertickets.com\/pt\/visita\/\">planear a sua visita<\/a>. Os elementos essenciais incluem protetor solar, \u00e1gua e cal\u00e7ado confort\u00e1vel, uma vez que os caminhos podem ser \u00edngremes. Vista-se com roupas leves e arejadas, adequadas ao clima quente do Rio, mas traga um casaco leve para as altitudes mais elevadas, onde pode ficar surpreendentemente frio.<\/p>\n\n\n\n<p>Os habitantes locais chamam-lhe &#8220;estilo carioca&#8221;-vestir-se de forma confort\u00e1vel e pr\u00e1tica. N\u00e3o te esque\u00e7as do casaco para o cimo da montanha!<\/p>\n\n\n\n<h3 class=\"wp-block-heading\">Melhores alturas para visitar para menos multid\u00f5es<\/h3>\n\n\n\n<p>As multid\u00f5es podem fazer ou desfazer a sua visita. Para uma experi\u00eancia mais tranquila, opte por excurs\u00f5es de manh\u00e3 cedo ou durante a semana. O ambiente \u00e9 mais calmo e ter\u00e1 mais tempo para saborear as vistas.<\/p>\n\n\n\n<p>Sugest\u00e3o: Para vistas deslumbrantes, considere o nascer ou o p\u00f4r do sol. A ilumina\u00e7\u00e3o cria cen\u00e1rios incr\u00edveis para fotografias. Combine-o com o P\u00e3o de A\u00e7\u00facar para um dia inesquec\u00edvel.<\/p>\n\n\n\n<hr class=\"wp-block-separator has-alpha-channel-opacity\"\/>\n\n\n\n<p>Cada tipo de passeio ao Cristo Redentor oferece uma maneira \u00fanica de apreciar a grandeza, a hist\u00f3ria e o significado cultural da est\u00e1tua. Quer prefira uma experi\u00eancia guiada para se aprofundar nos pormenores arquitect\u00f3nicos ou uma viagem mais descontra\u00edda e panor\u00e2mica que lhe permita apreciar as vistas, h\u00e1 uma visita que se adequa a cada estilo de viagem.<\/p>\n\n\n\n<p><\/p>\n\n\n\n<div data-gyg-href=\"https:\/\/widget.getyourguide.com\/default\/activities.frame\" data-gyg-locale-code=\"pt-PT\" data-gyg-widget=\"activities\" data-gyg-number-of-items=\"6\" data-gyg-cmp=\"ctrt_pt\" data-gyg-partner-id=\"JQVKNNW\" data-gyg-q=\"christ the redeemer\"><span>Powered by <a target=\"_blank\" rel=\"sponsored nofollow noopener\" href=\"https:\/\/www.getyourguide.com\/christ-the-redeemer-rio-de-janeiro-l3784\/\">GetYourGuide<\/a><\/span><\/div>\n","protected":false},"excerpt":{"rendered":"<p>Se est\u00e1 a planear uma viagem ao Rio de Janeiro, h\u00e1 uma experi\u00eancia que se destaca das restantes &#8211; literalmente. O Cristo Redentor, a est\u00e1tua ic\u00f3nica que coroa o Corcovado, \u00e9 mais do que um monumento, \u00e9 um espet\u00e1culo inesquec\u00edvel que personifica o esp\u00edrito do Brasil. Quer seja um aficionado por hist\u00f3ria, um entusiasta da &#8230; <a title=\"Passeios no Cristo Redentor\" class=\"read-more\" href=\"https:\/\/christtheredeemertickets.com\/pt\/passeios\/\" aria-label=\"Read more about Passeios no Cristo Redentor\">Read more<\/a><\/p>\n","protected":false},"author":1,"featured_media":0,"parent":0,"menu_order":2,"comment_status":"closed","ping_status":"closed","template":"","meta":{"_acf_changed":false,"footnotes":""},"tags":[],"class_list":["post-190","page","type-page","status-publish"],"acf":[],"_links":{"self":[{"href":"https:\/\/christtheredeemertickets.com\/pt\/wp-json\/wp\/v2\/pages\/190","targetHints":{"allow":["GET"]}}],"collection":[{"href":"https:\/\/christtheredeemertickets.com\/pt\/wp-json\/wp\/v2\/pages"}],"about":[{"href":"https:\/\/christtheredeemertickets.com\/pt\/wp-json\/wp\/v2\/types\/page"}],"author":[{"embeddable":true,"href":"https:\/\/christtheredeemertickets.com\/pt\/wp-json\/wp\/v2\/users\/1"}],"replies":[{"embeddable":true,"href":"https:\/\/christtheredeemertickets.com\/pt\/wp-json\/wp\/v2\/comments?post=190"}],"version-history":[{"count":14,"href":"https:\/\/christtheredeemertickets.com\/pt\/wp-json\/wp\/v2\/pages\/190\/revisions"}],"predecessor-version":[{"id":428,"href":"https:\/\/christtheredeemertickets.com\/pt\/wp-json\/wp\/v2\/pages\/190\/revisions\/428"}],"wp:attachment":[{"href":"https:\/\/christtheredeemertickets.com\/pt\/wp-json\/wp\/v2\/media?parent=190"}],"wp:term":[{"taxonomy":"post_tag","embeddable":true,"href":"https:\/\/christtheredeemertickets.com\/pt\/wp-json\/wp\/v2\/tags?post=190"}],"curies":[{"name":"wp","href":"https:\/\/api.w.org\/{rel}","templated":true}]}}