{"id":188,"date":"2024-10-30T14:22:41","date_gmt":"2024-10-30T14:22:41","guid":{"rendered":"https:\/\/christtheredeemertickets.com\/pt\/?page_id=188"},"modified":"2025-11-13T18:46:12","modified_gmt":"2025-11-13T17:46:12","slug":"bilhetes","status":"publish","type":"page","link":"https:\/\/christtheredeemertickets.com\/pt\/bilhetes\/","title":{"rendered":"Bilhetes Cristo Redentor"},"content":{"rendered":"\n<p>Explore duas op\u00e7\u00f5es convenientes de bilhetes para a sua visita ao Cristo Redentor. Escolha entre a cl\u00e1ssica viagem de Cog Train at\u00e9 ao cume, ou experimente o melhor do Rio com o Bilhete Essencial, que inclui o Cristo Redentor e o P\u00e3o de A\u00e7\u00facar.<\/p>\n\n\n<div class=\"gb-container gb-container-287b597f\">\n<div class=\"gb-container gb-container-033fb949\">\n\n<h3 class=\"gb-headline gb-headline-077ce2b0 gb-headline-text\"><strong>Bilhetes para o Cristo Redentor<\/strong><\/h3>\n\n\n\n<p>Os bilhetes para o Rio esgotam rapidamente. Recomendamos reservar online o mais cedo poss\u00edvel. Aqui est\u00e1 uma vis\u00e3o geral das diferentes op\u00e7\u00f5es de bilhetes:<\/p>\n\n\n\n<p><a href=\"https:\/\/www.getyourguide.com\/rio-de-janeiro-l9\/christ-the-redeemer-cog-train-ticket-t161850\/?partner_id=JQVKNNW&amp;utm_medium=online_publisher&amp;cmp=ctrt_pt\" rel=\"nofollow noopener\" target=\"_blank\"><strong>Bilhete de Entrada pelo Trem do Corcovado (mais vendido):<\/strong><br><\/a>Fa\u00e7a uma viagem panor\u00e2mica de trem pela Floresta da Tijuca at\u00e9 o monumento mais ic\u00f3nico do Brasil. Desfrute de vistas impressionantes do Rio a partir da base desta Maravilha Moderna do Mundo.<\/p>\n\n\n\n<p><a href=\"https:\/\/www.getyourguide.com\/rio-de-janeiro-l9\/christ-the-redeemer-cog-train-ticket-t161850\/?partner_id=JQVKNNW&amp;utm_medium=online_publisher&amp;cmp=ctrt_pt\" rel=\"nofollow noopener\" target=\"_blank\"><strong>Tour de 6 Paradas com Almo\u00e7o (excurs\u00e3o n.\u00ba 1 mais bem avaliada):<\/strong><br><\/a>A experi\u00eancia completa do Rio, com visitas a todas as principais atra\u00e7\u00f5es, incluindo o Est\u00e1dio do Maracan\u00e3 e o Samb\u00f3dromo. Inclui um delicioso buffet brasileiro e guias especializados multil\u00edngues.<\/p>\n\n\n\n<p><a href=\"https:\/\/www.getyourguide.com\/rio-de-janeiro-l9\/rio-half-day-with-christ-selaron-steps-sugarloaf-sunset-t115578\/?partner_id=JQVKNNW&amp;utm_medium=online_publisher&amp;cmp=ctrt_pt\" rel=\"nofollow noopener\" target=\"_blank\"><strong>Cristo Redentor, Escadaria Selar\u00f3n &amp; P\u00f4r do Sol no P\u00e3o de A\u00e7\u00facar:<\/strong><br><\/a>Aprecie o p\u00f4r do sol m\u00e1gico no P\u00e3o de A\u00e7\u00facar depois de visitar o Cristo Redentor e a colorida Escadaria Selar\u00f3n. Este tour de 6 horas inclui transporte desde o hotel e guia profissional.<\/p>\n\n\n\n<p><em><strong>(Todos os bilhetes incluem acesso ao Cristo Redentor)<\/strong><\/em><\/p>\n\n\n\n<p>Recomendamos reservar atrav\u00e9s da <a href=\"https:\/\/www.getyourguide.com\/rio-de-janeiro-l9\/christ-the-redeemer-cog-train-ticket-t161850\/?partner_id=JQVKNNW&amp;utm_medium=online_publisher&amp;cmp=ctrt_pt\" rel=\"nofollow noopener\" target=\"_blank\">GetYourGuide<\/a> ou da <a href=\"https:\/\/www.tiqets.com\/pt\/christ-the-redeemer-tickets-l155843\/?partner=christtheredeemertickets\" data-type=\"link\" data-id=\"https:\/\/www.tiqets.com\/pt\/christ-the-redeemer-tickets-l155843\/?partner=christtheredeemertickets\" rel=\"nofollow noopener\" target=\"_blank\">Tiqets<\/a> para aumentar as suas hip\u00f3teses de encontrar bilhetes para as datas desejadas.<\/p>\n\n\n<div class=\"gb-grid-wrapper gb-grid-wrapper-e08e6e8d\">\n<div class=\"gb-grid-column gb-grid-column-24e01887\"><div class=\"gb-container gb-container-24e01887\">\n\n<a class=\"gb-button gb-button-f684101e gb-button-text\" href=\"https:\/\/www.getyourguide.com\/rio-de-janeiro-l9\/christ-the-redeemer-cog-train-ticket-t161850\/?partner_id=JQVKNNW&amp;utm_medium=online_publisher&amp;cmp=ctrt_pt\" rel=\"nofollow noopener\" target=\"_blank\"><strong>Bilhete de entrada<\/strong><\/a>\n\n<\/div><\/div>\n\n<div class=\"gb-grid-column gb-grid-column-e27538ad\"><div class=\"gb-container gb-container-e27538ad\">\n\n<a class=\"gb-button gb-button-cdb5c8d7 gb-button-text\" href=\"https:\/\/www.getyourguide.com\/christ-the-redeemer-rio-de-janeiro-l3784\/?partner_id=JQVKNNW&amp;utm_medium=online_publisher&amp;cmp=ctrt_pt\" rel=\"nofollow noopener\" target=\"_blank\"><strong>Todas as op\u00e7\u00f5es de bilhetes<\/strong><\/a>\n\n<\/div><\/div>\n<\/div>\n<\/div>\n<\/div>\n\n\n<figure class=\"gb-block-image gb-block-image-4df678bd\"><img loading=\"lazy\" decoding=\"async\" width=\"1920\" height=\"1080\" class=\"gb-image gb-image-4df678bd\" src=\"https:\/\/christtheredeemertickets.com\/wp-content\/uploads\/2024\/10\/f-christ-the-redeemer-tickets.jpg\" alt=\"Aerial view of the Christ the Redeemer statue in Rio de Janeiro, overlooking the city and ocean with buildings and mountains in the background.\" srcset=\"https:\/\/christtheredeemertickets.com\/pt\/wp-content\/uploads\/2024\/10\/f-christ-the-redeemer-tickets.jpg 1920w, https:\/\/christtheredeemertickets.com\/pt\/wp-content\/uploads\/2024\/10\/f-christ-the-redeemer-tickets-300x169.jpg 300w, https:\/\/christtheredeemertickets.com\/pt\/wp-content\/uploads\/2024\/10\/f-christ-the-redeemer-tickets-1024x576.jpg 1024w, https:\/\/christtheredeemertickets.com\/pt\/wp-content\/uploads\/2024\/10\/f-christ-the-redeemer-tickets-768x432.jpg 768w, https:\/\/christtheredeemertickets.com\/pt\/wp-content\/uploads\/2024\/10\/f-christ-the-redeemer-tickets-1536x864.jpg 1536w\" sizes=\"auto, (max-width: 1920px) 100vw, 1920px\" \/><\/figure>\n\n\n\n<p><\/p>\n\n\n\n<h2 class=\"gb-headline gb-headline-3db96c2f gb-headline-text\">Op\u00e7\u00f5es de ingressos para o Cristo Redentor<\/h2>\n\n\n\n<p>Escolha as melhores op\u00e7\u00f5es de bilhetes <a href=\"https:\/\/christtheredeemertickets.com\/pt\/visita\/\">para a sua visita<\/a>, quer esteja \u00e0 procura de um passeio panor\u00e2mico de comboio pela Floresta da Tijuca ou de uma experi\u00eancia completa que inclua o P\u00e3o de A\u00e7\u00facar.<\/p>\n\n\n\n<h3 class=\"gb-headline gb-headline-a5da4ede gb-headline-text\"><a href=\"https:\/\/www.getyourguide.com\/rio-de-janeiro-l9\/christ-the-redeemer-cog-train-ticket-t161850\/?partner_id=JQVKNNW&amp;utm_medium=online_publisher&amp;recommended_activities=161850%2C234727%2C388272%2C115578%2C65229&amp;deeplink_id=386f4155-b350-561e-a4e7-04520f46fa41&amp;page_id=33efcff9-3dbf-5556-a4ba-7ec84b670a4f\" target=\"_blank\" rel=\"noreferrer noopener sponsored nofollow\">Bilhete oficial do comboio do Cristo Redentor<\/a><\/h3>\n\n\n\n<p>Desfrute de uma viagem panor\u00e2mica no hist\u00f3rico Cog Train que atravessa a exuberante Floresta da Tijuca, levando-o diretamente \u00e0 base do Cristo Redentor. Este bilhete proporciona uma experi\u00eancia cl\u00e1ssica e envolvente, perfeita para os viajantes que procuram mergulhar na natureza circundante e chegar \u00e0 est\u00e1tua com conforto.<\/p>\n\n\n\n<p><strong>Destaques:<\/strong><\/p>\n\n\n\n<ul class=\"wp-block-list\">\n<li>Passeio de ida e volta de Cog Train pela Floresta da Tijuca<\/li>\n\n\n\n<li>Acesso direto ao Cristo Redentor<\/li>\n\n\n\n<li>Passeio panor\u00e2mico pela floresta tropical<\/li>\n\n\n\n<li>Aproxima\u00e7\u00e3o ic\u00f3nica ao Cristo Redentor<\/li>\n<\/ul>\n\n\n\n<p><strong><a href=\"https:\/\/www.getyourguide.com\/rio-de-janeiro-l9\/christ-the-redeemer-cog-train-ticket-t161850\/?partner_id=JQVKNNW&amp;utm_medium=online_publisher&amp;recommended_activities=161850%2C234727%2C388272%2C115578%2C65229&amp;deeplink_id=386f4155-b350-561e-a4e7-04520f46fa41&amp;page_id=33efcff9-3dbf-5556-a4ba-7ec84b670a4f\" rel=\"nofollow noopener\" target=\"_blank\">Reservar a Experi\u00eancia Cl\u00e1ssica do Comboio Cog<\/a><\/strong><\/p>\n\n\n\n<h3 class=\"gb-headline gb-headline-3b61dca5 gb-headline-text\"><a href=\"https:\/\/www.getyourguide.com\/rio-de-janeiro-l9\/rio-essentials-christ-redeemer-sugarloaf-official-tickets-t234727\/?partner_id=JQVKNNW&amp;utm_medium=online_publisher&amp;recommended_activities=161850%2C234727%2C388272%2C115578%2C65229&amp;deeplink_id=0e77c6e1-07e2-5d44-8e86-201f9a67466d&amp;page_id=33efcff9-3dbf-5556-a4ba-7ec84b670a4f\" target=\"_blank\" rel=\"noreferrer noopener sponsored nofollow\">Cristo Redentor &amp; P\u00e3o de A\u00e7\u00facar Ingressos Oficiais<\/a><\/h3>\n\n\n\n<p>Veja o melhor do Rio com um bilhete combinado que lhe d\u00e1 acesso ao Cristo Redentor e ao ic\u00f3nico P\u00e3o de A\u00e7\u00facar. Perfeito para aqueles que procuram maximizar o seu dia, este bilhete permite-lhe explorar dois dos marcos mais famosos do Rio com acesso oficial.<\/p>\n\n\n\n<p><strong>Destaques:<\/strong><\/p>\n\n\n\n<ul class=\"wp-block-list\">\n<li>Acesso ao Cristo Redentor<\/li>\n\n\n\n<li>Acesso ao telef\u00e9rico do P\u00e3o de A\u00e7\u00facar<\/li>\n\n\n\n<li>Dura\u00e7\u00e3o: Aproximadamente 4-5 horas (incluindo desloca\u00e7\u00f5es e visitas)<\/li>\n\n\n\n<li>Duas visitas de refer\u00eancia num s\u00f3 dia<\/li>\n\n\n\n<li>Vistas deslumbrantes do Rio a partir dos dois picos da montanha<\/li>\n<\/ul>\n\n\n\n<p><strong><a href=\"https:\/\/www.getyourguide.com\/rio-de-janeiro-l9\/rio-essentials-christ-redeemer-sugarloaf-official-tickets-t234727\/?partner_id=JQVKNNW&amp;utm_medium=online_publisher&amp;recommended_activities=161850%2C234727%2C388272%2C115578%2C65229&amp;deeplink_id=0e77c6e1-07e2-5d44-8e86-201f9a67466d&amp;page_id=33efcff9-3dbf-5556-a4ba-7ec84b670a4f\" target=\"_blank\" rel=\"noreferrer noopener sponsored nofollow\">Reserve o Combo Essentials para o Cristo Redentor e o P\u00e3o de A\u00e7\u00facar<\/a><\/strong><\/p>\n\n\n\n<h3 class=\"wp-block-heading\">Tabela de compara\u00e7\u00e3o<\/h3>\n\n\n\n<figure class=\"wp-block-table\"><table><thead><tr><th>Op\u00e7\u00e3o de Bilhete<\/th><th>Pontos de Acesso<\/th><th>Dura\u00e7\u00e3o<\/th><th>Destaques Principais<\/th><th>Ideal Para<\/th><\/tr><\/thead><tbody><tr><td>Bilhete para o Trem do Corcovado<\/td><td>Cristo Redentor<\/td><td>1,5\u20132 horas<\/td><td>Viagem de trem panor\u00e2mica pela floresta tropical<\/td><td>Amantes da natureza, experi\u00eancia cl\u00e1ssica<\/td><\/tr><tr><td>Essenciais do Rio: Combo Cristo &amp; P\u00e3o de A\u00e7\u00facar<\/td><td>Cristo Redentor, P\u00e3o de A\u00e7\u00facar<\/td><td>4\u20135 horas<\/td><td>Acesso a ambos os marcos<\/td><td>Passeio de um dia inteiro<\/td><\/tr><\/tbody><\/table><\/figure>\n\n\n\n<p><\/p>\n\n\n\n<p><\/p>\n\n\n\n<figure class=\"gb-block-image gb-block-image-b8798f38\"><img loading=\"lazy\" decoding=\"async\" width=\"1920\" height=\"1080\" class=\"gb-image gb-image-b8798f38\" src=\"https:\/\/christtheredeemertickets.com\/wp-content\/uploads\/2024\/10\/f-christ-the-redeemer-night-silhouette.jpg\" alt=\"Silhouette of Christ the Redeemer statue captured on a smartphone at dusk, with a person holding the phone and the sky darkening in the background.\" srcset=\"https:\/\/christtheredeemertickets.com\/pt\/wp-content\/uploads\/2024\/10\/f-christ-the-redeemer-night-silhouette.jpg 1920w, https:\/\/christtheredeemertickets.com\/pt\/wp-content\/uploads\/2024\/10\/f-christ-the-redeemer-night-silhouette-300x169.jpg 300w, https:\/\/christtheredeemertickets.com\/pt\/wp-content\/uploads\/2024\/10\/f-christ-the-redeemer-night-silhouette-1024x576.jpg 1024w, https:\/\/christtheredeemertickets.com\/pt\/wp-content\/uploads\/2024\/10\/f-christ-the-redeemer-night-silhouette-768x432.jpg 768w, https:\/\/christtheredeemertickets.com\/pt\/wp-content\/uploads\/2024\/10\/f-christ-the-redeemer-night-silhouette-1536x864.jpg 1536w\" sizes=\"auto, (max-width: 1920px) 100vw, 1920px\" \/><\/figure>\n\n\n\n<p><\/p>\n\n\n\n<p><\/p>\n\n\n\n<h3 class=\"gb-headline gb-headline-d64bdedd gb-headline-text\">Como posso levantar o meu bilhete e aceder a cada local?<\/h3>\n\n\n\n<ul class=\"wp-block-list\">\n<li><strong>Processo de recolha:<\/strong> Trazer um documento de identifica\u00e7\u00e3o v\u00e1lido e o seu comprovativo. Trocar na bilheteira de cada local (base do Cog Train para o Cristo Redentor e P\u00e3o de A\u00e7\u00facar para o bilhete combinado).<\/li>\n\n\n\n<li><strong>Hora de chegada: <\/strong>Planear chegar com pelo menos 30 minutos de anteced\u00eancia para garantir uma entrada sem problemas.<\/li>\n<\/ul>\n\n\n\n<h3 class=\"wp-block-heading\">Posso reagendar ou cancelar os meus bilhetes?<\/h3>\n\n\n\n<ul class=\"wp-block-list\">\n<li>Ambos os bilhetes permitem o cancelamento gratuito at\u00e9 24 horas antes da visita programada, o que facilita a adapta\u00e7\u00e3o em caso de mudan\u00e7a de planos.<\/li>\n<\/ul>\n\n\n\n<h3 class=\"wp-block-heading\">O que est\u00e1 inclu\u00eddo em cada bilhete?<\/h3>\n\n\n\n<ul class=\"wp-block-list\">\n<li>Bilhete do Trem Cog: Cobre um passeio de trem de ida e volta pela Floresta da Tijuca at\u00e9 o Cristo Redentor.<\/li>\n\n\n\n<li>Combo Essentials: Inclui acesso ao Cristo Redentor (via Cog Train) e ao P\u00e3o de A\u00e7\u00facar (via telef\u00e9rico).<\/li>\n<\/ul>\n\n\n\n<h2 class=\"wp-block-heading\">Formas alternativas de visitar o Cristo Redentor<\/h2>\n\n\n\n<p>\u00c0 procura de uma forma diferente de conhecer o Cristo Redentor? Eis algumas op\u00e7\u00f5es <a href=\"https:\/\/christtheredeemertickets.com\/pt\/passeios\/\">de excurs\u00f5es \u00fanicas<\/a> a considerar.<\/p>\n\n\n\n<h3 class=\"gb-headline gb-headline-f995112b gb-headline-text\">Excurs\u00e3o de acesso antecipado ao P\u00e3o de A\u00e7\u00facar<\/h3>\n\n\n\n<p>Para os visitantes que pretendem evitar as multid\u00f5es, esta excurs\u00e3o oferece um servi\u00e7o de recolha de manh\u00e3 cedo e acesso priorit\u00e1rio ao Cristo Redentor. Continua com um passeio panor\u00e2mico de telef\u00e9rico at\u00e9 ao P\u00e3o de A\u00e7\u00facar, permitindo uma vis\u00e3o completa da beleza natural do Rio. Esta op\u00e7\u00e3o tamb\u00e9m inclui transporte a partir de bairros selecionados do Rio, como Copacabana e Ipanema.<\/p>\n\n\n\n<h3 class=\"gb-headline gb-headline-d1638b27 gb-headline-text\">Tour dos Destaques do Rio com Transporte em Van<\/h3>\n\n\n\n<p>Este passeio permite a entrada no Cristo Redentor atrav\u00e9s de uma carrinha pela Floresta da Tijuca, o que \u00e9 ideal para os visitantes que preferem n\u00e3o ir de comboio. Inclui paragens noutras atrac\u00e7\u00f5es importantes do Rio, como o Est\u00e1dio do Maracan\u00e3, o Samb\u00f3dromo e a famosa Escadaria Selar\u00f3n. O passeio termina com um almo\u00e7o e um passeio de telef\u00e9rico at\u00e9 ao P\u00e3o de A\u00e7\u00facar. <\/p>\n\n\n\n<h3 class=\"gb-headline gb-headline-616432ef gb-headline-text\">Passeios ao nascer ou ao p\u00f4r do sol<\/h3>\n\n\n\n<p>Passeios especiais ao Cristo Redentor ao nascer ou ao p\u00f4r do sol oferecem uma ilumina\u00e7\u00e3o \u00fanica e um ambiente mais calmo, ideal para fotografias e uma experi\u00eancia mais tranquila. Algumas op\u00e7\u00f5es combinam esta visita com a visita a outros locais, como o Mirante Dona Marta, um miradouro que oferece perspectivas alternativas em caso de nebulosidade. Para mais informa\u00e7\u00f5es, consulte a nossa p\u00e1gina de excurs\u00f5es. <\/p>\n\n\n\n<p><strong><a href=\"https:\/\/www.getyourguide.com\/christ-the-redeemer-rio-de-janeiro-l3784\/?date_from=2024-11-03&amp;date_to=2024-11-03&amp;partner_id=JQVKNNW&amp;utm_medium=online_publisher&amp;recommended_activities=161850%2C234727%2C388272%2C115578%2C65229&amp;deeplink_id=b33eb403-7b07-5814-b565-4b152e3fb430&amp;page_id=33efcff9-3dbf-5556-a4ba-7ec84b670a4f&amp;partner_id=JQVKNNW&amp;utm_medium=online_publisher&amp;cmp=ctrt_pt\" target=\"_blank\" rel=\"noreferrer noopener sponsored nofollow\">Clique aqui para ver todas as op\u00e7\u00f5es de bilhetes <\/a><\/strong><\/p>\n\n\n\n<h2 class=\"gb-headline gb-headline-dd451c12 gb-headline-text\">FAQ<\/h2>\n\n\n<div id=\"rank-math-faq\" class=\"rank-math-block\">\n<div class=\"rank-math-list \">\n<div id=\"faq-question-1731234652665\" class=\"rank-math-list-item\">\n<h3 class=\"rank-math-question \">Tenho de chegar cedo para levantar o meu bilhete?<\/h3>\n<div class=\"rank-math-answer \">\n\n<p>Sim, recomenda-se que chegue pelo menos 30 minutos antes da hora de entrada programada para garantir um processo de troca de bilhetes e de embarque sem problemas.<\/p>\n\n<\/div>\n<\/div>\n<div id=\"faq-question-1731234661532\" class=\"rank-math-list-item\">\n<h3 class=\"rank-math-question \">Qual \u00e9 a melhor altura do dia para visitar para ter menos multid\u00f5es?<\/h3>\n<div class=\"rank-math-answer \">\n\n<p>As visitas ao in\u00edcio da manh\u00e3 ou ao fim da tarde costumam ter menos multid\u00f5es, o que torna estas alturas ideais para uma experi\u00eancia mais descontra\u00edda e fotografias fant\u00e1sticas.<\/p>\n\n<\/div>\n<\/div>\n<div id=\"faq-question-1731234669568\" class=\"rank-math-list-item\">\n<h3 class=\"rank-math-question \">Existem descontos para crian\u00e7as ou beb\u00e9s?<\/h3>\n<div class=\"rank-math-answer \">\n\n<p>Sim, aplicam-se tarifas reduzidas \u00e0s crian\u00e7as. Os beb\u00e9s s\u00e3o gratuitos, enquanto as crian\u00e7as beneficiam de um pre\u00e7o de bilhete reduzido. Ao efetuar a reserva, certifique-se de que seleciona o tipo de bilhete adequado para cada grupo et\u00e1rio.<\/p>\n\n<\/div>\n<\/div>\n<div id=\"faq-question-1731234683689\" class=\"rank-math-list-item\">\n<h3 class=\"rank-math-question \">O que devo levar para a minha visita?<\/h3>\n<div class=\"rank-math-answer \">\n\n<p>Traga os elementos essenciais, como um documento de identifica\u00e7\u00e3o v\u00e1lido, um voucher, sapatos confort\u00e1veis, protetor solar e uma m\u00e1quina fotogr\u00e1fica para tirar fotografias. Recomenda-se a utiliza\u00e7\u00e3o de \u00e1gua, especialmente nos passeios mais longos.<\/p>\n\n<\/div>\n<\/div>\n<div id=\"faq-question-1731234691972\" class=\"rank-math-list-item\">\n<h3 class=\"rank-math-question \">Posso cancelar ou remarcar os meus bilhetes?<\/h3>\n<div class=\"rank-math-answer \">\n\n<p>O cancelamento gratuito est\u00e1 dispon\u00edvel at\u00e9 24 horas antes da entrada programada. Verificar o bilhete espec\u00edfico para op\u00e7\u00f5es de reagendamento.<\/p>\n\n<\/div>\n<\/div>\n<\/div>\n<\/div>\n\n\n<p><\/p>\n","protected":false},"excerpt":{"rendered":"<p>Explore duas op\u00e7\u00f5es convenientes de bilhetes para a sua visita ao Cristo Redentor. Escolha entre a cl\u00e1ssica viagem de Cog Train at\u00e9 ao cume, ou experimente o melhor do Rio com o Bilhete Essencial, que inclui o Cristo Redentor e o P\u00e3o de A\u00e7\u00facar. Bilhetes para o Cristo Redentor Os bilhetes para o Rio esgotam &#8230; <a title=\"Bilhetes Cristo Redentor\" class=\"read-more\" href=\"https:\/\/christtheredeemertickets.com\/pt\/bilhetes\/\" aria-label=\"Read more about Bilhetes Cristo Redentor\">Read more<\/a><\/p>\n","protected":false},"author":1,"featured_media":0,"parent":0,"menu_order":1,"comment_status":"closed","ping_status":"closed","template":"","meta":{"_acf_changed":false,"footnotes":""},"tags":[],"class_list":["post-188","page","type-page","status-publish"],"acf":[],"_links":{"self":[{"href":"https:\/\/christtheredeemertickets.com\/pt\/wp-json\/wp\/v2\/pages\/188","targetHints":{"allow":["GET"]}}],"collection":[{"href":"https:\/\/christtheredeemertickets.com\/pt\/wp-json\/wp\/v2\/pages"}],"about":[{"href":"https:\/\/christtheredeemertickets.com\/pt\/wp-json\/wp\/v2\/types\/page"}],"author":[{"embeddable":true,"href":"https:\/\/christtheredeemertickets.com\/pt\/wp-json\/wp\/v2\/users\/1"}],"replies":[{"embeddable":true,"href":"https:\/\/christtheredeemertickets.com\/pt\/wp-json\/wp\/v2\/comments?post=188"}],"version-history":[{"count":18,"href":"https:\/\/christtheredeemertickets.com\/pt\/wp-json\/wp\/v2\/pages\/188\/revisions"}],"predecessor-version":[{"id":638,"href":"https:\/\/christtheredeemertickets.com\/pt\/wp-json\/wp\/v2\/pages\/188\/revisions\/638"}],"wp:attachment":[{"href":"https:\/\/christtheredeemertickets.com\/pt\/wp-json\/wp\/v2\/media?parent=188"}],"wp:term":[{"taxonomy":"post_tag","embeddable":true,"href":"https:\/\/christtheredeemertickets.com\/pt\/wp-json\/wp\/v2\/tags?post=188"}],"curies":[{"name":"wp","href":"https:\/\/api.w.org\/{rel}","templated":true}]}}