{"id":174,"date":"2024-10-28T15:35:48","date_gmt":"2024-10-28T15:35:48","guid":{"rendered":"https:\/\/christtheredeemertickets.com\/pt\/?page_id=174"},"modified":"2025-03-09T13:21:48","modified_gmt":"2025-03-09T12:21:48","slug":"historia","status":"publish","type":"page","link":"https:\/\/christtheredeemertickets.com\/pt\/historia\/","title":{"rendered":"Hist\u00f3ria do Cristo Redentor"},"content":{"rendered":"\n<p><\/p>\n\n\n\n<p><strong>J\u00e1 se interrogou sobre a hist\u00f3ria por detr\u00e1s do monumento mais emblem\u00e1tico do Rio de Janeiro, o Cristo Redentor? <\/strong>Empoleirada no topo do Corcovado, esta est\u00e1tua colossal tornou-se um s\u00edmbolo mundial de f\u00e9, unidade e paz.<\/p>\n\n\n\n<p>O seu percurso desde uma ideia vision\u00e1ria na d\u00e9cada de 1850 at\u00e9 uma das Novas Sete Maravilhas do Mundo \u00e9 uma hist\u00f3ria de perseveran\u00e7a, arte e significado cultural. Junte-se a n\u00f3s para explorar a sua fascinante hist\u00f3ria, os desafios da sua constru\u00e7\u00e3o e os esfor\u00e7os em curso para preservar esta obra-prima.<\/p>\n\n\n\n<h2 class=\"wp-block-heading\">A vis\u00e3o por tr\u00e1s do Cristo Redentor<\/h2>\n\n\n\n<p>A hist\u00f3ria do Cristo Redentor come\u00e7a muito antes da sua constru\u00e7\u00e3o, com as primeiras ideias e inspira\u00e7\u00f5es que lan\u00e7aram as bases para esta est\u00e1tua ic\u00f3nica.<\/p>\n\n\n\n<h3 class=\"wp-block-heading\">Primeiras ideias e inspira\u00e7\u00e3o (antes da d\u00e9cada de 1920)<\/h3>\n\n\n\n<p>Imagine o Rio de Janeiro na d\u00e9cada de 1850 &#8211; paisagens exuberantes, o canto dos p\u00e1ssaros a encher o ar e carruagens puxadas por cavalos a circular pelas ruas empedradas. Neste cen\u00e1rio pitoresco, nasceu uma ideia audaciosa: uma est\u00e1tua que simbolizasse a f\u00e9, a uni\u00e3o e a paz no topo do Corcovado.<\/p>\n\n\n\n<p>A ideia do Cristo Redentor partiu da Princesa Isabel, filha do Imperador Dom Pedro II. Ela e o clero local imaginaram um monumento religioso para servir como um farol de esperan\u00e7a e espiritualidade para o Brasil. Mas as mudan\u00e7as pol\u00edticas e as restri\u00e7\u00f5es financeiras atrasaram o seu sonho. Com a mudan\u00e7a do Brasil da monarquia para a rep\u00fablica, o entusiasmo diminuiu e o projeto foi arquivado &#8211; embora o sonho permanecesse, \u00e0 espera do momento certo para ressurgir.<\/p>\n\n\n\n<p>Imagine as ruas movimentadas da \u00e9poca, onde uma est\u00e1tua t\u00e3o monumental poderia ter parecido vision\u00e1ria e quase imposs\u00edvel.<\/p>\n\n\n\n<h3 class=\"wp-block-heading\">O impulso para um s\u00edmbolo (Revivalismo dos anos 20)<\/h3>\n\n\n\n<p>Avan\u00e7amos para os anos 20 &#8211; uma era de energia e otimismo. O Brasil estava a comemorar o seu cent\u00e9simo ano de independ\u00eancia e que melhor maneira de assinalar este marco do que reviver o sonho do Cristo Redentor? Um s\u00edmbolo nacional como este poderia servir como um farol religioso e cultural.<\/p>\n\n\n\n<p>Esse entusiasmo renovado reuniu mentes brilhantes como o <a href=\"https:\/\/christtheredeemertickets.com\/pt\/arquitetura\/\">engenheiro Heitor da Silva Costa e o artista Carlos Oswald<\/a>. O conceito original de Oswald apresentava Cristo a segurar um globo e uma cruz. O desenho evoluiu mais tarde para a figura de bra\u00e7os abertos que conhecemos atualmente, simbolizando a paz e a unidade. \u00c9 espantoso como as vis\u00f5es art\u00edsticas se adaptam ao longo do tempo!<\/p>\n\n\n\n<p>Hoje, ao percorrer as ruas do Rio, ainda \u00e9 poss\u00edvel sentir ecos do entusiasmo daquela \u00e9poca. A cidade parece uma tela viva, com o Cristo Redentor como sua joia da coroa, uma lembran\u00e7a do esp\u00edrito duradouro e da unidade do Brasil.<\/p>\n\n\n\n<h2 class=\"wp-block-heading\">Constru\u00e7\u00e3o do \u00edcone &#8211; Como foi feito o Cristo Redentor<\/h2>\n\n\n\n<p>A cria\u00e7\u00e3o do Cristo Redentor foi uma maravilha da engenharia, com in\u00fameros desafios que ultrapassaram os limites da tecnologia e da criatividade.<\/p>\n\n\n\n<h3 class=\"wp-block-heading\">Planeamento e conce\u00e7\u00e3o: Superar os desafios<\/h3>\n\n\n\n<p>Construir o Cristo Redentor n\u00e3o foi apenas um feito de engenharia; foi uma miss\u00e3o ousada alimentada por determina\u00e7\u00e3o e inova\u00e7\u00e3o. In\u00edcio do s\u00e9culo XX &#8211; a tecnologia era limitada, mas a ambi\u00e7\u00e3o era ilimitada. Uma equipa de pessoas dedicadas assumiu o desafio de transportar toneladas de bet\u00e3o e pedra-sab\u00e3o pelos caminhos \u00edngremes e sinuosos do Corcovado &#8211; um desafio log\u00edstico mesmo para os padr\u00f5es actuais.<\/p>\n\n\n\n<p>Os materiais da est\u00e1tua foram cuidadosamente selecionados: <a href=\"https:\/\/christtheredeemertickets.com\/pt\/factos\/\">bet\u00e3o armado para dar estabilidade e pedra-sab\u00e3o para resistir ao clima tropical do Rio de Janeiro<\/a>. Para os transportar at\u00e9 ao Corcovado, sem helic\u00f3pteros ou gruas modernas, foi necess\u00e1rio recorrer a sistemas ferrovi\u00e1rios e ao esfor\u00e7o humano. Os trabalhadores enfrentaram condi\u00e7\u00f5es climat\u00e9ricas extremas e terrenos dif\u00edceis, mas continuaram a trabalhar, motivados pelo objetivo de criar algo monumental.<\/p>\n\n\n\n<p><strong>Dica de especialista: <\/strong>Quando estiver debaixo da est\u00e1tua, n\u00e3o se limite a admirar a vista \u2014 reserve um momento para apreciar o trabalho artesanal e a dedica\u00e7\u00e3o incans\u00e1vel que tornaram esta obra-prima uma realidade. Os seus esfor\u00e7os transformaram a paisagem, gravando a hist\u00f3ria na pedra.<\/p>\n\n\n\n<h3 class=\"wp-block-heading\">Fase de constru\u00e7\u00e3o: Um empreendimento monumental em 1931<\/h3>\n\n\n\n<p>Em 1931, ap\u00f3s quase uma d\u00e9cada de planeamento e constru\u00e7\u00e3o, a obra do Cristo Redentor ficou conclu\u00edda. Na cerim\u00f3nia de inaugura\u00e7\u00e3o, o mundo assistiu com admira\u00e7\u00e3o \u00e0 figura imponente, de bra\u00e7os abertos, que se tornou um s\u00edmbolo de paz e acolhimento no Rio de Janeiro.<\/p>\n\n\n\n<p>Com 30 metros de altura e um bra\u00e7o de 28 metros, o design da est\u00e1tua n\u00e3o \u00e9 apenas visualmente impressionante &#8211; \u00e9 um convite caloroso ao mundo. O escultor franc\u00eas Paul Landowski criou o rosto da est\u00e1tua, capturando uma express\u00e3o de serenidade que \u00e9 vis\u00edvel mesmo das ruas do Rio de Janeiro.<\/p>\n\n\n\n<p>Quando o visita, est\u00e1 a ver uma obra de arte, um triunfo da engenharia e um peda\u00e7o de hist\u00f3ria, tudo num s\u00f3. \u00c9 uma experi\u00eancia humilhante testemunhar uma representa\u00e7\u00e3o t\u00e3o poderosa da criatividade e da f\u00e9 humanas.<\/p>\n\n\n\n<h2 class=\"wp-block-heading\">Cristo Redentor nos tempos modernos<\/h2>\n\n\n\n<p>Apesar de o Cristo Redentor se erguer hoje, a preserva\u00e7\u00e3o e manuten\u00e7\u00e3o desta estrutura \u00e9 um esfor\u00e7o cont\u00ednuo que reflecte o seu significado duradouro.<\/p>\n\n\n\n<h3 class=\"wp-block-heading\">Esfor\u00e7os de preserva\u00e7\u00e3o e projectos de restauro<\/h3>\n\n\n\n<p>Imagine manter uma est\u00e1tua de 98 p\u00e9s no pico de uma montanha &#8211; n\u00e3o \u00e9 pouca coisa! O clima tropical do Rio de Janeiro traz raios frequentes, chuvas fortes e muita humidade, o que afecta a durabilidade da est\u00e1tua. Em 2010, foi necess\u00e1rio efetuar um grande restauro depois de um raio ter atingido a est\u00e1tua, provocando fissuras e danificando a camada exterior de pedra-sab\u00e3o. As equipas de restaura\u00e7\u00e3o repararam meticulosamente estes danos, substituindo os azulejos de pedra-sab\u00e3o de uma pedreira perto de Ouro Preto, famosa pela sua pedra de alta qualidade.<\/p>\n\n\n\n<p>Inspe\u00e7\u00f5es e manuten\u00e7\u00f5es regulares mant\u00eam o Cristo Redentor em \u00f3timas condi\u00e7\u00f5es, semelhante a um check-up de um \u00edcone de 92 anos. Esta aten\u00e7\u00e3o aos pormenores garante que continua a ser um s\u00edmbolo duradouro para as gera\u00e7\u00f5es futuras.<\/p>\n\n\n\n<h3 class=\"wp-block-heading\">O papel da est\u00e1tua atualmente<\/h3>\n\n\n\n<p>Mais do que uma simples <a href=\"https:\/\/christtheredeemertickets.com\/pt\/visita\/\">atra\u00e7\u00e3o tur\u00edstica<\/a>, o Cristo Redentor desempenha um papel ativo na vida cultural e espiritual do Brasil. Durante o Carnaval do Rio, ele vigia silenciosamente a folia l\u00e1 embaixo, simbolizando a mistura \u00fanica de celebra\u00e7\u00e3o e espiritualidade do Rio.<\/p>\n\n\n\n<p>Uma das minhas experi\u00eancias mais memor\u00e1veis foi durante a Jornada Mundial da Juventude, quando milhares de peregrinos se reuniram junto \u00e0 est\u00e1tua. Ver o horizonte do Rio de Janeiro da base do Cristo Redentor ao p\u00f4r do sol \u00e9 inesquec\u00edvel. Recomendo que marque a sua visita para o p\u00f4r do sol &#8211; a vista \u00e9 simplesmente de cortar a respira\u00e7\u00e3o.<\/p>\n\n\n\n<p>Muitas vezes iluminado em cores diferentes para homenagear eventos globais, o Cristo Redentor \u00e9 hoje um farol de esperan\u00e7a, unidade e resili\u00eancia, ligando o Brasil ao mundo.<\/p>\n\n\n\n<p><strong>Reserve seus <a href=\"https:\/\/christtheredeemertickets.com\/pt\/bilhetes\/\">ingressos<\/a> ou uma <a href=\"https:\/\/christtheredeemertickets.com\/pt\/passeios\/\">visita guiada<\/a> para conhecer o Cristo Redentor no Rio.<\/strong><\/p>\n","protected":false},"excerpt":{"rendered":"<p>J\u00e1 se interrogou sobre a hist\u00f3ria por detr\u00e1s do monumento mais emblem\u00e1tico do Rio de Janeiro, o Cristo Redentor? Empoleirada no topo do Corcovado, esta est\u00e1tua colossal tornou-se um s\u00edmbolo mundial de f\u00e9, unidade e paz. O seu percurso desde uma ideia vision\u00e1ria na d\u00e9cada de 1850 at\u00e9 uma das Novas Sete Maravilhas do Mundo &#8230; <a title=\"Hist\u00f3ria do Cristo Redentor\" class=\"read-more\" href=\"https:\/\/christtheredeemertickets.com\/pt\/historia\/\" aria-label=\"Read more about Hist\u00f3ria do Cristo Redentor\">Read more<\/a><\/p>\n","protected":false},"author":1,"featured_media":0,"parent":0,"menu_order":4,"comment_status":"closed","ping_status":"closed","template":"","meta":{"_acf_changed":false,"footnotes":""},"tags":[],"class_list":["post-174","page","type-page","status-publish"],"acf":[],"_links":{"self":[{"href":"https:\/\/christtheredeemertickets.com\/pt\/wp-json\/wp\/v2\/pages\/174","targetHints":{"allow":["GET"]}}],"collection":[{"href":"https:\/\/christtheredeemertickets.com\/pt\/wp-json\/wp\/v2\/pages"}],"about":[{"href":"https:\/\/christtheredeemertickets.com\/pt\/wp-json\/wp\/v2\/types\/page"}],"author":[{"embeddable":true,"href":"https:\/\/christtheredeemertickets.com\/pt\/wp-json\/wp\/v2\/users\/1"}],"replies":[{"embeddable":true,"href":"https:\/\/christtheredeemertickets.com\/pt\/wp-json\/wp\/v2\/comments?post=174"}],"version-history":[{"count":6,"href":"https:\/\/christtheredeemertickets.com\/pt\/wp-json\/wp\/v2\/pages\/174\/revisions"}],"predecessor-version":[{"id":426,"href":"https:\/\/christtheredeemertickets.com\/pt\/wp-json\/wp\/v2\/pages\/174\/revisions\/426"}],"wp:attachment":[{"href":"https:\/\/christtheredeemertickets.com\/pt\/wp-json\/wp\/v2\/media?parent=174"}],"wp:term":[{"taxonomy":"post_tag","embeddable":true,"href":"https:\/\/christtheredeemertickets.com\/pt\/wp-json\/wp\/v2\/tags?post=174"}],"curies":[{"name":"wp","href":"https:\/\/api.w.org\/{rel}","templated":true}]}}