{"id":158,"date":"2024-10-23T18:53:11","date_gmt":"2024-10-23T18:53:11","guid":{"rendered":"https:\/\/christtheredeemertickets.com\/pt\/?page_id=158"},"modified":"2025-01-18T00:21:58","modified_gmt":"2025-01-17T23:21:58","slug":"sobre","status":"publish","type":"page","link":"https:\/\/christtheredeemertickets.com\/pt\/sobre\/","title":{"rendered":"Sobre"},"content":{"rendered":"\n<h1 class=\"wp-block-heading\">Sobre os bilhetes para Cristo Redentor<\/h1>\n\n\n\n<p><\/p>\n\n\n\n<p>Bem-vindo ao Cristo Redentor Tickets &#8211; sua fonte confi\u00e1vel para descobrir e reservar experi\u00eancias inesquec\u00edveis em um dos marcos mais emblem\u00e1ticos do mundo, a est\u00e1tua do Cristo Redentor no Rio de Janeiro.<\/p>\n\n\n\n<p>A nossa miss\u00e3o \u00e9 simples: fazer com que a sua visita a este local imponente seja t\u00e3o perfeita e memor\u00e1vel quanto poss\u00edvel. Quer pretenda evitar as filas, encontrar as melhores excurs\u00f5es ou saber mais sobre a rica hist\u00f3ria e o significado da est\u00e1tua, temos tudo o que precisa.<\/p>\n\n\n\n<h3 class=\"wp-block-heading\">Porqu\u00ea escolher-nos?<\/h3>\n\n\n\n<p>Na Christ the Redeemer Tickets, orgulhamo-nos de oferecer:<\/p>\n\n\n\n<ul class=\"wp-block-list\">\n<li>Bilhetes oficiais: Garanta o seu lugar com op\u00e7\u00f5es de bilhetes verificadas e fi\u00e1veis para aceder \u00e0 est\u00e1tua e \u00e0s atrac\u00e7\u00f5es circundantes.<\/li>\n\n\n\n<li>Orienta\u00e7\u00e3o especializada: Fornecemos informa\u00e7\u00f5es detalhadas e dicas para garantir que aproveita ao m\u00e1ximo a sua visita, desde quando ir at\u00e9 como tirar o m\u00e1ximo partido da sua experi\u00eancia.<\/li>\n<\/ul>\n\n\n\n<h3 class=\"wp-block-heading\">A nossa promessa<\/h3>\n\n\n\n<p>Entendemos que visitar o Cristo Redentor \u00e9 uma experi\u00eancia \u00fanica na vida para muitos. \u00c9 por isso que o nosso objetivo \u00e9 simplificar o processo de reserva e garantir que disp\u00f5e de todas as informa\u00e7\u00f5es necess\u00e1rias para tirar o m\u00e1ximo partido da sua viagem.<\/p>\n\n\n\n<p>A nossa plataforma aproxima-o de uma das Novas Sete Maravilhas do Mundo. Se voc\u00ea est\u00e1 viajando sozinho, com a fam\u00edlia ou como parte de um grupo, os ingressos para o Cristo Redentor est\u00e3o aqui para tornar a sua visita tranquila, agrad\u00e1vel e verdadeiramente inesquec\u00edvel.<\/p>\n\n\n\n<p>Obrigado por escolher os bilhetes para o Cristo Redentor &#8211; estamos ansiosos por ajud\u00e1-lo a explorar esta maravilha ic\u00f3nica em toda a sua grandeza!<\/p>\n\n\n\n<h2 class=\"wp-block-heading\"> Contactar-nos<\/h2>\n\n\n\n<p>Gostar\u00edamos de o ouvir! <\/p>\n\n\n\n<h3 class=\"wp-block-heading\">Como entrar em contacto<\/h3>\n\n\n\n<p>Email: Para quaisquer quest\u00f5es ou pedidos de apoio, n\u00e3o hesite em contactar-nos atrav\u00e9s de hello[@]christtheredeemertickets[dot]com<\/p>\n\n\n\n<h3 class=\"wp-block-heading\">Perguntas comuns<\/h3>\n\n\n\n<p>Antes de nos contactar, poder\u00e1 encontrar a resposta \u00e0 sua pergunta na nossa sec\u00e7\u00e3o FAQ, onde abordamos temas populares como:<\/p>\n\n\n\n<ul class=\"wp-block-list\">\n<li>Hor\u00e1rio de visita e dicas<\/li>\n\n\n\n<li>Como comprar bilhetes<\/li>\n\n\n\n<li>Confirma\u00e7\u00f5es de reserva<\/li>\n\n\n\n<li>Disponibilidade de viagens<\/li>\n<\/ul>\n\n\n\n<p><\/p>\n","protected":false},"excerpt":{"rendered":"<p>Sobre os bilhetes para Cristo Redentor Bem-vindo ao Cristo Redentor Tickets &#8211; sua fonte confi\u00e1vel para descobrir e reservar experi\u00eancias inesquec\u00edveis em um dos marcos mais emblem\u00e1ticos do mundo, a est\u00e1tua do Cristo Redentor no Rio de Janeiro. A nossa miss\u00e3o \u00e9 simples: fazer com que a sua visita a este local imponente seja t\u00e3o &#8230; <a title=\"Sobre\" class=\"read-more\" href=\"https:\/\/christtheredeemertickets.com\/pt\/sobre\/\" aria-label=\"Read more about Sobre\">Read more<\/a><\/p>\n","protected":false},"author":1,"featured_media":0,"parent":0,"menu_order":7,"comment_status":"closed","ping_status":"closed","template":"","meta":{"_acf_changed":false,"footnotes":""},"tags":[],"class_list":["post-158","page","type-page","status-publish"],"acf":[],"_links":{"self":[{"href":"https:\/\/christtheredeemertickets.com\/pt\/wp-json\/wp\/v2\/pages\/158","targetHints":{"allow":["GET"]}}],"collection":[{"href":"https:\/\/christtheredeemertickets.com\/pt\/wp-json\/wp\/v2\/pages"}],"about":[{"href":"https:\/\/christtheredeemertickets.com\/pt\/wp-json\/wp\/v2\/types\/page"}],"author":[{"embeddable":true,"href":"https:\/\/christtheredeemertickets.com\/pt\/wp-json\/wp\/v2\/users\/1"}],"replies":[{"embeddable":true,"href":"https:\/\/christtheredeemertickets.com\/pt\/wp-json\/wp\/v2\/comments?post=158"}],"version-history":[{"count":8,"href":"https:\/\/christtheredeemertickets.com\/pt\/wp-json\/wp\/v2\/pages\/158\/revisions"}],"predecessor-version":[{"id":417,"href":"https:\/\/christtheredeemertickets.com\/pt\/wp-json\/wp\/v2\/pages\/158\/revisions\/417"}],"wp:attachment":[{"href":"https:\/\/christtheredeemertickets.com\/pt\/wp-json\/wp\/v2\/media?parent=158"}],"wp:term":[{"taxonomy":"post_tag","embeddable":true,"href":"https:\/\/christtheredeemertickets.com\/pt\/wp-json\/wp\/v2\/tags?post=158"}],"curies":[{"name":"wp","href":"https:\/\/api.w.org\/{rel}","templated":true}]}}