{"id":6,"date":"2024-10-21T08:30:14","date_gmt":"2024-10-21T08:30:14","guid":{"rendered":"https:\/\/christtheredeemertickets.com\/it\/?page_id=6"},"modified":"2025-03-09T14:10:09","modified_gmt":"2025-03-09T13:10:09","slug":"casa","status":"publish","type":"page","link":"https:\/\/christtheredeemertickets.com\/it\/","title":{"rendered":"Casa"},"content":{"rendered":"\n<h2 class=\"wp-block-heading\">Statua del Cristo Redentore<\/h2>\n\n\n\n<p>Il Cristo Redentore, che domina Rio de Janeiro, \u00e8 un simbolo mozzafiato di fede, arte e storia che attira milioni di persone da tutto il mondo. Dalla vista dominante sulla montagna del Corcovado ai dettagli intricati del suo design, questo monumento \u00e8 pi\u00f9 di una semplice statua: \u00e8 un&#8217;esperienza che lascia un&#8217;impressione duratura. Scoprite tutto ci\u00f2 che vi serve per sfruttare al meglio la vostra visita a una delle Nuove Sette Meraviglie del Mondo.<\/p>\n\n\n<div class=\"gb-container gb-container-31f67870\">\n<div class=\"gb-container gb-container-d7b4bbc7\">\n<div class=\"gb-grid-wrapper gb-grid-wrapper-2e490129\">\n<div class=\"gb-grid-column gb-grid-column-c4c350be\"><div class=\"gb-container gb-container-c4c350be\">\n\n<figure class=\"gb-block-image gb-block-image-aa3a8206\"><img loading=\"lazy\" decoding=\"async\" width=\"1920\" height=\"1080\" class=\"gb-image gb-image-aa3a8206\" src=\"https:\/\/christtheredeemertickets.com\/wp-content\/uploads\/2024\/10\/f-christ-the-redeemer-sunset.jpg\" alt=\"Christ the Redeemer statue at sunset on a mountain in Rio de Janeiro, surrounded by lush green forest with mountains in the background.\" srcset=\"https:\/\/christtheredeemertickets.com\/it\/wp-content\/uploads\/2024\/10\/f-christ-the-redeemer-sunset.jpg 1920w, https:\/\/christtheredeemertickets.com\/it\/wp-content\/uploads\/2024\/10\/f-christ-the-redeemer-sunset-300x169.jpg 300w, https:\/\/christtheredeemertickets.com\/it\/wp-content\/uploads\/2024\/10\/f-christ-the-redeemer-sunset-1024x576.jpg 1024w, https:\/\/christtheredeemertickets.com\/it\/wp-content\/uploads\/2024\/10\/f-christ-the-redeemer-sunset-768x432.jpg 768w, https:\/\/christtheredeemertickets.com\/it\/wp-content\/uploads\/2024\/10\/f-christ-the-redeemer-sunset-1536x864.jpg 1536w\" sizes=\"auto, (max-width: 1920px) 100vw, 1920px\" \/><\/figure>\n\n\n\n<h2 class=\"gb-headline gb-headline-c58111f6 gb-headline-text\"><a href=\"https:\/\/christtheredeemertickets.com\/it\/biglietti\/\" data-type=\"page\" data-id=\"188\">Biglietti<\/a><\/h2>\n\n\n\n<p>Pianificare la visita al Cristo Redentore \u00e8 facile grazie a una serie di opzioni di biglietti che soddisfano ogni tipo di viaggiatore. Scegliete tra i biglietti d&#8217;ingresso standard, passate &#8220;salta fila&#8221; ed esperienze guidate per rendere il vostro viaggio indimenticabile e senza interruzioni. La prenotazione anticipata vi consente di assicurarvi il posto e di vivere un&#8217;esperienza senza problemi al vostro arrivo.<\/p>\n\n\n\n<p><a href=\"https:\/\/christtheredeemertickets.com\/it\/biglietti\/\" data-type=\"page\" data-id=\"188\">Prenotate i vostri biglietti skip-the-line<\/a><\/p>\n\n<\/div><\/div>\n\n<div class=\"gb-grid-column gb-grid-column-029be6b4\"><div class=\"gb-container gb-container-029be6b4\">\n\n<figure class=\"gb-block-image gb-block-image-c4cc4fa2\"><img loading=\"lazy\" decoding=\"async\" width=\"1920\" height=\"1080\" class=\"gb-image gb-image-c4cc4fa2\" src=\"https:\/\/christtheredeemertickets.com\/wp-content\/uploads\/2024\/10\/f-christ-the-redeemer-night-silhouette.jpg\" alt=\"Silhouette of Christ the Redeemer statue captured on a smartphone at dusk, with a person holding the phone and the sky darkening in the background.\" srcset=\"https:\/\/christtheredeemertickets.com\/it\/wp-content\/uploads\/2024\/10\/f-christ-the-redeemer-night-silhouette.jpg 1920w, https:\/\/christtheredeemertickets.com\/it\/wp-content\/uploads\/2024\/10\/f-christ-the-redeemer-night-silhouette-300x169.jpg 300w, https:\/\/christtheredeemertickets.com\/it\/wp-content\/uploads\/2024\/10\/f-christ-the-redeemer-night-silhouette-1024x576.jpg 1024w, https:\/\/christtheredeemertickets.com\/it\/wp-content\/uploads\/2024\/10\/f-christ-the-redeemer-night-silhouette-768x432.jpg 768w, https:\/\/christtheredeemertickets.com\/it\/wp-content\/uploads\/2024\/10\/f-christ-the-redeemer-night-silhouette-1536x864.jpg 1536w\" sizes=\"auto, (max-width: 1920px) 100vw, 1920px\" \/><\/figure>\n\n\n\n<h2 class=\"gb-headline gb-headline-1f45de2c gb-headline-text\"><a href=\"https:\/\/christtheredeemertickets.com\/it\/tour\/\" data-type=\"page\" data-id=\"190\">Tour<\/a><\/h2>\n\n\n\n<p>Migliorate la vostra visita al Cristo Redentore con uno dei nostri tour appositamente studiati. Scegliete tra esperienze private, tour di gruppo e pacchetti con pi\u00f9 tappe che includono le attrazioni vicine. Ogni tour \u00e8 progettato per offrire approfondimenti unici, guidati da esperti che condividono la storia, la cultura e le storie che si celano dietro questo monumento di fama mondiale.<\/p>\n\n\n\n<p><a href=\"https:\/\/christtheredeemertickets.com\/it\/tour\/\" data-type=\"page\" data-id=\"190\">Sfoglia i nostri pacchetti turistici per un&#8217;esperienza guidata<\/a><\/p>\n\n<\/div><\/div>\n\n<div class=\"gb-grid-column gb-grid-column-d2be5655\"><div class=\"gb-container gb-container-d2be5655\">\n\n<figure class=\"gb-block-image gb-block-image-8b01bfc8\"><img loading=\"lazy\" decoding=\"async\" width=\"1920\" height=\"1080\" class=\"gb-image gb-image-8b01bfc8\" src=\"https:\/\/christtheredeemertickets.com\/it\/wp-content\/uploads\/2024\/10\/f-tourist-taking-photo-at-christ-the-redeemer-statue.jpg\" alt=\"\" title=\"f-tourist-taking-photo-at-christ-the-redeemer-statue\" srcset=\"https:\/\/christtheredeemertickets.com\/it\/wp-content\/uploads\/2024\/10\/f-tourist-taking-photo-at-christ-the-redeemer-statue.jpg 1920w, https:\/\/christtheredeemertickets.com\/it\/wp-content\/uploads\/2024\/10\/f-tourist-taking-photo-at-christ-the-redeemer-statue-300x169.jpg 300w, https:\/\/christtheredeemertickets.com\/it\/wp-content\/uploads\/2024\/10\/f-tourist-taking-photo-at-christ-the-redeemer-statue-1024x576.jpg 1024w, https:\/\/christtheredeemertickets.com\/it\/wp-content\/uploads\/2024\/10\/f-tourist-taking-photo-at-christ-the-redeemer-statue-768x432.jpg 768w, https:\/\/christtheredeemertickets.com\/it\/wp-content\/uploads\/2024\/10\/f-tourist-taking-photo-at-christ-the-redeemer-statue-1536x864.jpg 1536w\" sizes=\"auto, (max-width: 1920px) 100vw, 1920px\" \/><\/figure>\n\n\n\n<h2 class=\"gb-headline gb-headline-e9b6a98a gb-headline-text\"><a href=\"https:\/\/christtheredeemertickets.com\/it\/visita\/\" data-type=\"page\" data-id=\"182\">Visita<\/a><\/h2>\n\n\n\n<p>Sfruttate al massimo la vostra visita al Cristo Redentore con dettagli pratici su come arrivare, i momenti migliori per visitarlo e cosa aspettarsi. Dalle opzioni di trasporto ai consigli per evitare la folla, trovate tutto ci\u00f2 che vi serve per un&#8217;esperienza piacevole e senza intoppi.<\/p>\n\n\n\n<p><a href=\"https:\/\/christtheredeemertickets.com\/it\/visita\/\" data-type=\"page\" data-id=\"182\">Pianificate la vostra visita con consigli utili e informazioni essenziali<\/a><\/p>\n\n<\/div><\/div>\n<\/div>\n\n<div class=\"gb-grid-wrapper gb-grid-wrapper-39a0322f\">\n<div class=\"gb-grid-column gb-grid-column-b54b1b6c\"><div class=\"gb-container gb-container-b54b1b6c\">\n\n<figure class=\"gb-block-image gb-block-image-833ee72a\"><img loading=\"lazy\" decoding=\"async\" width=\"1920\" height=\"1080\" class=\"gb-image gb-image-833ee72a\" src=\"https:\/\/christtheredeemertickets.com\/wp-content\/uploads\/2024\/10\/f-tourists-at-christ-the-redeemer-statue-rio.jpg\" alt=\"Visitaors standing on the steps in front of the Christ the Redeemer statue in Rio de Janeiro, with clear skies in the background.\" srcset=\"https:\/\/christtheredeemertickets.com\/it\/wp-content\/uploads\/2024\/10\/f-tourists-at-christ-the-redeemer-statue-rio.jpg 1920w, https:\/\/christtheredeemertickets.com\/it\/wp-content\/uploads\/2024\/10\/f-tourists-at-christ-the-redeemer-statue-rio-300x169.jpg 300w, https:\/\/christtheredeemertickets.com\/it\/wp-content\/uploads\/2024\/10\/f-tourists-at-christ-the-redeemer-statue-rio-1024x576.jpg 1024w, https:\/\/christtheredeemertickets.com\/it\/wp-content\/uploads\/2024\/10\/f-tourists-at-christ-the-redeemer-statue-rio-768x432.jpg 768w, https:\/\/christtheredeemertickets.com\/it\/wp-content\/uploads\/2024\/10\/f-tourists-at-christ-the-redeemer-statue-rio-1536x864.jpg 1536w\" sizes=\"auto, (max-width: 1920px) 100vw, 1920px\" \/><\/figure>\n\n\n\n<h2 class=\"gb-headline gb-headline-0294488a gb-headline-text\"><a href=\"https:\/\/christtheredeemertickets.com\/it\/storia\/\" data-type=\"page\" data-id=\"174\">La Storia<\/a><\/h2>\n\n\n\n<p>Scoprite la ricca storia del Cristo Redentore, un monumento che \u00e8 stato un faro di fede e cultura fin dal suo completamento nel 1931. Scoprite la sua concezione, l&#8217;intricato processo di costruzione e l&#8217;importanza globale che le ha fatto guadagnare un posto tra le Nuove Sette Meraviglie del Mondo.<\/p>\n\n\n\n<p><a href=\"https:\/\/christtheredeemertickets.com\/it\/storia\/\" data-type=\"page\" data-id=\"174\">Immergetevi nella storia di uno dei monumenti pi\u00f9 celebri al mondo<\/a><\/p>\n\n<\/div><\/div>\n\n<div class=\"gb-grid-column gb-grid-column-5a80ba22\"><div class=\"gb-container gb-container-5a80ba22\">\n\n<figure class=\"gb-block-image gb-block-image-ac9c9d16\"><img loading=\"lazy\" decoding=\"async\" width=\"1920\" height=\"1080\" class=\"gb-image gb-image-ac9c9d16\" src=\"https:\/\/christtheredeemertickets.com\/wp-content\/uploads\/2024\/10\/f-view-from-christ-the-redeemer-statue.jpg\" alt=\"A panoramic view of Rio de Janeiro's coastline, showing the city, boats in the bay, and the iconic Sugarloaf Mountain under a clear blue sky.\" srcset=\"https:\/\/christtheredeemertickets.com\/it\/wp-content\/uploads\/2024\/10\/f-view-from-christ-the-redeemer-statue.jpg 1920w, https:\/\/christtheredeemertickets.com\/it\/wp-content\/uploads\/2024\/10\/f-view-from-christ-the-redeemer-statue-300x169.jpg 300w, https:\/\/christtheredeemertickets.com\/it\/wp-content\/uploads\/2024\/10\/f-view-from-christ-the-redeemer-statue-1024x576.jpg 1024w, https:\/\/christtheredeemertickets.com\/it\/wp-content\/uploads\/2024\/10\/f-view-from-christ-the-redeemer-statue-768x432.jpg 768w, https:\/\/christtheredeemertickets.com\/it\/wp-content\/uploads\/2024\/10\/f-view-from-christ-the-redeemer-statue-1536x864.jpg 1536w\" sizes=\"auto, (max-width: 1920px) 100vw, 1920px\" \/><\/figure>\n\n\n\n<h2 class=\"gb-headline gb-headline-d96b50ca gb-headline-text\"><a href=\"https:\/\/christtheredeemertickets.com\/it\/fatti\/\" data-type=\"page\" data-id=\"178\">I Fatti<\/a><\/h2>\n\n\n\n<p>Il Cristo Redentore \u00e8 ricco di dettagli affascinanti e statistiche sorprendenti che lo rendono davvero unico. Dalla sua altezza imponente ai materiali rari utilizzati per la sua costruzione, scoprite i fatti che evidenziano perch\u00e9 questo punto di riferimento \u00e8 ammirato da milioni di persone ogni anno.<\/p>\n\n\n\n<p><a href=\"https:\/\/christtheredeemertickets.com\/it\/fatti\/\" data-type=\"page\" data-id=\"178\">Scoprite i fatti affascinanti che rendono il Cristo Redentore unico nel suo genere<\/a><\/p>\n\n<\/div><\/div>\n\n<div class=\"gb-grid-column gb-grid-column-fe7695be\"><div class=\"gb-container gb-container-fe7695be\">\n\n<figure class=\"gb-block-image gb-block-image-2fe365e4\"><img loading=\"lazy\" decoding=\"async\" width=\"1920\" height=\"1080\" class=\"gb-image gb-image-2fe365e4\" src=\"https:\/\/christtheredeemertickets.com\/wp-content\/uploads\/2024\/10\/f-christ-the-redeemer-close-up.jpg\" alt=\"Close-up of the Christ the Redeemer statue in Rio de Janeiro, showing the statue's outstretched arms against a clear blue sky.\" srcset=\"https:\/\/christtheredeemertickets.com\/it\/wp-content\/uploads\/2024\/10\/f-christ-the-redeemer-close-up.jpg 1920w, https:\/\/christtheredeemertickets.com\/it\/wp-content\/uploads\/2024\/10\/f-christ-the-redeemer-close-up-300x169.jpg 300w, https:\/\/christtheredeemertickets.com\/it\/wp-content\/uploads\/2024\/10\/f-christ-the-redeemer-close-up-1024x576.jpg 1024w, https:\/\/christtheredeemertickets.com\/it\/wp-content\/uploads\/2024\/10\/f-christ-the-redeemer-close-up-768x432.jpg 768w, https:\/\/christtheredeemertickets.com\/it\/wp-content\/uploads\/2024\/10\/f-christ-the-redeemer-close-up-1536x864.jpg 1536w\" sizes=\"auto, (max-width: 1920px) 100vw, 1920px\" \/><\/figure>\n\n\n\n<h2 class=\"gb-headline gb-headline-e64a2d5b gb-headline-text\"><a href=\"https:\/\/christtheredeemertickets.com\/it\/architettura\/\" data-type=\"page\" data-id=\"192\">Architettura<\/a><\/h2>\n\n\n\n<p>Il design del Cristo Redentore \u00e8 una meraviglia architettonica, che fonde lo stile Art D\u00e9co con l&#8217;ingegneria innovativa per creare una statua che resiste alle intemperie. Scoprite i dettagli della sua costruzione, i materiali scelti e il design strategico che gli permette di resistere alle condizioni climatiche e al terreno accidentato di Rio.<\/p>\n\n\n\n<p><a href=\"https:\/\/christtheredeemertickets.com\/it\/architettura\/\" data-type=\"page\" data-id=\"192\">Per saperne di pi\u00f9 sull&#8217;ingegneria e la maestria che danno vita a questo monumento<\/a><\/p>\n\n<\/div><\/div>\n<\/div>\n<\/div>\n<\/div>\n\n\n<p><\/p>\n\n\n\n<h6 class=\"wp-block-heading\">Opzioni dei biglietti per il Cristo Redentore &#8211; <a href=\"https:\/\/www.getyourguide.it\/s\/?q=Cristo+Redentore&amp;partner_id=JQVKNNW&amp;utm_medium=online_publisher&amp;partner_id=JQVKNNW&amp;utm_medium=online_publisher&amp;cmp=ctrt_it\" target=\"_blank\" data-type=\"link\" data-id=\"https:\/\/www.getyourguide.it\/s\/?q=Cristo+Redentore&amp;partner_id=JQVKNNW&amp;utm_medium=online_publisher\" rel=\"noreferrer noopener sponsored nofollow\">Vedi tut<\/a><a href=\"https:\/\/www.getyourguide.com\/rio-de-janeiro-l9\/christ-the-redeemer-cog-train-ticket-t161850\/?partner_id=JQVKNNW&amp;utm_medium=online_publisher&amp;cmp=ctrt_it_home\" data-type=\"link\" data-id=\"https:\/\/www.getyourguide.it\/s\/?q=Cristo+Redentore&amp;partner_id=JQVKNNW&amp;utm_medium=online_publisher\" target=\"_blank\" rel=\"noreferrer noopener sponsored nofollow\">t<\/a><a href=\"https:\/\/www.getyourguide.it\/s\/?q=Cristo+Redentore&amp;partner_id=JQVKNNW&amp;utm_medium=online_publisher&amp;partner_id=JQVKNNW&amp;utm_medium=online_publisher&amp;cmp=ctrt_it\" target=\"_blank\" data-type=\"link\" data-id=\"https:\/\/www.getyourguide.it\/s\/?q=Cristo+Redentore&amp;partner_id=JQVKNNW&amp;utm_medium=online_publisher\" rel=\"noreferrer noopener sponsored nofollow\">i -&gt;<\/a><\/h6>\n\n\n<div class=\"gb-container gb-container-f38ded86\">\n<div class=\"gb-container gb-container-8d1250f1\">\n\n<div data-gyg-href=\"https:\/\/widget.getyourguide.com\/default\/activities.frame\" data-gyg-locale-code=\"it-IT\" data-gyg-widget=\"activities\" data-gyg-number-of-items=\"4\" data-gyg-cmp=\"ctrt_it\" data-gyg-partner-id=\"JQVKNNW\" data-gyg-q=\"christ the redeemer\"><span>Powered by <a target=\"_blank\" rel=\"sponsored nofollow noopener\" href=\"https:\/\/www.getyourguide.com\/christ-the-redeemer-rio-de-janeiro-l3784\/\">GetYourGuide<\/a><\/span><\/div>\n\n<\/div>\n<\/div>\n\n\n<p><\/p>\n","protected":false},"excerpt":{"rendered":"<p>Statua del Cristo Redentore Il Cristo Redentore, che domina Rio de Janeiro, \u00e8 un simbolo mozzafiato di fede, arte e storia che attira milioni di persone da tutto il mondo. Dalla vista dominante sulla montagna del Corcovado ai dettagli intricati del suo design, questo monumento \u00e8 pi\u00f9 di una semplice statua: \u00e8 un&#8217;esperienza che lascia &#8230; <a title=\"Casa\" class=\"read-more\" href=\"https:\/\/christtheredeemertickets.com\/it\/\" aria-label=\"Read more about Casa\">Read more<\/a><\/p>\n","protected":false},"author":1,"featured_media":0,"parent":0,"menu_order":0,"comment_status":"closed","ping_status":"closed","template":"","meta":{"_acf_changed":false,"footnotes":""},"tags":[],"class_list":["post-6","page","type-page","status-publish"],"acf":[],"_links":{"self":[{"href":"https:\/\/christtheredeemertickets.com\/it\/wp-json\/wp\/v2\/pages\/6","targetHints":{"allow":["GET"]}}],"collection":[{"href":"https:\/\/christtheredeemertickets.com\/it\/wp-json\/wp\/v2\/pages"}],"about":[{"href":"https:\/\/christtheredeemertickets.com\/it\/wp-json\/wp\/v2\/types\/page"}],"author":[{"embeddable":true,"href":"https:\/\/christtheredeemertickets.com\/it\/wp-json\/wp\/v2\/users\/1"}],"replies":[{"embeddable":true,"href":"https:\/\/christtheredeemertickets.com\/it\/wp-json\/wp\/v2\/comments?post=6"}],"version-history":[{"count":48,"href":"https:\/\/christtheredeemertickets.com\/it\/wp-json\/wp\/v2\/pages\/6\/revisions"}],"predecessor-version":[{"id":441,"href":"https:\/\/christtheredeemertickets.com\/it\/wp-json\/wp\/v2\/pages\/6\/revisions\/441"}],"wp:attachment":[{"href":"https:\/\/christtheredeemertickets.com\/it\/wp-json\/wp\/v2\/media?parent=6"}],"wp:term":[{"taxonomy":"post_tag","embeddable":true,"href":"https:\/\/christtheredeemertickets.com\/it\/wp-json\/wp\/v2\/tags?post=6"}],"curies":[{"name":"wp","href":"https:\/\/api.w.org\/{rel}","templated":true}]}}