{"id":174,"date":"2024-10-28T15:35:48","date_gmt":"2024-10-28T15:35:48","guid":{"rendered":"https:\/\/christtheredeemertickets.com\/it\/?page_id=174"},"modified":"2025-03-09T13:27:06","modified_gmt":"2025-03-09T12:27:06","slug":"storia","status":"publish","type":"page","link":"https:\/\/christtheredeemertickets.com\/it\/storia\/","title":{"rendered":"Storia della Statua del Cristo Redentore"},"content":{"rendered":"\n<p><strong>Vi siete mai chiesti la storia del simbolo pi\u00f9 iconico di Rio de Janeiro, il Cristo Redentore?<\/strong> Arroccata in cima al monte Corcovado, questa statua colossale \u00e8 diventata un simbolo globale di fede, unit\u00e0 e pace.<\/p>\n\n\n\n<p>Il suo viaggio da un&#8217;idea visionaria negli anni &#8217;50 del XIX secolo a una delle Nuove Sette Meraviglie del Mondo \u00e8 una storia di perseveranza, arte e importanza culturale. Unisciti a noi per esplorare la sua storia affascinante, le sfide della sua costruzione e gli sforzi in corso per preservare questo capolavoro.<\/p>\n\n\n\n<h2 class=\"wp-block-heading\">La Visione che sta Dietro al Cristo Redentore<\/h2>\n\n\n\n<p>La storia del Cristo Redentore inizia ben prima della sua costruzione, con le prime idee e ispirazioni che hanno gettato le basi per questa statua iconica.<\/p>\n\n\n\n<h3 class=\"wp-block-heading\">Prime Idee e Ispirazioni (Prima degli Anni &#8217;20)<\/h3>\n\n\n\n<p>Immaginate Rio de Janeiro negli anni &#8217;50 del XIX secolo: paesaggi lussureggianti che si susseguono, canti di uccelli che riempiono l&#8217;aria e carrozze trainate da cavalli che si muovono lungo le strade acciottolate. In questo scenario pittoresco, \u00e8 nata un&#8217;idea audace: una statua che simboleggia la fede, l&#8217;unit\u00e0 e la pace in cima al monte Corcovado.<\/p>\n\n\n\n<p>La scintilla per il Cristo Redentore venne dalla principessa Isabella, figlia dell&#8217;imperatore Dom Pedro II. Lei e il clero locale hanno immaginato un monumento religioso che fosse un faro di speranza e spiritualit\u00e0 per il Brasile. Ma i cambiamenti politici e i vincoli finanziari hanno rallentato il loro sogno. Con il passaggio del Brasile dalla monarchia alla repubblica, l&#8217;entusiasmo \u00e8 scemato e il progetto \u00e8 stato accantonato, anche se il sogno \u00e8 rimasto in attesa del momento giusto per riemergere.<\/p>\n\n\n\n<p>Immaginate le strade trafficate dell&#8217;epoca, dove una statua cos\u00ec monumentale poteva sembrare visionaria e quasi impossibile.<\/p>\n\n\n\n<h3 class=\"wp-block-heading\">La Spinta per un Simbolo (Revival Anni &#8217;20)<\/h3>\n\n\n\n<p>Arriviamo agli anni &#8217;20, un&#8217;epoca di energia e ottimismo. Il Brasile celebrava il suo centesimo anno di indipendenza e quale modo migliore di celebrare questa pietra miliare se non facendo rivivere il sogno del Cristo Redentore? Un simbolo nazionale come questo potrebbe fungere da faro religioso e culturale.<\/p>\n\n\n\n<p>Questo entusiasmo rinvigorito ha riunito menti brillanti come <a href=\"https:\/\/christtheredeemertickets.com\/it\/architettura\/\">l&#8217;ingegnere Heitor da Silva Costa e l&#8217;artista Carlos Oswald<\/a>. L&#8217;idea originale di Oswald prevedeva che Cristo tenesse in mano un globo e una croce. Il disegno si \u00e8 poi evoluto nella figura a braccia aperte che conosciamo oggi, simbolo di pace e unit\u00e0. \u00c8 sorprendente come le visioni artistiche si adattino nel tempo!<\/p>\n\n\n\n<p>Oggi, camminando per le strade di Rio, si possono ancora sentire gli echi dell&#8217;entusiasmo di quell&#8217;epoca. La citt\u00e0 stessa sembra una tela vivente, con il Cristo Redentore come gioiello della corona, a ricordare lo spirito duraturo e l&#8217;unit\u00e0 del Brasile.<\/p>\n\n\n\n<h2 class=\"wp-block-heading\">Costruire l&#8217;Icona &#8211; Come \u00e8 Stato Realizzato il Cristo Redentore<\/h2>\n\n\n\n<p>La creazione del Cristo Redentore \u00e8 stata una meraviglia ingegneristica, con numerose sfide che hanno spinto i limiti della tecnologia e della creativit\u00e0.<\/p>\n\n\n\n<h3 class=\"wp-block-heading\">Pianificazione e Progettazione: Superare le Sfide<\/h3>\n\n\n\n<p>Costruire il Cristo Redentore non \u00e8 stata solo un&#8217;impresa ingegneristica, ma una missione coraggiosa alimentata da determinazione e innovazione. All&#8217;inizio del XX secolo la tecnologia era limitata, ma l&#8217;ambizione era smisurata. Un team di persone impegnate ha affrontato la sfida di trasportare tonnellate di cemento e pietra ollare su per i sentieri ripidi e tortuosi del monte Corcovado, una sfida logistica anche per gli standard odierni.<\/p>\n\n\n\n<p>I materiali della statua sono stati scelti con cura: <a href=\"https:\/\/christtheredeemertickets.com\/it\/fatti\/\">cemento armato per la stabilit\u00e0 e pietra ollare per la sua resistenza al clima tropicale di Rio<\/a>. Trasportare queste opere sul Corcovado senza elicotteri o gru moderne significava affidarsi a sistemi ferroviari e al puro sforzo umano. Gli operai hanno affrontato condizioni climatiche estreme e terreni difficili, ma hanno continuato a lavorare, spinti dall&#8217;obiettivo di creare qualcosa di monumentale.<\/p>\n\n\n\n<p><strong>Consiglio da insider: <\/strong>Quando ti trovi sotto la statua, non limitarti ad ammirare il panorama\u2014prenditi un momento per apprezzare l\u2019artigianato e la tenacia che hanno reso possibile la realizzazione di questo capolavoro. I loro sforzi hanno trasformato il paesaggio, incidendo la storia nella pietra.<\/p>\n\n\n\n<h3 class=\"wp-block-heading\">Fase di Costruzione: Un&#8217;Impresa Monumentale nel 1931<\/h3>\n\n\n\n<p>Nel 1931, dopo quasi un decennio di progettazione e costruzione, la costruzione del Cristo Redentore fu completata. Durante la cerimonia di inaugurazione, il mondo ha osservato con stupore l&#8217;imponente figura che, con le braccia spalancate, \u00e8 diventata un simbolo di pace e accoglienza su Rio de Janeiro.<\/p>\n\n\n\n<p>Alta 30 metri e con un braccio di 28 metri, la statua non \u00e8 solo un&#8217;opera d&#8217;arte, ma anche un caldo invito al mondo. Lo scultore francese Paul Landowski ha realizzato il volto della statua, catturando un&#8217;espressione di serenit\u00e0 visibile anche dalle strade di Rio.<\/p>\n\n\n\n<p>Quando si visita, si assiste a un&#8217;opera d&#8217;arte, a un trionfo dell&#8217;ingegneria e a una fetta di storia in un&#8217;unica soluzione. \u00c8 un&#8217;esperienza umiliante assistere a una rappresentazione cos\u00ec potente della creativit\u00e0 e della fede umana.<\/p>\n\n\n\n<h2 class=\"wp-block-heading\">Cristo Redentore nei Tempi Moderni<\/h2>\n\n\n\n<p>Sebbene il Cristo Redentore si erga oggi, la conservazione e il mantenimento di questa struttura \u00e8 uno sforzo continuo che riflette il suo significato duraturo.<\/p>\n\n\n\n<h3 class=\"wp-block-heading\">Sforzi di Conservazione e Progetti di Restauro<\/h3>\n\n\n\n<p>Immaginate di mantenere una statua di 98 piedi sulla cima di una montagna: un&#8217;impresa non da poco! Il clima tropicale di Rio \u00e8 caratterizzato da frequenti fulmini, forti piogge e un&#8217;elevata umidit\u00e0 che influiscono sulla durata della statua. Nel 2010 \u00e8 stato necessario un importante restauro dopo che un fulmine aveva colpito la statua, provocando crepe e danneggiando lo strato esterno di pietra ollare. Le squadre di restauro hanno riparato meticolosamente questi danni, sostituendo le piastrelle in pietra ollare provenienti da una cava vicino a Ouro Preto, famosa per la sua pietra di alta qualit\u00e0.<\/p>\n\n\n\n<p>Ispezioni e manutenzioni regolari mantengono il Cristo Redentore in condizioni ottimali, come un check-up per un&#8217;icona di 92 anni. Questa attenzione ai dettagli fa s\u00ec che rimanga un simbolo duraturo per le generazioni future.<\/p>\n\n\n\n<h3 class=\"wp-block-heading\">Il Ruolo Della Statua Oggi<\/h3>\n\n\n\n<p>Pi\u00f9 che un&#8217;<a href=\"https:\/\/christtheredeemertickets.com\/it\/visita\/\">attrazione turistica<\/a>, il Cristo Redentore svolge un ruolo attivo nella vita culturale e spirituale del Brasile. Durante il Carnevale di Rio, veglia silenziosamente sulla baldoria sottostante, simboleggiando il mix unico di celebrazione e spiritualit\u00e0 di Rio.<\/p>\n\n\n\n<p>Una delle mie esperienze pi\u00f9 memorabili \u00e8 stata durante la Giornata Mondiale della Giovent\u00f9, quando migliaia di pellegrini si sono radunati presso la statua. Vedere lo skyline di Rio dalla base del Cristo Redentore al tramonto \u00e8 indimenticabile. Vi consiglio di programmare la visita per il tramonto: la vista \u00e8 semplicemente mozzafiato.<\/p>\n\n\n\n<p>Spesso illuminato con colori diversi in onore di eventi globali, il Cristo Redentore si erge oggi come un faro di speranza, unit\u00e0 e resilienza, collegando il Brasile al mondo intero.<\/p>\n\n\n\n<p><strong>Prenotate i vostri <a href=\"https:\/\/christtheredeemertickets.com\/it\/biglietti\/\">biglietti <\/a>o una <a href=\"https:\/\/christtheredeemertickets.com\/it\/tour\/\">visita guidata<\/a> per conoscere il Cristo Redentore a Rio.<\/strong><\/p>\n","protected":false},"excerpt":{"rendered":"<p>Vi siete mai chiesti la storia del simbolo pi\u00f9 iconico di Rio de Janeiro, il Cristo Redentore? Arroccata in cima al monte Corcovado, questa statua colossale \u00e8 diventata un simbolo globale di fede, unit\u00e0 e pace. Il suo viaggio da un&#8217;idea visionaria negli anni &#8217;50 del XIX secolo a una delle Nuove Sette Meraviglie del &#8230; <a title=\"Storia della Statua del Cristo Redentore\" class=\"read-more\" href=\"https:\/\/christtheredeemertickets.com\/it\/storia\/\" aria-label=\"Read more about Storia della Statua del Cristo Redentore\">Read more<\/a><\/p>\n","protected":false},"author":1,"featured_media":0,"parent":0,"menu_order":4,"comment_status":"closed","ping_status":"closed","template":"","meta":{"_acf_changed":false,"footnotes":""},"tags":[],"class_list":["post-174","page","type-page","status-publish"],"acf":[],"_links":{"self":[{"href":"https:\/\/christtheredeemertickets.com\/it\/wp-json\/wp\/v2\/pages\/174","targetHints":{"allow":["GET"]}}],"collection":[{"href":"https:\/\/christtheredeemertickets.com\/it\/wp-json\/wp\/v2\/pages"}],"about":[{"href":"https:\/\/christtheredeemertickets.com\/it\/wp-json\/wp\/v2\/types\/page"}],"author":[{"embeddable":true,"href":"https:\/\/christtheredeemertickets.com\/it\/wp-json\/wp\/v2\/users\/1"}],"replies":[{"embeddable":true,"href":"https:\/\/christtheredeemertickets.com\/it\/wp-json\/wp\/v2\/comments?post=174"}],"version-history":[{"count":8,"href":"https:\/\/christtheredeemertickets.com\/it\/wp-json\/wp\/v2\/pages\/174\/revisions"}],"predecessor-version":[{"id":447,"href":"https:\/\/christtheredeemertickets.com\/it\/wp-json\/wp\/v2\/pages\/174\/revisions\/447"}],"wp:attachment":[{"href":"https:\/\/christtheredeemertickets.com\/it\/wp-json\/wp\/v2\/media?parent=174"}],"wp:term":[{"taxonomy":"post_tag","embeddable":true,"href":"https:\/\/christtheredeemertickets.com\/it\/wp-json\/wp\/v2\/tags?post=174"}],"curies":[{"name":"wp","href":"https:\/\/api.w.org\/{rel}","templated":true}]}}