{"id":164,"date":"2024-10-23T19:02:42","date_gmt":"2024-10-23T19:02:42","guid":{"rendered":"https:\/\/christtheredeemertickets.com\/it\/?page_id=164"},"modified":"2025-01-17T23:26:00","modified_gmt":"2025-01-17T22:26:00","slug":"avviso-legale","status":"publish","type":"page","link":"https:\/\/christtheredeemertickets.com\/it\/avviso-legale\/","title":{"rendered":"Avviso Legale"},"content":{"rendered":"\n<p>Il presente Avviso Legale si applica ai biglietti per il Cristo Redentore, accessibili dal sito <a href=\"https:\/\/christtheredeemertickets.com\/it\/\">https:\/\/christtheredeemertickets.com\/.<\/a> Utilizzando questo sito web, l&#8217;utente accetta le condizioni qui riportate. Se non siete d&#8217;accordo, siete pregati di non utilizzare il nostro sito.<\/p>\n\n\n\n<hr class=\"wp-block-separator has-alpha-channel-opacity\" \/>\n\n\n\n<h2 class=\"wp-block-heading\">Limitazione di Responsabilit\u00e0<\/h2>\n\n\n\n<p>Christ the Redeemer Tickets offre contenuti &#8220;cos\u00ec com&#8217;\u00e8&#8221; e non fornisce alcuna garanzia in merito all&#8217;accuratezza, all&#8217;affidabilit\u00e0 o alla completezza delle informazioni. Non siamo responsabili per eventuali danni o perdite derivanti dall&#8217;uso di questo sito web, inclusi ma non limitati a:<\/p>\n\n\n\n<ul class=\"wp-block-list\">\n<li>Errori o omissioni nel contenuto<\/li>\n\n\n\n<li>Indisponibilit\u00e0 o interruzione del sito web<\/li>\n\n\n\n<li>Virus o codici dannosi che possono essere trasmessi attraverso i nostri contenuti<\/li>\n<\/ul>\n\n\n\n<h2 class=\"wp-block-heading\">Divulgazione delle Affiliazioni<\/h2>\n\n\n\n<p>Christ the Redeemer Tickets partecipa a programmi di affiliazione con <strong>GetYourGuide<\/strong> e <strong>Tiqets<\/strong>, che ci permettono di guadagnare commissioni sulle vendite di biglietti generate attraverso i link di affiliazione. Le nostre raccomandazioni si basano sulle informazioni generali disponibili su questi servizi e invitiamo gli utenti a esaminare i siti e le politiche di terzi prima di procedere all&#8217;acquisto.<\/p>\n\n\n\n<h2 class=\"wp-block-heading\">Contenuti di Terze Parti<\/h2>\n\n\n\n<p>Il nostro sito web pu\u00f2 contenere link a siti web di terzi o contenuti incorporati. Questi siti esterni operano in modo indipendente e non sono sotto il nostro controllo. Christ the Redeemer Tickets non approva n\u00e9 si assume la responsabilit\u00e0 di alcun contenuto, servizio o prodotto disponibile su siti web di terzi.<\/p>\n\n\n\n<h2 class=\"wp-block-heading\">Modifiche<\/h2>\n\n\n\n<p>Ci riserviamo il diritto di modificare o interrompere questo sito web o qualsiasi parte del suo contenuto in qualsiasi momento senza preavviso. Le modifiche all&#8217;Avviso legale, all&#8217;Informativa sulla privacy o all&#8217;Informativa sui cookie saranno aggiornate su questa pagina.<\/p>\n\n\n\n<h2 class=\"wp-block-heading\">Legge Applicabile e Giurisdizione<\/h2>\n\n\n\n<p>Il presente Avviso Legale \u00e8 regolato dalle leggi dell&#8217;Estonia. Qualsiasi controversia derivante da questo avviso o dall&#8217;uso di questo sito web sar\u00e0 soggetta alla giurisdizione esclusiva dei tribunali estoni.<\/p>\n\n\n\n<p>Per domande su questo Avviso Legale, si prega di contattarci all&#8217;indirizzo hello+legal@christtheredeemertickets.com.<\/p>\n","protected":false},"excerpt":{"rendered":"<p>Il presente Avviso Legale si applica ai biglietti per il Cristo Redentore, accessibili dal sito https:\/\/christtheredeemertickets.com\/. Utilizzando questo sito web, l&#8217;utente accetta le condizioni qui riportate. Se non siete d&#8217;accordo, siete pregati di non utilizzare il nostro sito. Limitazione di Responsabilit\u00e0 Christ the Redeemer Tickets offre contenuti &#8220;cos\u00ec com&#8217;\u00e8&#8221; e non fornisce alcuna garanzia in &#8230; <a title=\"Avviso Legale\" class=\"read-more\" href=\"https:\/\/christtheredeemertickets.com\/it\/avviso-legale\/\" aria-label=\"Read more about Avviso Legale\">Read more<\/a><\/p>\n","protected":false},"author":1,"featured_media":0,"parent":0,"menu_order":10,"comment_status":"closed","ping_status":"closed","template":"","meta":{"_acf_changed":false,"footnotes":""},"tags":[],"class_list":["post-164","page","type-page","status-publish"],"acf":[],"_links":{"self":[{"href":"https:\/\/christtheredeemertickets.com\/it\/wp-json\/wp\/v2\/pages\/164","targetHints":{"allow":["GET"]}}],"collection":[{"href":"https:\/\/christtheredeemertickets.com\/it\/wp-json\/wp\/v2\/pages"}],"about":[{"href":"https:\/\/christtheredeemertickets.com\/it\/wp-json\/wp\/v2\/types\/page"}],"author":[{"embeddable":true,"href":"https:\/\/christtheredeemertickets.com\/it\/wp-json\/wp\/v2\/users\/1"}],"replies":[{"embeddable":true,"href":"https:\/\/christtheredeemertickets.com\/it\/wp-json\/wp\/v2\/comments?post=164"}],"version-history":[{"count":6,"href":"https:\/\/christtheredeemertickets.com\/it\/wp-json\/wp\/v2\/pages\/164\/revisions"}],"predecessor-version":[{"id":443,"href":"https:\/\/christtheredeemertickets.com\/it\/wp-json\/wp\/v2\/pages\/164\/revisions\/443"}],"wp:attachment":[{"href":"https:\/\/christtheredeemertickets.com\/it\/wp-json\/wp\/v2\/media?parent=164"}],"wp:term":[{"taxonomy":"post_tag","embeddable":true,"href":"https:\/\/christtheredeemertickets.com\/it\/wp-json\/wp\/v2\/tags?post=164"}],"curies":[{"name":"wp","href":"https:\/\/api.w.org\/{rel}","templated":true}]}}