{"id":158,"date":"2024-10-23T18:53:11","date_gmt":"2024-10-23T18:53:11","guid":{"rendered":"https:\/\/christtheredeemertickets.com\/it\/?page_id=158"},"modified":"2025-01-18T00:08:51","modified_gmt":"2025-01-17T23:08:51","slug":"circa","status":"publish","type":"page","link":"https:\/\/christtheredeemertickets.com\/it\/circa\/","title":{"rendered":"Circa"},"content":{"rendered":"\n<h1 class=\"wp-block-heading\">Informazioni sui Biglietti per il Cristo Redentore<\/h1>\n\n\n\n<p><\/p>\n\n\n\n<p>Benvenuti su <strong>Christ the Redeemer Tickets<\/strong>, la vostra fonte di fiducia per scoprire e prenotare esperienze indimenticabili in uno dei luoghi pi\u00f9 iconici del mondo, la statua del Cristo Redentore a Rio de Janeiro.<\/p>\n\n\n\n<p>La nostra missione \u00e8 semplice: rendere la vostra visita a questo sito impressionante il pi\u00f9 semplice e memorabile possibile. Sia che vogliate saltare le file, trovare i tour migliori o saperne di pi\u00f9 sulla ricca storia e sul significato della statua, vi abbiamo pensato noi.<\/p>\n\n\n\n<h3 class=\"wp-block-heading\">Perch\u00e9 Scegliere Noi?<\/h3>\n\n\n\n<p>Noi di <strong>Christ the Redeemer Tickets<\/strong> siamo orgogliosi di offrire:<\/p>\n\n\n\n<ul class=\"wp-block-list\">\n<li><strong>Biglietti ufficiali<\/strong>: Assicuratevi il vostro posto con opzioni di biglietteria verificate e affidabili per accedere alla statua e alle attrazioni circostanti.<\/li>\n\n\n\n<li><strong>Guida esperta<\/strong>: Forniamo approfondimenti e consigli dettagliati per assicurarvi di ottenere il massimo dalla vostra visita, da quando andare a come sfruttare al meglio la vostra esperienza.<\/li>\n<\/ul>\n\n\n\n<h3 class=\"wp-block-heading\">La Nostra Promessa<\/h3>\n\n\n\n<p>Sappiamo che per molti visitare il Cristo Redentore \u00e8 un&#8217;esperienza che capita una sola volta nella vita. Per questo motivo ci proponiamo di semplificare il processo di prenotazione e di assicurarvi tutte le informazioni necessarie per sfruttare al meglio il vostro viaggio.<\/p>\n\n\n\n<p>La nostra piattaforma vi avvicina a una delle Nuove Sette Meraviglie del Mondo. Che siate in viaggio da soli, con la famiglia o in gruppo, <strong>Christ the Redeemer Tickets<\/strong> \u00e8 qui per rendere la vostra visita agevole, piacevole e davvero indimenticabile.<\/p>\n\n\n\n<p>Grazie per aver scelto i <strong>Christ the Redeemer Tickets<\/strong>: non vediamo l&#8217;ora di aiutarvi a esplorare questa meraviglia iconica in tutta la sua grandezza!<\/p>\n\n\n\n<h2 class=\"wp-block-heading\"> Contatto<\/h2>\n\n\n\n<p>Saremo lieti di ascoltarvi! <\/p>\n\n\n\n<h3 class=\"wp-block-heading\">Come Mettersi in Contatto<\/h3>\n\n\n\n<p><strong>Email<\/strong>: Per qualsiasi domanda o supporto, non esitate a contattarci a hello[@]christtheredeemertickets[dot]com<\/p>\n\n\n\n<h3 class=\"wp-block-heading\">Domande Comuni<\/h3>\n\n\n\n<p>Prima di contattarci, potreste trovare la risposta alla vostra domanda nella nostra <a href=\"https:\/\/christtheredeemertickets.com\/it\/visita\/\">sezione FAQ<\/a>, dove trattiamo argomenti popolari come:<\/p>\n\n\n\n<ul class=\"wp-block-list\">\n<li>Orari di visita e suggerimenti<\/li>\n\n\n\n<li>Come acquistare i biglietti<\/li>\n\n\n\n<li>Conferme di prenotazione<\/li>\n\n\n\n<li>Disponibilit\u00e0 del tour<\/li>\n<\/ul>\n\n\n\n<p><\/p>\n","protected":false},"excerpt":{"rendered":"<p>Informazioni sui Biglietti per il Cristo Redentore Benvenuti su Christ the Redeemer Tickets, la vostra fonte di fiducia per scoprire e prenotare esperienze indimenticabili in uno dei luoghi pi\u00f9 iconici del mondo, la statua del Cristo Redentore a Rio de Janeiro. La nostra missione \u00e8 semplice: rendere la vostra visita a questo sito impressionante il &#8230; <a title=\"Circa\" class=\"read-more\" href=\"https:\/\/christtheredeemertickets.com\/it\/circa\/\" aria-label=\"Read more about Circa\">Read more<\/a><\/p>\n","protected":false},"author":1,"featured_media":0,"parent":0,"menu_order":7,"comment_status":"closed","ping_status":"closed","template":"","meta":{"_acf_changed":false,"footnotes":""},"tags":[],"class_list":["post-158","page","type-page","status-publish"],"acf":[],"_links":{"self":[{"href":"https:\/\/christtheredeemertickets.com\/it\/wp-json\/wp\/v2\/pages\/158","targetHints":{"allow":["GET"]}}],"collection":[{"href":"https:\/\/christtheredeemertickets.com\/it\/wp-json\/wp\/v2\/pages"}],"about":[{"href":"https:\/\/christtheredeemertickets.com\/it\/wp-json\/wp\/v2\/types\/page"}],"author":[{"embeddable":true,"href":"https:\/\/christtheredeemertickets.com\/it\/wp-json\/wp\/v2\/users\/1"}],"replies":[{"embeddable":true,"href":"https:\/\/christtheredeemertickets.com\/it\/wp-json\/wp\/v2\/comments?post=158"}],"version-history":[{"count":13,"href":"https:\/\/christtheredeemertickets.com\/it\/wp-json\/wp\/v2\/pages\/158\/revisions"}],"predecessor-version":[{"id":444,"href":"https:\/\/christtheredeemertickets.com\/it\/wp-json\/wp\/v2\/pages\/158\/revisions\/444"}],"wp:attachment":[{"href":"https:\/\/christtheredeemertickets.com\/it\/wp-json\/wp\/v2\/media?parent=158"}],"wp:term":[{"taxonomy":"post_tag","embeddable":true,"href":"https:\/\/christtheredeemertickets.com\/it\/wp-json\/wp\/v2\/tags?post=158"}],"curies":[{"name":"wp","href":"https:\/\/api.w.org\/{rel}","templated":true}]}}