{"id":6,"date":"2024-10-21T08:30:14","date_gmt":"2024-10-21T08:30:14","guid":{"rendered":"https:\/\/christtheredeemertickets.com\/fr\/?page_id=6"},"modified":"2025-03-09T14:30:31","modified_gmt":"2025-03-09T13:30:31","slug":"domicile","status":"publish","type":"page","link":"https:\/\/christtheredeemertickets.com\/fr\/","title":{"rendered":"Accueil"},"content":{"rendered":"\n<h2 class=\"wp-block-heading\">Statue du Christ R\u00e9dempteur<\/h2>\n\n\n\n<p>Dominant Rio de Janeiro, le Christ R\u00e9dempteur est un symbole \u00e9poustouflant de foi, d&#8217;art et d&#8217;histoire, qui attire des millions de personnes du monde entier. De sa vue dominante sur le mont Corcovado aux d\u00e9tails complexes de sa conception, ce monument est plus qu&#8217;une simple statue: c&#8217;est une exp\u00e9rience qui laisse une impression durable. D\u00e9couvrez tout ce dont vous avez besoin pour tirer le meilleur parti de votre visite de l&#8217;une des sept nouvelles merveilles du monde.<\/p>\n\n\n<div class=\"gb-container gb-container-31f67870\">\n<div class=\"gb-container gb-container-d7b4bbc7\">\n<div class=\"gb-grid-wrapper gb-grid-wrapper-2e490129\">\n<div class=\"gb-grid-column gb-grid-column-c4c350be\"><div class=\"gb-container gb-container-c4c350be\">\n\n<figure class=\"gb-block-image gb-block-image-aa3a8206\"><img loading=\"lazy\" decoding=\"async\" width=\"1920\" height=\"1080\" class=\"gb-image gb-image-aa3a8206\" src=\"https:\/\/christtheredeemertickets.com\/wp-content\/uploads\/2024\/10\/f-christ-the-redeemer-sunset.jpg\" alt=\"Christ the Redeemer statue at sunset on a mountain in Rio de Janeiro, surrounded by lush green forest with mountains in the background.\" srcset=\"https:\/\/christtheredeemertickets.com\/fr\/wp-content\/uploads\/2024\/10\/f-christ-the-redeemer-sunset.jpg 1920w, https:\/\/christtheredeemertickets.com\/fr\/wp-content\/uploads\/2024\/10\/f-christ-the-redeemer-sunset-300x169.jpg 300w, https:\/\/christtheredeemertickets.com\/fr\/wp-content\/uploads\/2024\/10\/f-christ-the-redeemer-sunset-1024x576.jpg 1024w, https:\/\/christtheredeemertickets.com\/fr\/wp-content\/uploads\/2024\/10\/f-christ-the-redeemer-sunset-768x432.jpg 768w, https:\/\/christtheredeemertickets.com\/fr\/wp-content\/uploads\/2024\/10\/f-christ-the-redeemer-sunset-1536x864.jpg 1536w\" sizes=\"auto, (max-width: 1920px) 100vw, 1920px\" \/><\/figure>\n\n\n\n<h2 class=\"gb-headline gb-headline-c58111f6 gb-headline-text\"><a href=\"https:\/\/christtheredeemertickets.com\/fr\/billets\/\">Billets<\/a><\/h2>\n\n\n\n<p>Il est facile de planifier votre visite au Christ R\u00e9dempteur gr\u00e2ce \u00e0 une gamme d&#8217;options de billets qui conviennent \u00e0 tous les types de voyageurs. Choisissez parmi les billets d&#8217;entr\u00e9e standard, les laissez-passer et les exp\u00e9riences guid\u00e9es pour faire de votre voyage un moment inoubliable. En r\u00e9servant \u00e0 l&#8217;avance, vous vous assurez une place et vous profitez d&#8217;une exp\u00e9rience sans tracas \u00e0 votre arriv\u00e9e.<\/p>\n\n\n\n<p><a href=\"https:\/\/christtheredeemertickets.com\/fr\/billets\/\">R\u00e9servez vos billets &#8220;sans file d&#8217;attente&#8221;<\/a><\/p>\n\n<\/div><\/div>\n\n<div class=\"gb-grid-column gb-grid-column-029be6b4\"><div class=\"gb-container gb-container-029be6b4\">\n\n<figure class=\"gb-block-image gb-block-image-c4cc4fa2\"><img loading=\"lazy\" decoding=\"async\" width=\"1920\" height=\"1080\" class=\"gb-image gb-image-c4cc4fa2\" src=\"https:\/\/christtheredeemertickets.com\/wp-content\/uploads\/2024\/10\/f-christ-the-redeemer-night-silhouette.jpg\" alt=\"Silhouette of Christ the Redeemer statue captured on a smartphone at dusk, with a person holding the phone and the sky darkening in the background.\" srcset=\"https:\/\/christtheredeemertickets.com\/fr\/wp-content\/uploads\/2024\/10\/f-christ-the-redeemer-night-silhouette.jpg 1920w, https:\/\/christtheredeemertickets.com\/fr\/wp-content\/uploads\/2024\/10\/f-christ-the-redeemer-night-silhouette-300x169.jpg 300w, https:\/\/christtheredeemertickets.com\/fr\/wp-content\/uploads\/2024\/10\/f-christ-the-redeemer-night-silhouette-1024x576.jpg 1024w, https:\/\/christtheredeemertickets.com\/fr\/wp-content\/uploads\/2024\/10\/f-christ-the-redeemer-night-silhouette-768x432.jpg 768w, https:\/\/christtheredeemertickets.com\/fr\/wp-content\/uploads\/2024\/10\/f-christ-the-redeemer-night-silhouette-1536x864.jpg 1536w\" sizes=\"auto, (max-width: 1920px) 100vw, 1920px\" \/><\/figure>\n\n\n\n<h2 class=\"gb-headline gb-headline-1f45de2c gb-headline-text\"><a href=\"https:\/\/christtheredeemertickets.com\/fr\/tournees\/\">Les visites guid\u00e9es<\/a><\/h2>\n\n\n\n<p>Am\u00e9liorez votre visite du Christ R\u00e9dempteur avec l&#8217;une de nos visites guid\u00e9es sp\u00e9cialement con\u00e7ues \u00e0 cet effet. Vous avez le choix entre des exp\u00e9riences priv\u00e9es, des visites de groupe et des forfaits \u00e0 arr\u00eats multiples incluant des attractions \u00e0 proximit\u00e9. Chaque visite est con\u00e7ue pour offrir des perspectives uniques, guid\u00e9e par des experts qui partagent l&#8217;histoire, la culture et les r\u00e9cits qui se cachent derri\u00e8re ce monument de renomm\u00e9e mondiale.<\/p>\n\n\n\n<p><a href=\"https:\/\/christtheredeemertickets.com\/fr\/tournees\/\">Consultez nos forfaits touristiques pour une exp\u00e9rience guid\u00e9e<\/a><\/p>\n\n<\/div><\/div>\n\n<div class=\"gb-grid-column gb-grid-column-d2be5655\"><div class=\"gb-container gb-container-d2be5655\">\n\n<figure class=\"gb-block-image gb-block-image-8b01bfc8\"><img loading=\"lazy\" decoding=\"async\" width=\"1920\" height=\"1080\" class=\"gb-image gb-image-8b01bfc8\" src=\"https:\/\/christtheredeemertickets.com\/wp-content\/uploads\/2024\/10\/f-tourist-taking-photo-at-christ-the-redeemer-statue.jpg\" alt=\"\" title=\"f-tourist-taking-photo-at-christ-the-redeemer-statue\" srcset=\"https:\/\/christtheredeemertickets.com\/fr\/wp-content\/uploads\/2024\/10\/f-tourist-taking-photo-at-christ-the-redeemer-statue.jpg 1920w, https:\/\/christtheredeemertickets.com\/fr\/wp-content\/uploads\/2024\/10\/f-tourist-taking-photo-at-christ-the-redeemer-statue-300x169.jpg 300w, https:\/\/christtheredeemertickets.com\/fr\/wp-content\/uploads\/2024\/10\/f-tourist-taking-photo-at-christ-the-redeemer-statue-1024x576.jpg 1024w, https:\/\/christtheredeemertickets.com\/fr\/wp-content\/uploads\/2024\/10\/f-tourist-taking-photo-at-christ-the-redeemer-statue-768x432.jpg 768w, https:\/\/christtheredeemertickets.com\/fr\/wp-content\/uploads\/2024\/10\/f-tourist-taking-photo-at-christ-the-redeemer-statue-1536x864.jpg 1536w\" sizes=\"auto, (max-width: 1920px) 100vw, 1920px\" \/><\/figure>\n\n\n\n<h2 class=\"gb-headline gb-headline-e9b6a98a gb-headline-text\"><a href=\"https:\/\/christtheredeemertickets.com\/fr\/visiter\/\">Visiter<\/a><\/h2>\n\n\n\n<p>Tirez le meilleur parti de votre visite au Christ R\u00e9dempteur gr\u00e2ce \u00e0 des d\u00e9tails pratiques sur la fa\u00e7on de s&#8217;y rendre, les meilleures heures de visite et ce \u00e0 quoi vous pouvez vous attendre. Des options de transport aux conseils pour \u00e9viter les foules, vous trouverez tout ce dont vous avez besoin pour vivre une exp\u00e9rience agr\u00e9able et sans encombre.<\/p>\n\n\n\n<p><a href=\"https:\/\/christtheredeemertickets.com\/fr\/visiter\/\">Planifiez votre visite gr\u00e2ce \u00e0 des conseils utiles et des informations essentielles<\/a><\/p>\n\n<\/div><\/div>\n<\/div>\n\n<div class=\"gb-grid-wrapper gb-grid-wrapper-39a0322f\">\n<div class=\"gb-grid-column gb-grid-column-b54b1b6c\"><div class=\"gb-container gb-container-b54b1b6c\">\n\n<figure class=\"gb-block-image gb-block-image-833ee72a\"><img loading=\"lazy\" decoding=\"async\" width=\"1920\" height=\"1080\" class=\"gb-image gb-image-833ee72a\" src=\"https:\/\/christtheredeemertickets.com\/wp-content\/uploads\/2024\/10\/f-tourists-at-christ-the-redeemer-statue-rio.jpg\" alt=\"Visiterors standing on the steps in front of the Christ the Redeemer statue in Rio de Janeiro, with clear skies in the background.\" srcset=\"https:\/\/christtheredeemertickets.com\/fr\/wp-content\/uploads\/2024\/10\/f-tourists-at-christ-the-redeemer-statue-rio.jpg 1920w, https:\/\/christtheredeemertickets.com\/fr\/wp-content\/uploads\/2024\/10\/f-tourists-at-christ-the-redeemer-statue-rio-300x169.jpg 300w, https:\/\/christtheredeemertickets.com\/fr\/wp-content\/uploads\/2024\/10\/f-tourists-at-christ-the-redeemer-statue-rio-1024x576.jpg 1024w, https:\/\/christtheredeemertickets.com\/fr\/wp-content\/uploads\/2024\/10\/f-tourists-at-christ-the-redeemer-statue-rio-768x432.jpg 768w, https:\/\/christtheredeemertickets.com\/fr\/wp-content\/uploads\/2024\/10\/f-tourists-at-christ-the-redeemer-statue-rio-1536x864.jpg 1536w\" sizes=\"auto, (max-width: 1920px) 100vw, 1920px\" \/><\/figure>\n\n\n\n<h2 class=\"gb-headline gb-headline-0294488a gb-headline-text\"><a href=\"https:\/\/christtheredeemertickets.com\/fr\/lhistoire\/\">L&#8217;histoire<\/a><\/h2>\n\n\n\n<p>D\u00e9couvrez la riche histoire du Christ R\u00e9dempteur, un monument qui, depuis son ach\u00e8vement en 1931, est un phare de la foi et de la culture. D\u00e9couvrez sa conception, le processus complexe de sa construction et l&#8217;importance mondiale qui lui a valu de figurer parmi les sept nouvelles merveilles du monde.<\/p>\n\n\n\n<p><a href=\"https:\/\/christtheredeemertickets.com\/fr\/lhistoire\/\">Plongez dans l&#8217;histoire de l&#8217;un des monuments les plus c\u00e9l\u00e8bres du monde<\/a><\/p>\n\n<\/div><\/div>\n\n<div class=\"gb-grid-column gb-grid-column-5a80ba22\"><div class=\"gb-container gb-container-5a80ba22\">\n\n<figure class=\"gb-block-image gb-block-image-ac9c9d16\"><img loading=\"lazy\" decoding=\"async\" width=\"1920\" height=\"1080\" class=\"gb-image gb-image-ac9c9d16\" src=\"https:\/\/christtheredeemertickets.com\/wp-content\/uploads\/2024\/10\/f-view-from-christ-the-redeemer-statue.jpg\" alt=\"A panoramic view of Rio de Janeiro's coastline, showing the city, boats in the bay, and the iconic Sugarloaf Mountain under a clear blue sky.\" srcset=\"https:\/\/christtheredeemertickets.com\/fr\/wp-content\/uploads\/2024\/10\/f-view-from-christ-the-redeemer-statue.jpg 1920w, https:\/\/christtheredeemertickets.com\/fr\/wp-content\/uploads\/2024\/10\/f-view-from-christ-the-redeemer-statue-300x169.jpg 300w, https:\/\/christtheredeemertickets.com\/fr\/wp-content\/uploads\/2024\/10\/f-view-from-christ-the-redeemer-statue-1024x576.jpg 1024w, https:\/\/christtheredeemertickets.com\/fr\/wp-content\/uploads\/2024\/10\/f-view-from-christ-the-redeemer-statue-768x432.jpg 768w, https:\/\/christtheredeemertickets.com\/fr\/wp-content\/uploads\/2024\/10\/f-view-from-christ-the-redeemer-statue-1536x864.jpg 1536w\" sizes=\"auto, (max-width: 1920px) 100vw, 1920px\" \/><\/figure>\n\n\n\n<h2 class=\"gb-headline gb-headline-d96b50ca gb-headline-text\"><a href=\"https:\/\/christtheredeemertickets.com\/fr\/faits\/\">Les faits<\/a><\/h2>\n\n\n\n<p>Le Christ R\u00e9dempteur est rempli de d\u00e9tails fascinants et de statistiques surprenantes qui le rendent unique. De sa hauteur vertigineuse aux mat\u00e9riaux rares utilis\u00e9s pour sa construction, d\u00e9couvrez les faits qui expliquent pourquoi ce monument est admir\u00e9 par des millions de personnes chaque ann\u00e9e.<\/p>\n\n\n\n<p><a href=\"https:\/\/christtheredeemertickets.com\/fr\/faits\/\">D\u00e9couvrez les faits fascinants qui rendent le Christ R\u00e9dempteur vraiment unique<\/a><\/p>\n\n<\/div><\/div>\n\n<div class=\"gb-grid-column gb-grid-column-fe7695be\"><div class=\"gb-container gb-container-fe7695be\">\n\n<figure class=\"gb-block-image gb-block-image-2fe365e4\"><img loading=\"lazy\" decoding=\"async\" width=\"1920\" height=\"1080\" class=\"gb-image gb-image-2fe365e4\" src=\"https:\/\/christtheredeemertickets.com\/wp-content\/uploads\/2024\/10\/f-christ-the-redeemer-close-up.jpg\" alt=\"Close-up of the Christ the Redeemer statue in Rio de Janeiro, showing the statue's outstretched arms against a clear blue sky.\" srcset=\"https:\/\/christtheredeemertickets.com\/fr\/wp-content\/uploads\/2024\/10\/f-christ-the-redeemer-close-up.jpg 1920w, https:\/\/christtheredeemertickets.com\/fr\/wp-content\/uploads\/2024\/10\/f-christ-the-redeemer-close-up-300x169.jpg 300w, https:\/\/christtheredeemertickets.com\/fr\/wp-content\/uploads\/2024\/10\/f-christ-the-redeemer-close-up-1024x576.jpg 1024w, https:\/\/christtheredeemertickets.com\/fr\/wp-content\/uploads\/2024\/10\/f-christ-the-redeemer-close-up-768x432.jpg 768w, https:\/\/christtheredeemertickets.com\/fr\/wp-content\/uploads\/2024\/10\/f-christ-the-redeemer-close-up-1536x864.jpg 1536w\" sizes=\"auto, (max-width: 1920px) 100vw, 1920px\" \/><\/figure>\n\n\n\n<h2 class=\"gb-headline gb-headline-e64a2d5b gb-headline-text\"><a href=\"https:\/\/christtheredeemertickets.com\/fr\/larchitecture\/\">Architecture<\/a><\/h2>\n\n\n\n<p>La conception du Christ R\u00e9dempteur est une merveille architecturale, m\u00ealant le style Art d\u00e9co \u00e0 une ing\u00e9nierie innovante pour cr\u00e9er une statue qui r\u00e9siste aux \u00e9l\u00e9ments. D\u00e9couvrez les d\u00e9tails de sa construction, les mat\u00e9riaux choisis et la conception strat\u00e9gique qui lui permet de r\u00e9sister aux conditions climatiques et au terrain difficiles de Rio.<\/p>\n\n\n\n<p><a href=\"https:\/\/christtheredeemertickets.com\/fr\/larchitecture\/\">En savoir plus sur l&#8217;ing\u00e9nierie et l&#8217;art qui donnent vie \u00e0 ce monument<\/a><\/p>\n\n<\/div><\/div>\n<\/div>\n<\/div>\n<\/div>\n\n\n<p><\/p>\n\n\n\n<h6 class=\"wp-block-heading\"><strong>Options de billets pour le Christ R\u00e9dempteur <\/strong>&#8211; <a href=\"https:\/\/www.getyourguide.com\/christ-the-redeemer-rio-de-janeiro-l3784\/?partner_id=JQVKNNW&amp;utm_medium=online_publisher&amp;cmp=ctrt_fr\" rel=\"nofollow noopener\" target=\"_blank\">Tout voir \u00bb<\/a><\/h6>\n\n\n<div class=\"gb-container gb-container-f38ded86\">\n<div class=\"gb-container gb-container-8d1250f1\">\n\n<div data-gyg-href=\"https:\/\/widget.getyourguide.com\/default\/activities.frame\" data-gyg-locale-code=\"fr-FR\" data-gyg-widget=\"activities\" data-gyg-number-of-items=\"4\" data-gyg-cmp=\"ctrt_fr\" data-gyg-partner-id=\"JQVKNNW\" data-gyg-q=\"christ the redeemer\"><span>Powered by <a target=\"_blank\" rel=\"sponsored nofollow noopener\" href=\"https:\/\/www.getyourguide.com\/christ-the-redeemer-rio-de-janeiro-l3784\/\">GetYourGuide<\/a><\/span><\/div>\n\n<\/div>\n<\/div>\n\n\n<p><\/p>\n","protected":false},"excerpt":{"rendered":"<p>Statue du Christ R\u00e9dempteur Dominant Rio de Janeiro, le Christ R\u00e9dempteur est un symbole \u00e9poustouflant de foi, d&#8217;art et d&#8217;histoire, qui attire des millions de personnes du monde entier. De sa vue dominante sur le mont Corcovado aux d\u00e9tails complexes de sa conception, ce monument est plus qu&#8217;une simple statue: c&#8217;est une exp\u00e9rience qui laisse &#8230; <a title=\"Accueil\" class=\"read-more\" href=\"https:\/\/christtheredeemertickets.com\/fr\/\" aria-label=\"Read more about Accueil\">Read more<\/a><\/p>\n","protected":false},"author":1,"featured_media":0,"parent":0,"menu_order":0,"comment_status":"closed","ping_status":"closed","template":"","meta":{"_acf_changed":false,"footnotes":""},"tags":[],"class_list":["post-6","page","type-page","status-publish"],"acf":[],"_links":{"self":[{"href":"https:\/\/christtheredeemertickets.com\/fr\/wp-json\/wp\/v2\/pages\/6","targetHints":{"allow":["GET"]}}],"collection":[{"href":"https:\/\/christtheredeemertickets.com\/fr\/wp-json\/wp\/v2\/pages"}],"about":[{"href":"https:\/\/christtheredeemertickets.com\/fr\/wp-json\/wp\/v2\/types\/page"}],"author":[{"embeddable":true,"href":"https:\/\/christtheredeemertickets.com\/fr\/wp-json\/wp\/v2\/users\/1"}],"replies":[{"embeddable":true,"href":"https:\/\/christtheredeemertickets.com\/fr\/wp-json\/wp\/v2\/comments?post=6"}],"version-history":[{"count":47,"href":"https:\/\/christtheredeemertickets.com\/fr\/wp-json\/wp\/v2\/pages\/6\/revisions"}],"predecessor-version":[{"id":408,"href":"https:\/\/christtheredeemertickets.com\/fr\/wp-json\/wp\/v2\/pages\/6\/revisions\/408"}],"wp:attachment":[{"href":"https:\/\/christtheredeemertickets.com\/fr\/wp-json\/wp\/v2\/media?parent=6"}],"wp:term":[{"taxonomy":"post_tag","embeddable":true,"href":"https:\/\/christtheredeemertickets.com\/fr\/wp-json\/wp\/v2\/tags?post=6"}],"curies":[{"name":"wp","href":"https:\/\/api.w.org\/{rel}","templated":true}]}}