{"id":3,"date":"2024-10-21T07:56:20","date_gmt":"2024-10-21T07:56:20","guid":{"rendered":"https:\/\/christtheredeemertickets.com\/fr\/?page_id=3"},"modified":"2025-01-08T19:44:18","modified_gmt":"2025-01-08T18:44:18","slug":"politique-de-confidentialite","status":"publish","type":"page","link":"https:\/\/christtheredeemertickets.com\/fr\/politique-de-confidentialite\/","title":{"rendered":"Politique de confidentialit\u00e9"},"content":{"rendered":"\n<p>Bienvenue \u00e0 Christ the Redeemer Tickets, accessible depuis https:\/\/christtheredeemertickets.com\/. Chez Christ the Redeemer Tickets, votre vie priv\u00e9e est une priorit\u00e9. La pr\u00e9sente politique de confidentialit\u00e9 d\u00e9crit les types d&#8217;informations collect\u00e9es, trait\u00e9es et g\u00e9r\u00e9es par notre site et explique nos pratiques en mati\u00e8re de donn\u00e9es concernant le suivi des affili\u00e9s.<\/p>\n\n\n\n<p>Si vous avez des questions concernant cette politique de confidentialit\u00e9, n&#8217;h\u00e9sitez pas \u00e0 nous contacter.<\/p>\n\n\n\n<hr class=\"wp-block-separator has-alpha-channel-opacity\"\/>\n\n\n\n<h2 class=\"wp-block-heading\">Consentement<\/h2>\n\n\n\n<p>En utilisant notre site web, vous acceptez la collecte, l&#8217;utilisation et le partage d&#8217;informations tels que d\u00e9crits dans la pr\u00e9sente politique de confidentialit\u00e9. Si vous n&#8217;\u00eates pas d&#8217;accord, veuillez vous abstenir d&#8217;utiliser notre site web.<\/p>\n\n\n\n<h2 class=\"wp-block-heading\">Informations collect\u00e9es<\/h2>\n\n\n\n<h3 class=\"wp-block-heading\">Informations non personnelles<\/h3>\n\n\n\n<p>Christ the Redeemer Tickets ne recueille pas d&#8217;informations personnelles identifiables. Toutefois, nous recueillons des donn\u00e9es non personnelles \u00e0 des fins d&#8217;analyse et de suivi des affili\u00e9s afin d&#8217;am\u00e9liorer la fonctionnalit\u00e9 du site. Il s&#8217;agit notamment de<\/p>\n\n\n\n<ul class=\"wp-block-list\">\n<li>Adresse IP<\/li>\n\n\n\n<li>Type de navigateur<\/li>\n\n\n\n<li>Fournisseur d&#8217;acc\u00e8s \u00e0 Internet (FAI)<\/li>\n\n\n\n<li>Date et heure d&#8217;acc\u00e8s<\/li>\n\n\n\n<li>Pages d&#8217;orientation\/de sortie<\/li>\n<\/ul>\n\n\n\n<p>Ces donn\u00e9es sont enregistr\u00e9es par notre h\u00e9bergeur dans le cadre de l&#8217;analyse standard du web et nous aident \u00e0 comprendre les tendances des utilisateurs et les performances du site.<\/p>\n\n\n\n<h3 class=\"wp-block-heading\">Cookies et tra\u00e7age<\/h3>\n\n\n\n<p>Notre site utilise \u201ccookies&#8221; pour am\u00e9liorer l&#8217;exp\u00e9rience de l&#8217;utilisateur et suivre les liens d&#8217;affiliation, ce qui nous permet de recevoir des commissions de partenaires tels que GetYourGuide et Tiqets. Les cookies sont de petits fichiers stock\u00e9s sur votre appareil qui permettent d&#8217;am\u00e9liorer la fonctionnalit\u00e9 du site. Voir notre politique en mati\u00e8re de cookies pour plus de d\u00e9tails sur la gestion des cookies.<\/p>\n\n\n\n<h2 class=\"wp-block-heading\">Utilisation des informations<\/h2>\n\n\n\n<p>Les donn\u00e9es collect\u00e9es sont utilis\u00e9es pour :<\/p>\n\n\n\n<ul class=\"wp-block-list\">\n<li>Exploitation et maintenance du site web<\/li>\n\n\n\n<li>Analyser et am\u00e9liorer l&#8217;exp\u00e9rience des utilisateurs<\/li>\n\n\n\n<li>Suivre les liens d&#8217;affiliation \u00e0 des fins de commission<\/li>\n\n\n\n<li>Assurer la s\u00e9curit\u00e9 du site<\/li>\n<\/ul>\n\n\n\n<p>Christ the Redeemer Tickets ne vend pas et ne partage pas vos informations avec des tiers \u00e0 des fins de marketing.<\/p>\n\n\n\n<h2 class=\"wp-block-heading\">Liens d&#8217;affiliation et liens avec des tiers<\/h2>\n\n\n\n<p>Notre site contient des liens d&#8217;affiliation vers des plateformes tierces, notamment GetYourGuide et Tiqets, afin de vous proposer des options de billetterie. Lorsque vous cliquez sur ces liens, vous pouvez \u00eatre dirig\u00e9 vers des sites web de tiers. Veuillez consulter leurs politiques de confidentialit\u00e9 pour comprendre comment ils traitent vos donn\u00e9es :<\/p>\n\n\n\n<ul class=\"wp-block-list\">\n<li>Politique de confidentialit\u00e9 de GetYourGuide<\/li>\n\n\n\n<li>Politique de confidentialit\u00e9 de Tiqets<\/li>\n<\/ul>\n\n\n\n<p>Nous n&#8217;avons aucun contr\u00f4le sur le contenu des tiers ni sur leurs pratiques en mati\u00e8re de protection de la vie priv\u00e9e.<\/p>\n\n\n\n<h2 class=\"wp-block-heading\">Gestion des cookies<\/h2>\n\n\n\n<p>Pour plus d&#8217;informations sur les cookies utilis\u00e9s sur notre site, leur fonctionnement et la mani\u00e8re de les g\u00e9rer, veuillez consulter notre politique en mati\u00e8re de cookies.<\/p>\n\n\n\n<h2 class=\"wp-block-heading\">Vie priv\u00e9e des enfants<\/h2>\n\n\n\n<p>Christ the Redeemer Tickets ne recueille pas sciemment d&#8217;informations personnelles aupr\u00e8s d&#8217;enfants de moins de 13 ans. Si nous apprenons que de telles informations ont \u00e9t\u00e9 collect\u00e9es par inadvertance, nous les supprimerons rapidement.<\/p>\n\n\n\n<h2 class=\"wp-block-heading\">Mises \u00e0 jour de la pr\u00e9sente politique de confidentialit\u00e9<\/h2>\n\n\n\n<p>Nous pouvons mettre \u00e0 jour la pr\u00e9sente politique de confidentialit\u00e9 de temps \u00e0 autre. Toute modification sera publi\u00e9e sur cette page et la date d&#8217;entr\u00e9e en vigueur sera mise \u00e0 jour en cons\u00e9quence.<\/p>\n\n\n\n<h2 class=\"wp-block-heading\">Nous contacter<\/h2>\n\n\n\n<p>Si vous avez des questions concernant la pr\u00e9sente politique de confidentialit\u00e9, veuillez nous contacter \u00e0 l&#8217;adresse suivante<\/p>\n\n\n\n<p>Courriel : hello+legal@christtheredeemertickets.com<\/p>\n","protected":false},"excerpt":{"rendered":"<p>Bienvenue \u00e0 Christ the Redeemer Tickets, accessible depuis https:\/\/christtheredeemertickets.com\/. Chez Christ the Redeemer Tickets, votre vie priv\u00e9e est une priorit\u00e9. La pr\u00e9sente politique de confidentialit\u00e9 d\u00e9crit les types d&#8217;informations collect\u00e9es, trait\u00e9es et g\u00e9r\u00e9es par notre site et explique nos pratiques en mati\u00e8re de donn\u00e9es concernant le suivi des affili\u00e9s. Si vous avez des questions concernant &#8230; <a title=\"Politique de confidentialit\u00e9\" class=\"read-more\" href=\"https:\/\/christtheredeemertickets.com\/fr\/politique-de-confidentialite\/\" aria-label=\"Read more about Politique de confidentialit\u00e9\">Read more<\/a><\/p>\n","protected":false},"author":1,"featured_media":0,"parent":0,"menu_order":9,"comment_status":"closed","ping_status":"open","template":"","meta":{"_acf_changed":false,"footnotes":""},"tags":[],"class_list":["post-3","page","type-page","status-publish"],"acf":[],"_links":{"self":[{"href":"https:\/\/christtheredeemertickets.com\/fr\/wp-json\/wp\/v2\/pages\/3","targetHints":{"allow":["GET"]}}],"collection":[{"href":"https:\/\/christtheredeemertickets.com\/fr\/wp-json\/wp\/v2\/pages"}],"about":[{"href":"https:\/\/christtheredeemertickets.com\/fr\/wp-json\/wp\/v2\/types\/page"}],"author":[{"embeddable":true,"href":"https:\/\/christtheredeemertickets.com\/fr\/wp-json\/wp\/v2\/users\/1"}],"replies":[{"embeddable":true,"href":"https:\/\/christtheredeemertickets.com\/fr\/wp-json\/wp\/v2\/comments?post=3"}],"version-history":[{"count":4,"href":"https:\/\/christtheredeemertickets.com\/fr\/wp-json\/wp\/v2\/pages\/3\/revisions"}],"predecessor-version":[{"id":356,"href":"https:\/\/christtheredeemertickets.com\/fr\/wp-json\/wp\/v2\/pages\/3\/revisions\/356"}],"wp:attachment":[{"href":"https:\/\/christtheredeemertickets.com\/fr\/wp-json\/wp\/v2\/media?parent=3"}],"wp:term":[{"taxonomy":"post_tag","embeddable":true,"href":"https:\/\/christtheredeemertickets.com\/fr\/wp-json\/wp\/v2\/tags?post=3"}],"curies":[{"name":"wp","href":"https:\/\/api.w.org\/{rel}","templated":true}]}}