{"id":251,"date":"2024-11-01T08:40:42","date_gmt":"2024-11-01T08:40:42","guid":{"rendered":"https:\/\/christtheredeemertickets.com\/fr\/?page_id=251"},"modified":"2025-01-20T21:58:20","modified_gmt":"2025-01-20T20:58:20","slug":"politique-en-matiere-de-cookies","status":"publish","type":"page","link":"https:\/\/christtheredeemertickets.com\/fr\/politique-en-matiere-de-cookies\/","title":{"rendered":"Politique en Mati\u00e8re de Cookies"},"content":{"rendered":"\n<p>Au Christ the Redeemer Tickets, accessible \u00e0 partir de <a href=\"https:\/\/christtheredeemertickets.com\/fr\/\">https:\/\/christtheredeemertickets.com\/<\/a>, nous utilisons des cookies pour am\u00e9liorer votre exp\u00e9rience de navigation et suivre les liens d&#8217;affiliation avec nos partenaires. La pr\u00e9sente politique en mati\u00e8re de cookies explique ce que sont les cookies, comment nous les utilisons et les choix qui s&#8217;offrent \u00e0 vous en ce qui concerne les cookies.<\/p>\n\n\n\n<hr class=\"wp-block-separator has-alpha-channel-opacity\" \/>\n\n\n\n<h2 class=\"wp-block-heading\">Qu&#8217;est-ce qu&#8217;un Cookie?<\/h2>\n\n\n\n<p>Les cookies sont de petits fichiers texte stock\u00e9s sur votre appareil par votre navigateur web. Ils permettent aux sites web de se souvenir des pr\u00e9f\u00e9rences des utilisateurs, d&#8217;am\u00e9liorer les fonctionnalit\u00e9s et de suivre les performances du site web. Les cookies soutiennent \u00e9galement les programmes d&#8217;affiliation en suivant les achats effectu\u00e9s par le biais des liens de nos partenaires, ce qui nous permet de percevoir des commissions.<\/p>\n\n\n\n<h3 class=\"wp-block-heading\">Types de Cookies que nous Utilisons<\/h3>\n\n\n\n<ol class=\"wp-block-list\">\n<li><strong>Cookies essentiels<\/strong>: Ces cookies sont n\u00e9cessaires au bon fonctionnement du site web. Ils vous permettent de naviguer sur notre site et d&#8217;utiliser ses fonctionnalit\u00e9s, comme l&#8217;acc\u00e8s \u00e0 des zones s\u00e9curis\u00e9es.<\/li>\n\n\n\n<li><strong>Cookies de performance et d&#8217;analyse<\/strong>: Ces cookies collectent des donn\u00e9es anonymes pour nous aider \u00e0 comprendre comment les visiteurs interagissent avec notre site. Nous utilisons ces informations pour am\u00e9liorer notre site web et l&#8217;exp\u00e9rience des utilisateurs.<\/li>\n\n\n\n<li><strong>Cookies de suivi d&#8217;affiliation<\/strong>: Christ the Redeemer Tickets fait partie de programmes d&#8217;affiliation, tels que <strong>GetYourGuide<\/strong> et <strong>Tiqets<\/strong>. Les cookies de suivi d&#8217;affiliation sont install\u00e9s lorsque vous cliquez sur des liens d&#8217;affiliation, ce qui nous permet de percevoir des commissions si vous effectuez un achat.<\/li>\n<\/ol>\n\n\n\n<h3 class=\"wp-block-heading\">Cookies de Tiers<\/h3>\n\n\n\n<p>Nos partenaires peuvent placer des cookies sur votre appareil pour suivre votre interaction avec leurs plateformes. Pour plus d&#8217;informations, veuillez consulter leurs politiques de confidentialit\u00e9 :<\/p>\n\n\n\n<ul class=\"wp-block-list\">\n<li>Politique de confidentialit\u00e9 de GetYourGuide<\/li>\n\n\n\n<li>Politique de confidentialit\u00e9 de Tiqets<\/li>\n<\/ul>\n\n\n\n<h2 class=\"wp-block-heading\">Gestion des cookies<\/h2>\n\n\n\n<p>Vous pouvez contr\u00f4ler ou supprimer les cookies en fonction de vos pr\u00e9f\u00e9rences. La plupart des navigateurs vous permettent de g\u00e9rer les cookies par le biais de leurs param\u00e8tres:<\/p>\n\n\n\n<ul class=\"wp-block-list\">\n<li><strong>Google Chrome<\/strong>: Aide de Chrome<\/li>\n\n\n\n<li><strong>Mozilla Firefox<\/strong>: Aide Firefox<\/li>\n\n\n\n<li><strong>Safari (Apple)<\/strong>: Aide Safari<\/li>\n\n\n\n<li><strong>Microsoft Edge<\/strong>: Aide Edge<\/li>\n<\/ul>\n\n\n\n<p>La d\u00e9sactivation des cookies peut affecter la fonctionnalit\u00e9 de notre site web, et certains services ou caract\u00e9ristiques peuvent ne pas \u00eatre disponibles.<\/p>\n\n\n\n<h2 class=\"wp-block-heading\">Mises \u00e0 Jour de la Pr\u00e9sente Politique en Mati\u00e8re de Cookies<\/h2>\n\n\n\n<p>Nous pouvons mettre \u00e0 jour la pr\u00e9sente politique en mati\u00e8re de cookies afin de refl\u00e9ter les modifications apport\u00e9es \u00e0 la r\u00e9glementation ou aux fonctionnalit\u00e9s du site. Toute modification sera publi\u00e9e sur cette page, avec une date d&#8217;entr\u00e9e en vigueur actualis\u00e9e.<\/p>\n\n\n\n<p>Pour plus d&#8217;informations, n&#8217;h\u00e9sitez pas \u00e0 nous contacter \u00e0 hello+legal@christtheredeemertickets.com.<\/p>\n\n\n\n<p><\/p>\n","protected":false},"excerpt":{"rendered":"<p>Au Christ the Redeemer Tickets, accessible \u00e0 partir de https:\/\/christtheredeemertickets.com\/, nous utilisons des cookies pour am\u00e9liorer votre exp\u00e9rience de navigation et suivre les liens d&#8217;affiliation avec nos partenaires. La pr\u00e9sente politique en mati\u00e8re de cookies explique ce que sont les cookies, comment nous les utilisons et les choix qui s&#8217;offrent \u00e0 vous en ce qui &#8230; <a title=\"Politique en Mati\u00e8re de Cookies\" class=\"read-more\" href=\"https:\/\/christtheredeemertickets.com\/fr\/politique-en-matiere-de-cookies\/\" aria-label=\"Read more about Politique en Mati\u00e8re de Cookies\">Read more<\/a><\/p>\n","protected":false},"author":1,"featured_media":0,"parent":0,"menu_order":11,"comment_status":"closed","ping_status":"closed","template":"","meta":{"_acf_changed":false,"footnotes":""},"tags":[],"class_list":["post-251","page","type-page","status-publish"],"acf":[],"_links":{"self":[{"href":"https:\/\/christtheredeemertickets.com\/fr\/wp-json\/wp\/v2\/pages\/251","targetHints":{"allow":["GET"]}}],"collection":[{"href":"https:\/\/christtheredeemertickets.com\/fr\/wp-json\/wp\/v2\/pages"}],"about":[{"href":"https:\/\/christtheredeemertickets.com\/fr\/wp-json\/wp\/v2\/types\/page"}],"author":[{"embeddable":true,"href":"https:\/\/christtheredeemertickets.com\/fr\/wp-json\/wp\/v2\/users\/1"}],"replies":[{"embeddable":true,"href":"https:\/\/christtheredeemertickets.com\/fr\/wp-json\/wp\/v2\/comments?post=251"}],"version-history":[{"count":9,"href":"https:\/\/christtheredeemertickets.com\/fr\/wp-json\/wp\/v2\/pages\/251\/revisions"}],"predecessor-version":[{"id":417,"href":"https:\/\/christtheredeemertickets.com\/fr\/wp-json\/wp\/v2\/pages\/251\/revisions\/417"}],"wp:attachment":[{"href":"https:\/\/christtheredeemertickets.com\/fr\/wp-json\/wp\/v2\/media?parent=251"}],"wp:term":[{"taxonomy":"post_tag","embeddable":true,"href":"https:\/\/christtheredeemertickets.com\/fr\/wp-json\/wp\/v2\/tags?post=251"}],"curies":[{"name":"wp","href":"https:\/\/api.w.org\/{rel}","templated":true}]}}