{"id":190,"date":"2024-10-31T18:54:03","date_gmt":"2024-10-31T18:54:03","guid":{"rendered":"https:\/\/christtheredeemertickets.com\/fr\/?page_id=190"},"modified":"2025-03-10T12:16:28","modified_gmt":"2025-03-10T11:16:28","slug":"tournees","status":"publish","type":"page","link":"https:\/\/christtheredeemertickets.com\/fr\/tournees\/","title":{"rendered":"Visites Guid\u00e9es du Christ R\u00e9dempteur"},"content":{"rendered":"\n<p>Si vous pr\u00e9voyez un voyage \u00e0 Rio de Janeiro, il y a une exp\u00e9rience qui se d\u00e9marque vraiment des autres &#8211; litt\u00e9ralement. Le Christ R\u00e9dempteur, la statue embl\u00e9matique qui couronne le mont Corcovado, est plus qu&#8217;un simple monument ; c&#8217;est un spectacle inoubliable qui incarne l&#8217;esprit du Br\u00e9sil.<\/p>\n\n\n\n<p>Que vous soyez f\u00e9ru d&#8217;histoire, passionn\u00e9 de photographie ou simplement \u00e0 la recherche du moment parfait sur Instagram, une visite guid\u00e9e enrichit votre visite d&#8217;histoires et de points de vue que vous pourriez autrement manquer.<\/p>\n\n\n\n<figure class=\"gb-block-image gb-block-image-8ad63314\"><img loading=\"lazy\" decoding=\"async\" width=\"1920\" height=\"1080\" class=\"gb-image gb-image-8ad63314\" src=\"https:\/\/christtheredeemertickets.com\/wp-content\/uploads\/2024\/10\/f-tourist-taking-photo-at-christ-the-redeemer-statue.jpg\" alt=\"\" title=\"f-tourist-taking-photo-at-christ-the-redeemer-statue\" srcset=\"https:\/\/christtheredeemertickets.com\/fr\/wp-content\/uploads\/2024\/10\/f-tourist-taking-photo-at-christ-the-redeemer-statue.jpg 1920w, https:\/\/christtheredeemertickets.com\/fr\/wp-content\/uploads\/2024\/10\/f-tourist-taking-photo-at-christ-the-redeemer-statue-300x169.jpg 300w, https:\/\/christtheredeemertickets.com\/fr\/wp-content\/uploads\/2024\/10\/f-tourist-taking-photo-at-christ-the-redeemer-statue-1024x576.jpg 1024w, https:\/\/christtheredeemertickets.com\/fr\/wp-content\/uploads\/2024\/10\/f-tourist-taking-photo-at-christ-the-redeemer-statue-768x432.jpg 768w, https:\/\/christtheredeemertickets.com\/fr\/wp-content\/uploads\/2024\/10\/f-tourist-taking-photo-at-christ-the-redeemer-statue-1536x864.jpg 1536w\" sizes=\"auto, (max-width: 1920px) 100vw, 1920px\" \/><\/figure>\n\n\n\n<p><\/p>\n\n\n\n<h2 class=\"wp-block-heading\">Tours et Prix du Christ R\u00e9dempteur<\/h2>\n\n\n\n<ul class=\"wp-block-list\">\n<li><a href=\"https:\/\/www.getyourguide.com\/rio-de-janeiro-l9\/rio-5-hour-christ-the-redeemer-and-sugarloaf-express-tour-t388302\/?partner_id=JQVKNNW&amp;utm_medium=online_publisher&amp;cmp=ctrt_fr\" rel=\"nofollow noopener\" target=\"_blank\"><strong>Visite Express de 5 Heures du Christ R\u00e9dempteur et du Pain de Sucre<\/strong>: <\/a>Une visite guid\u00e9e de 5 heures du Christ R\u00e9dempteur et du Pain de Sucre, comprenant le transport et un guide professionnel. A partir de 75.<\/li>\n\n\n\n<li><a href=\"https:\/\/www.getyourguide.com\/rio-de-janeiro-l9\/rio-de-janeiro-half-day-christ-the-redeemer-and-city-tour-t388313\/?partner_id=JQVKNNW&amp;utm_medium=online_publisher&amp;cmp=ctrt_en\" rel=\"nofollow noopener\" target=\"_blank\"><strong>Demi-journ\u00e9e de Visite du Christ R\u00e9dempteur et de la Ville<\/strong>: <\/a>Une demi-journ\u00e9e pour visiter le Christ R\u00e9dempteur et les sites embl\u00e9matiques de Rio avec un guide. A partir de 45.<\/li>\n\n\n\n<li><a href=\"https:\/\/www.getyourguide.com\/rio-de-janeiro-l9\/rio-de-janeiro-christ-the-redeemer-guided-hike-t361780\/?partner_id=JQVKNNW&amp;utm_medium=online_publisher&amp;cmp=ctrt_fr\" rel=\"nofollow noopener\" target=\"_blank\"><strong>Randonn\u00e9e du Christ R\u00e9dempteur<\/strong>: <\/a>embarquez pour une randonn\u00e9e guid\u00e9e \u00e0 travers le Parque Lage jusqu&#8217;\u00e0 la statue du Christ R\u00e9dempteur, en passant par des cascades et des ruisseaux, et profitez de vues panoramiques sur les plages et le paysage urbain de Rio de Janeiro. A partir de 59 euros.38.<\/li>\n\n\n\n<li><a href=\"https:\/\/www.getyourguide.com\/rio-de-janeiro-l9\/christ-the-redeemer-cog-train-ticket-t161850\/?partner_id=JQVKNNW&amp;utm_medium=online_publisher&amp;cmp=ctrt_fr\" rel=\"nofollow noopener\" target=\"_blank\"><strong>Visite du Christ R\u00e9dempteur et de la For\u00eat de Tijuca<\/strong>:<\/a> Une visite guid\u00e9e avec un trajet en train \u00e0 travers la for\u00eat de Tijuca jusqu&#8217;\u00e0 la statue du Christ R\u00e9dempteur, offrant des vues panoramiques de Rio de Janeiro. A partir de 144 euros.00.<\/li>\n\n\n\n<li><a href=\"https:\/\/www.getyourguide.com\/rio-de-janeiro-l9\/from-rio-christ-the-redeemer-by-train-and-sugarloaf-t504535\/?partner_id=JQVKNNW&amp;utm_medium=online_publisher&amp;cmp=ctrt_fr\" rel=\"nofollow noopener\" target=\"_blank\"><strong>Circuit Combin\u00e9 du Christ R\u00e9dempteur en Train et du Pain de Sucre<\/strong>: <\/a>Visite guid\u00e9e comprenant un trajet en train \u00e0 travers la for\u00eat de Tijuca jusqu&#8217;\u00e0 la statue du Christ R\u00e9dempteur, suivi d&#8217;une ascension en t\u00e9l\u00e9ph\u00e9rique jusqu&#8217;au Pain de Sucre, offrant des vues panoramiques de Rio de Janeiro. A partir de 141.73.<\/li>\n<\/ul>\n\n\n\n<p><strong><a href=\"https:\/\/www.getyourguide.com\/christ-the-redeemer-rio-de-janeiro-l3784\/?partner_id=JQVKNNW&amp;utm_medium=online_publisher&amp;partner_id=JQVKNNW&amp;utm_medium=online_publisher&amp;cmp=ctrt_en&amp;partner_id=JQVKNNW&amp;utm_medium=online_publisher&amp;cmp=ctrt_fr\" rel=\"nofollow noopener\" target=\"_blank\">V\u00e9rifier tous les circuits disponibles!<\/a><\/strong><\/p>\n\n\n\n<h2 class=\"wp-block-heading\">\u00c0 quoi s&#8217;Attendre lors d&#8217;une Visite du Christ R\u00e9dempteur<\/h2>\n\n\n\n<p>Une visite du Christ R\u00e9dempteur offre des moyens uniques d&#8217;explorer l&#8217;un des monuments les plus embl\u00e9matiques du monde.<\/p>\n\n\n\n<h3 class=\"wp-block-heading\">Se Rendre au Sommet du Mont Corcovado<\/h3>\n\n\n\n<p>Votre voyage vers l&#8217;un des monuments les plus embl\u00e9matiques du monde, le Christ R\u00e9dempteur, commence par l&#8217;ascension du sommet du mont Corcovado. Quelques options charmantes s&#8217;offrent \u00e0 vous pour l&#8217;ascension.<\/p>\n\n\n\n<p>L&#8217;un des choix les plus populaires est le voyage en train panoramique sur le Corcovado Rack Railway, un voyage \u00e0 travers le parc national verdoyant de Tijuca. Le rythme doux du train et le balancement \u00e0 mesure que l&#8217;on grimpe dans la for\u00eat sont presque magiques.<\/p>\n\n\n\n<p>Vous pouvez \u00e9galement opter pour le service de navette, qui offre une perspective l\u00e9g\u00e8rement diff\u00e9rente, mais tout aussi \u00e9poustouflante, \u00e0 travers la for\u00eat. Quel que soit l&#8217;itin\u00e9raire choisi, le voyage lui-m\u00eame n&#8217;est qu&#8217;un pr\u00e9lude \u00e0 l&#8217;exp\u00e9rience grandiose qui vous attend au sommet.<\/p>\n\n\n\n<p><strong>Envie d&#8217;explorer par vous-m\u00eame? R\u00e9server des tickets officiels pour \u00e9viter les files d&#8217;attente.<\/strong><\/p>\n\n\n\n<h3 class=\"wp-block-heading\">Exp\u00e9rience Guid\u00e9e et Commentaire<\/h3>\n\n\n\n<p>Au sommet, une visite guid\u00e9e permet d&#8217;enrichir l&#8217;exp\u00e9rience. Vous \u00eates-vous d\u00e9j\u00e0 <a href=\"https:\/\/christtheredeemertickets.com\/fr\/lhistoire\/\">interrog\u00e9 sur l&#8217;histoire et le symbolisme<\/a> du Christ R\u00e9dempteur? Les guides ne se contentent pas d&#8217;indiquer les choses, ils racontent des histoires, tissant des <a href=\"https:\/\/christtheredeemertickets.com\/fr\/faits\/\">connaissances culturelles et des anecdotes fascinantes<\/a>. Vous apprendrez peut-\u00eatre comment la statue a \u00e9t\u00e9 construite ou entendrez les r\u00e9cits des ouvriers qui ont consacr\u00e9 des ann\u00e9es \u00e0 donner vie \u00e0 ce chef-d&#8217;\u0153uvre.<\/p>\n\n\n\n<p>N&#8217;h\u00e9sitez pas \u00e0 poser des questions! Les guides racontent souvent des histoires personnelles qui ajoutent une dimension intime et m\u00e9morable \u00e0 la visite.<\/p>\n\n\n\n<h3 class=\"wp-block-heading\">Temps Libre et Exploration<\/h3>\n\n\n\n<p>Apr\u00e8s la visite guid\u00e9e, vous disposerez d&#8217;un peu de temps libre pour explorer. C&#8217;est l&#8217;occasion de prendre la photo parfaite, d&#8217;admirer la vue ou simplement de s&#8217;impr\u00e9gner de l&#8217;atmosph\u00e8re. Si votre circuit inclut d&#8217;autres attractions \u00e0 proximit\u00e9, comme le mont Sugarloaf, vous aurez encore plus de vues \u00e0 couper le souffle \u00e0 admirer.<\/p>\n\n\n\n<h2 class=\"wp-block-heading\">Conseils pour Choisir le Bon Circuit<\/h2>\n\n\n\n<p>Voici comment trouver la visite du Christ R\u00e9dempteur qui correspond \u00e0 votre emploi du temps, \u00e0 vos centres d&#8217;int\u00e9r\u00eat et \u00e0 votre budget.<\/p>\n\n\n\n<h3 class=\"wp-block-heading\">Tenez compte de Votre Budget<\/h3>\n\n\n\n<p>Lors de la planification de votre visite, le budget est un \u00e9l\u00e9ment important \u00e0 prendre en compte. Les options vont des exp\u00e9riences de groupe \u00e0 des choix plus personnalis\u00e9s. R\u00e9fl\u00e9chissez aux aspects de la visite qui vous importent le plus et \u00e9tudiez les options qui peuvent inclure plusieurs attractions pour une valeur ajout\u00e9e.<\/p>\n\n\n\n<h3 class=\"wp-block-heading\">Voir la Dur\u00e9e et l&#8217;Itin\u00e9raire de la Visite<\/h3>\n\n\n\n<p>Le temps est pr\u00e9cieux, surtout dans une ville aussi dynamique que Rio. Les options d&#8217;une journ\u00e9e enti\u00e8re vous permettent de vous d\u00e9placer \u00e0 un rythme tranquille, en savourant chaque arr\u00eat, tandis que les exp\u00e9riences d&#8217;une demi-journ\u00e9e sont parfaites pour une visite rapide mais m\u00e9morable.<\/p>\n\n\n\n<h3 class=\"wp-block-heading\">Lire les Commentaires et les \u00c9valuations des Guides<\/h3>\n\n\n\n<p>Avant de r\u00e9server, prenez le temps de lire les commentaires et les \u00e9valuations des guides. Des t\u00e9moignages de premi\u00e8re main peuvent vous donner un aper\u00e7u de l&#8217;exp\u00e9rience. C&#8217;est comme si vous entendiez un ami qui est d\u00e9j\u00e0 pass\u00e9 par l\u00e0 et qui vous donne un scoop d&#8217;initi\u00e9.<\/p>\n\n\n\n<p><strong><a href=\"https:\/\/www.getyourguide.com\/christ-the-redeemer-rio-de-janeiro-l3784\/?partner_id=JQVKNNW&amp;utm_medium=online_publisher&amp;partner_id=JQVKNNW&amp;utm_medium=online_publisher&amp;cmp=ctrt_en&amp;partner_id=JQVKNNW&amp;utm_medium=online_publisher&amp;cmp=ctrt_fr\" rel=\"nofollow noopener\" target=\"_blank\">Lire les commentaires -&gt;<\/a><\/strong><\/p>\n\n\n\n<h2 class=\"wp-block-heading\">Conseils Pratiques pour une Exp\u00e9rience Touristique Harmonieuse<\/h2>\n\n\n\n<p>Tirez le meilleur parti de votre visite du Christ R\u00e9dempteur gr\u00e2ce \u00e0 ces conseils simples pour une aventure sans tracas.<\/p>\n\n\n\n<h3 class=\"wp-block-heading\">R\u00e9server \u00e0 l&#8217;Avance<\/h3>\n\n\n\n<p>Pour le Christ R\u00e9dempteur, il est judicieux de s&#8217;y prendre \u00e0 l&#8217;avance, car les visites peuvent afficher complet rapidement, en particulier pendant les p\u00e9riodes de pointe. R\u00e9server \u00e0 l&#8217;avance permet d&#8217;\u00e9viter la ru\u00e9e de derni\u00e8re minute. Si vous pr\u00e9f\u00e9rez la spontan\u00e9it\u00e9, optez pour les cr\u00e9neaux horaires du matin ou de la fin d&#8217;apr\u00e8s-midi, qui sont souvent moins fr\u00e9quent\u00e9s.<\/p>\n\n\n\n<h3 class=\"wp-block-heading\">Ce qu&#8217;il faut Apporter et Porter<\/h3>\n\n\n\n<p>La pr\u00e9paration des bagages pour le Christ R\u00e9dempteur est tout aussi importante que <a href=\"https:\/\/christtheredeemertickets.com\/fr\/visiter\/\">l&#8217;organisation de votre visite<\/a>. Il est indispensable d&#8217;avoir de la cr\u00e8me solaire, de l&#8217;eau et des chaussures confortables, car les chemins peuvent \u00eatre escarp\u00e9s. Portez des v\u00eatements l\u00e9gers et a\u00e9r\u00e9s adapt\u00e9s au climat chaud de Rio, mais pr\u00e9voyez une veste l\u00e9g\u00e8re pour les altitudes plus \u00e9lev\u00e9es, o\u00f9 il peut faire \u00e9tonnamment froid.<\/p>\n\n\n\n<p>Les habitants l&#8217;appellent &#8220;style carioca&#8221;-s&#8217;habiller de mani\u00e8re confortable et pratique. N&#8217;oubliez pas la veste pour le sommet de la montagne!<\/p>\n\n\n\n<h3 class=\"wp-block-heading\">Les Meilleurs Moments pour Visiter pour Moins de Monde<\/h3>\n\n\n\n<p>La foule peut faire ou d\u00e9faire votre visite. Pour une exp\u00e9rience plus tranquille, privil\u00e9giez les visites t\u00f4t le matin ou les jours de semaine. L&#8217;atmosph\u00e8re est plus calme et vous aurez plus de temps pour admirer les paysages.<\/p>\n\n\n\n<p><strong>Conseil<\/strong>: Pour une vue imprenable, optez pour le lever ou le coucher du soleil. L&#8217;\u00e9clairage cr\u00e9e d&#8217;incroyables toiles de fond pour les photos. Associez-le au mont Sugarloaf pour une journ\u00e9e inoubliable.<\/p>\n\n\n\n<hr class=\"wp-block-separator has-alpha-channel-opacity\" \/>\n\n\n\n<p>Chaque type de visite du Christ R\u00e9dempteur offre une fa\u00e7on unique d&#8217;appr\u00e9cier la grandeur, l&#8217;histoire et l&#8217;importance culturelle de la statue. Que vous pr\u00e9f\u00e9riez une exp\u00e9rience guid\u00e9e pour approfondir les <a href=\"https:\/\/christtheredeemertickets.com\/fr\/larchitecture\/\">d\u00e9tails architecturaux<\/a> ou un voyage plus d\u00e9contract\u00e9 qui vous permet d&#8217;appr\u00e9cier les vues, il y a une visite qui convient \u00e0 tous les styles de voyage.<\/p>\n\n\n\n<p><\/p>\n\n\n\n<div data-gyg-href=\"https:\/\/widget.getyourguide.com\/default\/activities.frame\" data-gyg-locale-code=\"fr-FR\" data-gyg-widget=\"activities\" data-gyg-number-of-items=\"6\" data-gyg-cmp=\"ctrt_fr\" data-gyg-partner-id=\"JQVKNNW\" data-gyg-q=\"christ the redeemer\"><span>Powered by <a target=\"_blank\" rel=\"sponsored nofollow noopener\" href=\"https:\/\/www.getyourguide.com\/christ-the-redeemer-rio-de-janeiro-l3784\/\">GetYourGuide<\/a><\/span><\/div>\n\n\n\n<p><\/p>\n","protected":false},"excerpt":{"rendered":"<p>Si vous pr\u00e9voyez un voyage \u00e0 Rio de Janeiro, il y a une exp\u00e9rience qui se d\u00e9marque vraiment des autres &#8211; litt\u00e9ralement. Le Christ R\u00e9dempteur, la statue embl\u00e9matique qui couronne le mont Corcovado, est plus qu&#8217;un simple monument ; c&#8217;est un spectacle inoubliable qui incarne l&#8217;esprit du Br\u00e9sil. Que vous soyez f\u00e9ru d&#8217;histoire, passionn\u00e9 de &#8230; <a title=\"Visites Guid\u00e9es du Christ R\u00e9dempteur\" class=\"read-more\" href=\"https:\/\/christtheredeemertickets.com\/fr\/tournees\/\" aria-label=\"Read more about Visites Guid\u00e9es du Christ R\u00e9dempteur\">Read more<\/a><\/p>\n","protected":false},"author":1,"featured_media":0,"parent":0,"menu_order":2,"comment_status":"closed","ping_status":"closed","template":"","meta":{"_acf_changed":false,"footnotes":""},"tags":[],"class_list":["post-190","page","type-page","status-publish"],"acf":[],"_links":{"self":[{"href":"https:\/\/christtheredeemertickets.com\/fr\/wp-json\/wp\/v2\/pages\/190","targetHints":{"allow":["GET"]}}],"collection":[{"href":"https:\/\/christtheredeemertickets.com\/fr\/wp-json\/wp\/v2\/pages"}],"about":[{"href":"https:\/\/christtheredeemertickets.com\/fr\/wp-json\/wp\/v2\/types\/page"}],"author":[{"embeddable":true,"href":"https:\/\/christtheredeemertickets.com\/fr\/wp-json\/wp\/v2\/users\/1"}],"replies":[{"embeddable":true,"href":"https:\/\/christtheredeemertickets.com\/fr\/wp-json\/wp\/v2\/comments?post=190"}],"version-history":[{"count":17,"href":"https:\/\/christtheredeemertickets.com\/fr\/wp-json\/wp\/v2\/pages\/190\/revisions"}],"predecessor-version":[{"id":472,"href":"https:\/\/christtheredeemertickets.com\/fr\/wp-json\/wp\/v2\/pages\/190\/revisions\/472"}],"wp:attachment":[{"href":"https:\/\/christtheredeemertickets.com\/fr\/wp-json\/wp\/v2\/media?parent=190"}],"wp:term":[{"taxonomy":"post_tag","embeddable":true,"href":"https:\/\/christtheredeemertickets.com\/fr\/wp-json\/wp\/v2\/tags?post=190"}],"curies":[{"name":"wp","href":"https:\/\/api.w.org\/{rel}","templated":true}]}}