{"id":174,"date":"2024-10-28T15:35:48","date_gmt":"2024-10-28T15:35:48","guid":{"rendered":"https:\/\/christtheredeemertickets.com\/fr\/?page_id=174"},"modified":"2025-03-09T13:36:39","modified_gmt":"2025-03-09T12:36:39","slug":"lhistoire","status":"publish","type":"page","link":"https:\/\/christtheredeemertickets.com\/fr\/lhistoire\/","title":{"rendered":"Histoire de la Statue du Christ R\u00e9dempteur"},"content":{"rendered":"\n<p><strong>Vous \u00eates-vous d\u00e9j\u00e0 demand\u00e9 quelle \u00e9tait l&#8217;histoire du Christ R\u00e9dempteur, l&#8217;embl\u00e8me le plus embl\u00e9matique de Rio de Janeiro?<\/strong> Perch\u00e9e au sommet du mont Corcovado, cette statue colossale est devenue un symbole mondial de foi, d&#8217;unit\u00e9 et de paix.<\/p>\n\n\n\n<p>Son parcours, d&#8217;une id\u00e9e visionnaire dans les ann\u00e9es 1850 \u00e0 l&#8217;une des sept nouvelles merveilles du monde, est une histoire de pers\u00e9v\u00e9rance, d&#8217;art et d&#8217;importance culturelle. Rejoignez-nous pour d\u00e9couvrir son histoire fascinante, les d\u00e9fis pos\u00e9s par sa construction et les efforts actuels pour pr\u00e9server ce chef-d&#8217;\u0153uvre.<\/p>\n\n\n\n<h2 class=\"wp-block-heading\">La Vision du Christ R\u00e9dempteur<\/h2>\n\n\n\n<p>L&#8217;histoire du Christ R\u00e9dempteur commence bien avant sa construction, avec les premi\u00e8res id\u00e9es et inspirations qui ont jet\u00e9 les bases de cette statue embl\u00e9matique.<\/p>\n\n\n\n<h3 class=\"wp-block-heading\">Premi\u00e8res Id\u00e9es et Inspirations (Avant les Ann\u00e9es 1920)<\/h3>\n\n\n\n<p>Imaginez Rio de Janeiro dans les ann\u00e9es 1850: des paysages luxuriants qui s&#8217;encha\u00eenent, le chant des oiseaux qui emplit l&#8217;air et des voitures tir\u00e9es par des chevaux qui circulent dans les rues pav\u00e9es. C&#8217;est dans ce contexte pittoresque qu&#8217;est n\u00e9e une id\u00e9e audacieuse : une statue symbolisant la foi, l&#8217;unit\u00e9 et la paix au sommet du Corcovado.<\/p>\n\n\n\n<p>C&#8217;est la princesse Isabel, fille de l&#8217;empereur Dom Pedro II, qui est \u00e0 l&#8217;origine de la cr\u00e9ation du Christ R\u00e9dempteur. Avec le clerg\u00e9 local, elle a imagin\u00e9 un monument religieux qui serait un phare d&#8217;espoir et de spiritualit\u00e9 pour le Br\u00e9sil. Mais les changements politiques et les contraintes financi\u00e8res ont ralenti leur r\u00eave. Lorsque le Br\u00e9sil est pass\u00e9 de la monarchie \u00e0 la r\u00e9publique, l&#8217;enthousiasme est retomb\u00e9 et le projet a \u00e9t\u00e9 mis en veilleuse, m\u00eame si le r\u00eave a persist\u00e9, attendant le bon moment pour refaire surface.<\/p>\n\n\n\n<p>Imaginez les rues anim\u00e9es de l&#8217;\u00e9poque o\u00f9 une statue aussi monumentale aurait pu sembler \u00e0 la fois visionnaire et presque impossible \u00e0 r\u00e9aliser.<\/p>\n\n\n\n<h3 class=\"wp-block-heading\">La Pouss\u00e9e d&#8217;un Symbole (1920&#8217;s Revival)<\/h3>\n\n\n\n<p>Avance rapide jusqu&#8217;aux ann\u00e9es 1920 &#8211; une \u00e8re d&#8217;\u00e9nergie et d&#8217;optimisme. Le Br\u00e9sil c\u00e9l\u00e9brait le 100e anniversaire de son ind\u00e9pendance et quoi de mieux pour marquer cette \u00e9tape que de faire revivre le r\u00eave du Christ R\u00e9dempteur? Un tel symbole national pourrait servir de phare religieux et culturel.<\/p>\n\n\n\n<p>Ce regain d&#8217;enthousiasme a rassembl\u00e9 des esprits brillants comme <a href=\"https:\/\/christtheredeemertickets.com\/fr\/larchitecture\/\">l&#8217;ing\u00e9nieur Heitor da Silva Costa et l&#8217;artiste Carlos Oswald<\/a>. Le concept original d&#8217;Oswald repr\u00e9sentait le Christ tenant un globe et une croix. Le dessin a ensuite \u00e9volu\u00e9 vers la figure aux bras ouverts que nous connaissons aujourd&#8217;hui, symbolisant la paix et l&#8217;unit\u00e9. Il est \u00e9tonnant de voir comment les visions artistiques s&#8217;adaptent au fil du temps!<\/p>\n\n\n\n<p>Aujourd&#8217;hui, en se promenant dans les rues de Rio, on peut encore sentir les \u00e9chos de l&#8217;enthousiasme de cette \u00e9poque. La ville elle-m\u00eame ressemble \u00e0 une toile vivante, avec le Christ R\u00e9dempteur comme joyau de la couronne, rappelant l&#8217;esprit et l&#8217;unit\u00e9 durables du Br\u00e9sil.<\/p>\n\n\n\n<h2 class=\"wp-block-heading\">Construction de l&#8217;ic\u00f4ne &#8211; Comment le Christ R\u00e9dempteur a \u00e9t\u00e9 Fabriqu\u00e9<\/h2>\n\n\n\n<p>La cr\u00e9ation du Christ R\u00e9dempteur a \u00e9t\u00e9 une merveille d&#8217;ing\u00e9nierie, avec de nombreux d\u00e9fis qui ont repouss\u00e9 les limites de la technologie et de la cr\u00e9ativit\u00e9.<\/p>\n\n\n\n<h3 class=\"wp-block-heading\">Planification et Conception: Surmonter les D\u00e9fis<\/h3>\n\n\n\n<p>La construction du Christ R\u00e9dempteur n&#8217;\u00e9tait pas seulement un exploit technique, c&#8217;\u00e9tait aussi une mission audacieuse aliment\u00e9e par la d\u00e9termination et l&#8217;innovation. D\u00e9but du 20e si\u00e8cle: la technologie \u00e9tait limit\u00e9e, mais l&#8217;ambition \u00e9tait sans limite. Une \u00e9quipe de personnes d\u00e9vou\u00e9es a relev\u00e9 le d\u00e9fi de transporter des tonnes de b\u00e9ton et de pierre ollaire sur les chemins escarp\u00e9s et sinueux du mont Corcovado, un d\u00e9fi logistique m\u00eame selon les normes d&#8217;aujourd&#8217;hui.<\/p>\n\n\n\n<p>Les mat\u00e9riaux de la statue ont \u00e9t\u00e9 choisis avec soin: <a href=\"https:\/\/christtheredeemertickets.com\/fr\/faits\/\">le b\u00e9ton arm\u00e9 pour la stabilit\u00e9 et la pierre \u00e0 savon pour sa r\u00e9sistance au climat tropical de Rio<\/a>. Pour les transporter jusqu&#8217;au Corcovado, sans h\u00e9licopt\u00e8res ni grues modernes, il a fallu recourir aux syst\u00e8mes ferroviaires et \u00e0 l&#8217;effort humain pur et simple. Les travailleurs ont d\u00fb faire face \u00e0 des conditions m\u00e9t\u00e9orologiques extr\u00eames et \u00e0 un terrain difficile, mais ils ont continu\u00e9 \u00e0 travailler, motiv\u00e9s par l&#8217;objectif de cr\u00e9er quelque chose de monumental.<\/p>\n\n\n\n<p><strong>Conseil d\u2019initi\u00e9:<\/strong> Lorsque vous vous trouvez sous la statue, ne vous contentez pas d\u2019admirer la vue \u2014 prenez un instant pour appr\u00e9cier l\u2019artisanat et la t\u00e9nacit\u00e9 qui ont permis de donner vie \u00e0 ce chef-d&#8217;\u0153uvre. Leurs efforts ont transform\u00e9 le paysage, gravant l&#8217;histoire dans la pierre.<\/p>\n\n\n\n<h3 class=\"wp-block-heading\">La Phase de Construction: Une Entreprise Monumentale en 1931<\/h3>\n\n\n\n<p>En 1931, apr\u00e8s pr\u00e8s d&#8217;une d\u00e9cennie de planification et de construction, la construction du Christ R\u00e9dempteur s&#8217;est achev\u00e9e. Lors de la c\u00e9r\u00e9monie d&#8217;inauguration, le monde entier a observ\u00e9 avec stup\u00e9faction la silhouette imposante, les bras grands ouverts, devenir un symbole de paix et d&#8217;accueil \u00e0 Rio de Janeiro.<\/p>\n\n\n\n<p>D&#8217;une hauteur de 30 m\u00e8tres et d&#8217;une envergure de 28 m\u00e8tres, la statue ne se contente pas d&#8217;\u00eatre visuellement frappante: elle constitue une invitation chaleureuse au monde. Le sculpteur fran\u00e7ais Paul Landowski a r\u00e9alis\u00e9 le visage de la statue, capturant une expression de s\u00e9r\u00e9nit\u00e9 qui est visible m\u00eame depuis les rues de Rio en contrebas.<\/p>\n\n\n\n<p>Lors de votre visite, vous verrez une \u0153uvre d&#8217;art, un triomphe de l&#8217;ing\u00e9nierie et une tranche d&#8217;histoire tout \u00e0 la fois. C&#8217;est une le\u00e7on d&#8217;humilit\u00e9 que d&#8217;assister \u00e0 une repr\u00e9sentation aussi puissante de la cr\u00e9ativit\u00e9 et de la foi humaines.<\/p>\n\n\n\n<h2 class=\"wp-block-heading\">Le Christ R\u00e9dempteur dans les Temps Modernes<\/h2>\n\n\n\n<p>Bien que le Christ R\u00e9dempteur se dresse aujourd&#8217;hui, la pr\u00e9servation et l&#8217;entretien de cette structure est un effort permanent qui refl\u00e8te son importance durable.<\/p>\n\n\n\n<h3 class=\"wp-block-heading\">Efforts de Pr\u00e9servation et Projets de Restauration<\/h3>\n\n\n\n<p>Imaginez que vous mainteniez une statue de 98 pieds au sommet d&#8217;une montagne, ce qui n&#8217;est pas une mince affaire! Le climat tropical de Rio est caract\u00e9ris\u00e9 par des \u00e9clairs fr\u00e9quents, des pluies abondantes et une forte humidit\u00e9, autant d&#8217;\u00e9l\u00e9ments qui affectent la durabilit\u00e9 de la statue. En 2010, une restauration majeure a \u00e9t\u00e9 n\u00e9cessaire apr\u00e8s que la foudre a frapp\u00e9 la statue, provoquant des fissures et endommageant la couche ext\u00e9rieure de st\u00e9atite. Les \u00e9quipes de restauration ont m\u00e9ticuleusement r\u00e9par\u00e9 ces dommages, en rempla\u00e7ant les carreaux de st\u00e9atite provenant d&#8217;une carri\u00e8re situ\u00e9e pr\u00e8s d&#8217;Ouro Preto, c\u00e9l\u00e8bre pour la qualit\u00e9 de sa pierre.<\/p>\n\n\n\n<p>Des inspections et un entretien r\u00e9guliers permettent de maintenir le Christ R\u00e9dempteur en parfait \u00e9tat, \u00e0 l&#8217;instar d&#8217;une ic\u00f4ne vieille de 92 ans. Ce souci du d\u00e9tail lui permet de rester un symbole durable pour les g\u00e9n\u00e9rations futures.<\/p>\n\n\n\n<h3 class=\"wp-block-heading\">Le R\u00f4le de la Statue Aujourd&#8217;hui<\/h3>\n\n\n\n<p>Plus qu&#8217;une simple <a href=\"https:\/\/christtheredeemertickets.com\/fr\/visiter\/\">attraction touristique<\/a>, le Christ R\u00e9dempteur joue un r\u00f4le actif dans la vie culturelle et spirituelle du Br\u00e9sil. Pendant le carnaval de Rio, il veille silencieusement sur les festivit\u00e9s qui se d\u00e9roulent en contrebas, symbolisant le m\u00e9lange unique de f\u00eate et de spiritualit\u00e9 de Rio.<\/p>\n\n\n\n<p>L&#8217;une de mes exp\u00e9riences les plus m\u00e9morables s&#8217;est d\u00e9roul\u00e9e pendant les Journ\u00e9es mondiales de la jeunesse, lorsque des milliers de p\u00e8lerins se sont rassembl\u00e9s devant la statue de l&#8217;\u00e9glise. Voir la ligne d&#8217;horizon de Rio depuis la base du Christ R\u00e9dempteur au coucher du soleil est inoubliable. Je vous recommande de choisir le moment du coucher du soleil, car la vue est tout simplement \u00e0 couper le souffle.<\/p>\n\n\n\n<p>Souvent illumin\u00e9 de diff\u00e9rentes couleurs en l&#8217;honneur d&#8217;\u00e9v\u00e9nements mondiaux, le Christ R\u00e9dempteur est aujourd&#8217;hui un phare d&#8217;espoir, d&#8217;unit\u00e9 et de r\u00e9silience, reliant le Br\u00e9sil au reste du monde.<\/p>\n\n\n\n<p><strong>R\u00e9servez vos <a href=\"https:\/\/christtheredeemertickets.com\/fr\/billets\/\">billets<\/a> ou une <a href=\"https:\/\/christtheredeemertickets.com\/fr\/tournees\/\">visite guid\u00e9e<\/a> pour d\u00e9couvrir le Christ R\u00e9dempteur \u00e0 Rio.<\/strong><\/p>\n","protected":false},"excerpt":{"rendered":"<p>Vous \u00eates-vous d\u00e9j\u00e0 demand\u00e9 quelle \u00e9tait l&#8217;histoire du Christ R\u00e9dempteur, l&#8217;embl\u00e8me le plus embl\u00e9matique de Rio de Janeiro? Perch\u00e9e au sommet du mont Corcovado, cette statue colossale est devenue un symbole mondial de foi, d&#8217;unit\u00e9 et de paix. Son parcours, d&#8217;une id\u00e9e visionnaire dans les ann\u00e9es 1850 \u00e0 l&#8217;une des sept nouvelles merveilles du monde, &#8230; <a title=\"Histoire de la Statue du Christ R\u00e9dempteur\" class=\"read-more\" href=\"https:\/\/christtheredeemertickets.com\/fr\/lhistoire\/\" aria-label=\"Read more about Histoire de la Statue du Christ R\u00e9dempteur\">Read more<\/a><\/p>\n","protected":false},"author":1,"featured_media":0,"parent":0,"menu_order":4,"comment_status":"closed","ping_status":"closed","template":"","meta":{"_acf_changed":false,"footnotes":""},"tags":[],"class_list":["post-174","page","type-page","status-publish"],"acf":[],"_links":{"self":[{"href":"https:\/\/christtheredeemertickets.com\/fr\/wp-json\/wp\/v2\/pages\/174","targetHints":{"allow":["GET"]}}],"collection":[{"href":"https:\/\/christtheredeemertickets.com\/fr\/wp-json\/wp\/v2\/pages"}],"about":[{"href":"https:\/\/christtheredeemertickets.com\/fr\/wp-json\/wp\/v2\/types\/page"}],"author":[{"embeddable":true,"href":"https:\/\/christtheredeemertickets.com\/fr\/wp-json\/wp\/v2\/users\/1"}],"replies":[{"embeddable":true,"href":"https:\/\/christtheredeemertickets.com\/fr\/wp-json\/wp\/v2\/comments?post=174"}],"version-history":[{"count":6,"href":"https:\/\/christtheredeemertickets.com\/fr\/wp-json\/wp\/v2\/pages\/174\/revisions"}],"predecessor-version":[{"id":424,"href":"https:\/\/christtheredeemertickets.com\/fr\/wp-json\/wp\/v2\/pages\/174\/revisions\/424"}],"wp:attachment":[{"href":"https:\/\/christtheredeemertickets.com\/fr\/wp-json\/wp\/v2\/media?parent=174"}],"wp:term":[{"taxonomy":"post_tag","embeddable":true,"href":"https:\/\/christtheredeemertickets.com\/fr\/wp-json\/wp\/v2\/tags?post=174"}],"curies":[{"name":"wp","href":"https:\/\/api.w.org\/{rel}","templated":true}]}}