{"id":164,"date":"2024-10-23T19:02:42","date_gmt":"2024-10-23T19:02:42","guid":{"rendered":"https:\/\/christtheredeemertickets.com\/fr\/?page_id=164"},"modified":"2025-01-17T23:26:54","modified_gmt":"2025-01-17T22:26:54","slug":"avis-juridique","status":"publish","type":"page","link":"https:\/\/christtheredeemertickets.com\/fr\/avis-juridique\/","title":{"rendered":"Avis Juridique"},"content":{"rendered":"\n<p>Le pr\u00e9sent avis juridique s&#8217;applique aux billets Christ the Redeemer, accessibles \u00e0 partir de <a href=\"https:\/\/christtheredeemertickets.com\/fr\/parc-national-de-tijuca\/\">https:\/\/<\/a><a href=\"https:\/\/christtheredeemertickets.com\/fr\/\">christtheredeemertickets<\/a><a href=\"https:\/\/christtheredeemertickets.com\/fr\/parc-national-de-tijuca\/\">.com\/<\/a>. En utilisant ce site web, vous acceptez les conditions \u00e9nonc\u00e9es ici. Si vous n&#8217;\u00eates pas d&#8217;accord, veuillez vous abstenir d&#8217;utiliser notre site.<\/p>\n\n\n\n<hr class=\"wp-block-separator has-alpha-channel-opacity\" \/>\n\n\n\n<h2 class=\"wp-block-heading\">Limitation de la Responsabilit\u00e9<\/h2>\n\n\n\n<p>Christ the Redeemer Tickets fournit du contenu &#8220;en l&#8217;\u00e9tat&#8221; et ne donne aucune garantie quant \u00e0 l&#8217;exactitude, la fiabilit\u00e9 ou l&#8217;exhaustivit\u00e9 des informations. Nous ne sommes pas responsables des dommages ou pertes r\u00e9sultant de l&#8217;utilisation de ce site web, y compris mais sans s&#8217;y limiter :<\/p>\n\n\n\n<ul class=\"wp-block-list\">\n<li>Erreurs ou omissions dans le contenu<\/li>\n\n\n\n<li>Indisponibilit\u00e9 ou interruptions du site web<\/li>\n\n\n\n<li>les virus ou codes nuisibles pouvant \u00eatre transmis par le biais de notre contenu<\/li>\n<\/ul>\n\n\n\n<h2 class=\"wp-block-heading\">Divulgation de l&#8217;Affiliation<\/h2>\n\n\n\n<p>Christ the Redeemer Tickets participe \u00e0 des programmes d&#8217;affiliation avec <strong>GetYourGuide<\/strong> et <strong>Tiqets<\/strong>, ce qui nous permet de percevoir des commissions sur les ventes de billets g\u00e9n\u00e9r\u00e9es par les liens d&#8217;affiliation. Nos recommandations sont bas\u00e9es sur les informations g\u00e9n\u00e9rales disponibles sur ces services, et nous encourageons les utilisateurs \u00e0 examiner les sites et les politiques des tiers avant d&#8217;acheter.<\/p>\n\n\n\n<h2 class=\"wp-block-heading\">Contenu de Tiers<\/h2>\n\n\n\n<p>Notre site web peut contenir des liens vers des sites web de tiers ou du contenu int\u00e9gr\u00e9. Ces sites externes fonctionnent de mani\u00e8re ind\u00e9pendante et ne sont pas sous notre contr\u00f4le. Christ the Redeemer Tickets ne cautionne pas et n&#8217;assume pas la responsabilit\u00e9 du contenu, des services ou des produits disponibles sur les sites Internet de tiers.<\/p>\n\n\n\n<h2 class=\"wp-block-heading\">Modifications<\/h2>\n\n\n\n<p>Nous nous r\u00e9servons le droit de modifier ou d&#8217;interrompre ce site web ou toute partie de son contenu \u00e0 tout moment et sans pr\u00e9avis. Les modifications apport\u00e9es aux mentions l\u00e9gales, \u00e0 la politique de confidentialit\u00e9 ou \u00e0 la politique en mati\u00e8re de cookies seront mises \u00e0 jour sur cette page.<\/p>\n\n\n\n<h2 class=\"wp-block-heading\">Droit Applicable et Juridiction<\/h2>\n\n\n\n<p>Le pr\u00e9sent avis juridique est r\u00e9gi par les lois de l&#8217;Estonie. Tout litige li\u00e9 au pr\u00e9sent avis ou \u00e0 l&#8217;utilisation de ce site web rel\u00e8vera de la comp\u00e9tence exclusive des tribunaux estoniens.<\/p>\n\n\n\n<p>Pour toute question concernant les pr\u00e9sentes mentions l\u00e9gales, veuillez nous contacter \u00e0 l&#8217;adresse suivante: hello+legal@christtheredeemertickets.com.<\/p>\n","protected":false},"excerpt":{"rendered":"<p>Le pr\u00e9sent avis juridique s&#8217;applique aux billets Christ the Redeemer, accessibles \u00e0 partir de https:\/\/christtheredeemertickets.com\/. En utilisant ce site web, vous acceptez les conditions \u00e9nonc\u00e9es ici. Si vous n&#8217;\u00eates pas d&#8217;accord, veuillez vous abstenir d&#8217;utiliser notre site. Limitation de la Responsabilit\u00e9 Christ the Redeemer Tickets fournit du contenu &#8220;en l&#8217;\u00e9tat&#8221; et ne donne aucune garantie &#8230; <a title=\"Avis Juridique\" class=\"read-more\" href=\"https:\/\/christtheredeemertickets.com\/fr\/avis-juridique\/\" aria-label=\"Read more about Avis Juridique\">Read more<\/a><\/p>\n","protected":false},"author":1,"featured_media":0,"parent":0,"menu_order":10,"comment_status":"closed","ping_status":"closed","template":"","meta":{"_acf_changed":false,"footnotes":""},"tags":[],"class_list":["post-164","page","type-page","status-publish"],"acf":[],"_links":{"self":[{"href":"https:\/\/christtheredeemertickets.com\/fr\/wp-json\/wp\/v2\/pages\/164","targetHints":{"allow":["GET"]}}],"collection":[{"href":"https:\/\/christtheredeemertickets.com\/fr\/wp-json\/wp\/v2\/pages"}],"about":[{"href":"https:\/\/christtheredeemertickets.com\/fr\/wp-json\/wp\/v2\/types\/page"}],"author":[{"embeddable":true,"href":"https:\/\/christtheredeemertickets.com\/fr\/wp-json\/wp\/v2\/users\/1"}],"replies":[{"embeddable":true,"href":"https:\/\/christtheredeemertickets.com\/fr\/wp-json\/wp\/v2\/comments?post=164"}],"version-history":[{"count":7,"href":"https:\/\/christtheredeemertickets.com\/fr\/wp-json\/wp\/v2\/pages\/164\/revisions"}],"predecessor-version":[{"id":410,"href":"https:\/\/christtheredeemertickets.com\/fr\/wp-json\/wp\/v2\/pages\/164\/revisions\/410"}],"wp:attachment":[{"href":"https:\/\/christtheredeemertickets.com\/fr\/wp-json\/wp\/v2\/media?parent=164"}],"wp:term":[{"taxonomy":"post_tag","embeddable":true,"href":"https:\/\/christtheredeemertickets.com\/fr\/wp-json\/wp\/v2\/tags?post=164"}],"curies":[{"name":"wp","href":"https:\/\/api.w.org\/{rel}","templated":true}]}}