{"id":158,"date":"2024-10-23T18:53:11","date_gmt":"2024-10-23T18:53:11","guid":{"rendered":"https:\/\/christtheredeemertickets.com\/fr\/?page_id=158"},"modified":"2025-01-18T00:16:24","modified_gmt":"2025-01-17T23:16:24","slug":"a-propos-de","status":"publish","type":"page","link":"https:\/\/christtheredeemertickets.com\/fr\/a-propos-de\/","title":{"rendered":"A Propos de"},"content":{"rendered":"\n<h1 class=\"wp-block-heading\">\u00c0 Propos des Billets pour le Christ R\u00e9dempteur<\/h1>\n\n\n\n<p><\/p>\n\n\n\n<p>Bienvenue sur le site de <strong>Christ the Redeemer Tickets<\/strong>, votre source de confiance pour d\u00e9couvrir et r\u00e9server des exp\u00e9riences inoubliables sur l&#8217;un des sites les plus embl\u00e9matiques au monde, la statue du Christ R\u00e9dempteur \u00e0 Rio de Janeiro.<\/p>\n\n\n\n<p>Notre mission est simple: faire en sorte que votre visite de ce site grandiose soit aussi transparente et m\u00e9morable que possible. Que vous souhaitiez \u00e9viter les files d&#8217;attente, trouver les meilleures visites ou en savoir plus sur la riche histoire et l&#8217;importance de la statue, nous avons tout ce qu&#8217;il vous faut.<\/p>\n\n\n\n<h3 class=\"wp-block-heading\">Pourquoi Nous Choisir?<\/h3>\n\n\n\n<p>Chez <strong>Christ the Redeemer Tickets<\/strong>, nous sommes fiers d&#8217;offrir:<\/p>\n\n\n\n<ul class=\"wp-block-list\">\n<li>Billets officiels: Assurez votre place gr\u00e2ce \u00e0 des options de billetterie v\u00e9rifi\u00e9es et fiables pour acc\u00e9der \u00e0 la statue et aux attractions environnantes.<\/li>\n\n\n\n<li>Des conseils d&#8217;experts: Nous vous fournissons des informations et des conseils d\u00e9taill\u00e9s pour vous permettre de tirer le meilleur parti de votre visite, qu&#8217;il s&#8217;agisse du moment o\u00f9 vous devez vous rendre ou de la mani\u00e8re dont vous devez tirer le meilleur parti de votre exp\u00e9rience.<\/li>\n<\/ul>\n\n\n\n<h3 class=\"wp-block-heading\">Notre Promesse<\/h3>\n\n\n\n<p>Nous comprenons que la visite du Christ R\u00e9dempteur est une exp\u00e9rience unique pour de nombreuses personnes. C&#8217;est pourquoi nous nous effor\u00e7ons de simplifier le processus de r\u00e9servation et de veiller \u00e0 ce que vous disposiez de toutes les informations n\u00e9cessaires pour tirer le meilleur parti de votre voyage.<\/p>\n\n\n\n<p>Notre plateforme vous rapproche de l&#8217;une des sept nouvelles merveilles du monde. Que vous voyagiez seul, en famille ou en groupe, <strong>Christ the Redeemer Tickets<\/strong> est l\u00e0 pour rendre votre visite agr\u00e9able et inoubliable.<\/p>\n\n\n\n<p>Nous vous remercions d&#8217;avoir choisi <strong>Christ the Redeemer Tickets<\/strong> &#8211; nous sommes impatients de vous aider \u00e0 d\u00e9couvrir cette merveille embl\u00e9matique dans toute sa grandeur!<\/p>\n\n\n\n<h2 class=\"wp-block-heading\">Nous Contacter<\/h2>\n\n\n\n<p>Nous aimerions avoir de vos nouvelles! <\/p>\n\n\n\n<h3 class=\"wp-block-heading\">Comment Prendre Contact<\/h3>\n\n\n\n<p><strong>Email<\/strong>: Pour toute question ou demande d&#8217;assistance, n&#8217;h\u00e9sitez pas \u00e0 nous contacter \u00e0hello[@]christtheredeemertickets[dot]com<\/p>\n\n\n\n<h3 class=\"wp-block-heading\">Questions Courantes<\/h3>\n\n\n\n<p>Avant de nous contacter, vous trouverez peut-\u00eatre la r\u00e9ponse \u00e0 votre question dans notre <a href=\"https:\/\/christtheredeemertickets.com\/fr\/visiter\/\">section FAQ<\/a> o\u00f9 nous traitons de sujets populaires tels que:<\/p>\n\n\n\n<ul class=\"wp-block-list\">\n<li>Heures de visite et conseils<\/li>\n\n\n\n<li>Comment acheter des billets<\/li>\n\n\n\n<li>Confirmations de r\u00e9servation<\/li>\n\n\n\n<li>Disponibilit\u00e9 des circuits<\/li>\n<\/ul>\n\n\n\n<p><\/p>\n","protected":false},"excerpt":{"rendered":"<p>\u00c0 Propos des Billets pour le Christ R\u00e9dempteur Bienvenue sur le site de Christ the Redeemer Tickets, votre source de confiance pour d\u00e9couvrir et r\u00e9server des exp\u00e9riences inoubliables sur l&#8217;un des sites les plus embl\u00e9matiques au monde, la statue du Christ R\u00e9dempteur \u00e0 Rio de Janeiro. Notre mission est simple: faire en sorte que votre &#8230; <a title=\"A Propos de\" class=\"read-more\" href=\"https:\/\/christtheredeemertickets.com\/fr\/a-propos-de\/\" aria-label=\"Read more about A Propos de\">Read more<\/a><\/p>\n","protected":false},"author":1,"featured_media":0,"parent":0,"menu_order":7,"comment_status":"closed","ping_status":"closed","template":"","meta":{"_acf_changed":false,"footnotes":""},"tags":[],"class_list":["post-158","page","type-page","status-publish"],"acf":[],"_links":{"self":[{"href":"https:\/\/christtheredeemertickets.com\/fr\/wp-json\/wp\/v2\/pages\/158","targetHints":{"allow":["GET"]}}],"collection":[{"href":"https:\/\/christtheredeemertickets.com\/fr\/wp-json\/wp\/v2\/pages"}],"about":[{"href":"https:\/\/christtheredeemertickets.com\/fr\/wp-json\/wp\/v2\/types\/page"}],"author":[{"embeddable":true,"href":"https:\/\/christtheredeemertickets.com\/fr\/wp-json\/wp\/v2\/users\/1"}],"replies":[{"embeddable":true,"href":"https:\/\/christtheredeemertickets.com\/fr\/wp-json\/wp\/v2\/comments?post=158"}],"version-history":[{"count":10,"href":"https:\/\/christtheredeemertickets.com\/fr\/wp-json\/wp\/v2\/pages\/158\/revisions"}],"predecessor-version":[{"id":413,"href":"https:\/\/christtheredeemertickets.com\/fr\/wp-json\/wp\/v2\/pages\/158\/revisions\/413"}],"wp:attachment":[{"href":"https:\/\/christtheredeemertickets.com\/fr\/wp-json\/wp\/v2\/media?parent=158"}],"wp:term":[{"taxonomy":"post_tag","embeddable":true,"href":"https:\/\/christtheredeemertickets.com\/fr\/wp-json\/wp\/v2\/tags?post=158"}],"curies":[{"name":"wp","href":"https:\/\/api.w.org\/{rel}","templated":true}]}}