{"id":6,"date":"2024-10-21T08:30:14","date_gmt":"2024-10-21T08:30:14","guid":{"rendered":"https:\/\/christtheredeemertickets.com\/es\/?page_id=6"},"modified":"2025-03-09T14:27:40","modified_gmt":"2025-03-09T13:27:40","slug":"inicio","status":"publish","type":"page","link":"https:\/\/christtheredeemertickets.com\/es\/","title":{"rendered":"Inicio"},"content":{"rendered":"\n<h2 class=\"wp-block-heading\">Estatua del Cristo Redentor<\/h2>\n\n\n\n<p>El Cristo Redentor, que domina R\u00edo de Janeiro, es un impresionante s\u00edmbolo de fe, arte e historia que atrae a millones de personas de todo el mundo. Desde su imponente vista sobre el monte Corcovado hasta los intrincados detalles de su dise\u00f1o, este monumento es m\u00e1s que una simple estatua: es una experiencia que deja una impresi\u00f3n duradera. Descubra todo lo que necesita para aprovechar al m\u00e1ximo su visita a una de las Siete Nuevas Maravillas del Mundo.<\/p>\n\n\n<div class=\"gb-container gb-container-31f67870\">\n<div class=\"gb-container gb-container-d7b4bbc7\">\n<div class=\"gb-grid-wrapper gb-grid-wrapper-2e490129\">\n<div class=\"gb-grid-column gb-grid-column-c4c350be\"><div class=\"gb-container gb-container-c4c350be\">\n\n<figure class=\"gb-block-image gb-block-image-aa3a8206\"><img loading=\"lazy\" decoding=\"async\" width=\"1920\" height=\"1080\" class=\"gb-image gb-image-aa3a8206\" src=\"https:\/\/christtheredeemertickets.com\/wp-content\/uploads\/2024\/10\/f-christ-the-redeemer-sunset.jpg\" alt=\"Christ the Redeemer statue at sunset on a mountain in Rio de Janeiro, surrounded by lush green forest with mountains in the background.\" srcset=\"https:\/\/christtheredeemertickets.com\/es\/wp-content\/uploads\/2024\/10\/f-christ-the-redeemer-sunset.jpg 1920w, https:\/\/christtheredeemertickets.com\/es\/wp-content\/uploads\/2024\/10\/f-christ-the-redeemer-sunset-300x169.jpg 300w, https:\/\/christtheredeemertickets.com\/es\/wp-content\/uploads\/2024\/10\/f-christ-the-redeemer-sunset-1024x576.jpg 1024w, https:\/\/christtheredeemertickets.com\/es\/wp-content\/uploads\/2024\/10\/f-christ-the-redeemer-sunset-768x432.jpg 768w, https:\/\/christtheredeemertickets.com\/es\/wp-content\/uploads\/2024\/10\/f-christ-the-redeemer-sunset-1536x864.jpg 1536w\" sizes=\"auto, (max-width: 1920px) 100vw, 1920px\" \/><\/figure>\n\n\n\n<h2 class=\"gb-headline gb-headline-c58111f6 gb-headline-text\"><a href=\"https:\/\/christtheredeemertickets.com\/es\/entradas\/\">Entradas<\/a><\/h2>\n\n\n\n<p>Planificar su visita al Cristo Redentor es f\u00e1cil con una gama de opciones de entradas que se adaptan a cada tipo de viajero. Elija entre entradas est\u00e1ndar, pases sin colas y experiencias guiadas para que su viaje sea inolvidable. Reservar con antelaci\u00f3n le ayudar\u00e1 a asegurar su plaza y a disfrutar de una experiencia sin complicaciones a su llegada.<\/p>\n\n\n\n<p><a href=\"https:\/\/christtheredeemertickets.com\/es\/entradas\/\">Reserve sus entradas preferentes<\/a><\/p>\n\n<\/div><\/div>\n\n<div class=\"gb-grid-column gb-grid-column-029be6b4\"><div class=\"gb-container gb-container-029be6b4\">\n\n<figure class=\"gb-block-image gb-block-image-c4cc4fa2\"><img loading=\"lazy\" decoding=\"async\" width=\"1920\" height=\"1080\" class=\"gb-image gb-image-c4cc4fa2\" src=\"https:\/\/christtheredeemertickets.com\/wp-content\/uploads\/2024\/10\/f-christ-the-redeemer-night-silhouette.jpg\" alt=\"Silhouette of Christ the Redeemer statue captured on a smartphone at dusk, with a person holding the phone and the sky darkening in the background.\" srcset=\"https:\/\/christtheredeemertickets.com\/es\/wp-content\/uploads\/2024\/10\/f-christ-the-redeemer-night-silhouette.jpg 1920w, https:\/\/christtheredeemertickets.com\/es\/wp-content\/uploads\/2024\/10\/f-christ-the-redeemer-night-silhouette-300x169.jpg 300w, https:\/\/christtheredeemertickets.com\/es\/wp-content\/uploads\/2024\/10\/f-christ-the-redeemer-night-silhouette-1024x576.jpg 1024w, https:\/\/christtheredeemertickets.com\/es\/wp-content\/uploads\/2024\/10\/f-christ-the-redeemer-night-silhouette-768x432.jpg 768w, https:\/\/christtheredeemertickets.com\/es\/wp-content\/uploads\/2024\/10\/f-christ-the-redeemer-night-silhouette-1536x864.jpg 1536w\" sizes=\"auto, (max-width: 1920px) 100vw, 1920px\" \/><\/figure>\n\n\n\n<h2 class=\"gb-headline gb-headline-1f45de2c gb-headline-text\"><a href=\"https:\/\/christtheredeemertickets.com\/es\/tours\/\">Tours<\/a><\/h2>\n\n\n\n<p>Mejore su visita al Cristo Redentor con una de nuestras visitas especialmente dise\u00f1adas para usted. Elija entre experiencias privadas, visitas en grupo y paquetes de varias paradas que incluyen atracciones cercanas. Cada visita est\u00e1 dise\u00f1ada para ofrecer una visi\u00f3n \u00fanica, guiada por expertos que comparten la historia, la cultura y las an\u00e9cdotas que se esconden tras este monumento mundialmente famoso.<\/p>\n\n\n\n<p><a href=\"https:\/\/christtheredeemertickets.com\/es\/tours\/\">Explore nuestros paquetes tur\u00edsticos para vivir una experiencia guiada<\/a><\/p>\n\n<\/div><\/div>\n\n<div class=\"gb-grid-column gb-grid-column-d2be5655\"><div class=\"gb-container gb-container-d2be5655\">\n\n<figure class=\"gb-block-image gb-block-image-8b01bfc8\"><img loading=\"lazy\" decoding=\"async\" width=\"1920\" height=\"1080\" class=\"gb-image gb-image-8b01bfc8\" src=\"https:\/\/christtheredeemertickets.com\/wp-content\/uploads\/2024\/10\/f-tourist-taking-photo-at-christ-the-redeemer-statue.jpg\" alt=\"\" title=\"f-tourist-taking-photo-at-christ-the-redeemer-statue\" srcset=\"https:\/\/christtheredeemertickets.com\/es\/wp-content\/uploads\/2024\/10\/f-tourist-taking-photo-at-christ-the-redeemer-statue.jpg 1920w, https:\/\/christtheredeemertickets.com\/es\/wp-content\/uploads\/2024\/10\/f-tourist-taking-photo-at-christ-the-redeemer-statue-300x169.jpg 300w, https:\/\/christtheredeemertickets.com\/es\/wp-content\/uploads\/2024\/10\/f-tourist-taking-photo-at-christ-the-redeemer-statue-1024x576.jpg 1024w, https:\/\/christtheredeemertickets.com\/es\/wp-content\/uploads\/2024\/10\/f-tourist-taking-photo-at-christ-the-redeemer-statue-768x432.jpg 768w, https:\/\/christtheredeemertickets.com\/es\/wp-content\/uploads\/2024\/10\/f-tourist-taking-photo-at-christ-the-redeemer-statue-1536x864.jpg 1536w\" sizes=\"auto, (max-width: 1920px) 100vw, 1920px\" \/><\/figure>\n\n\n\n<h2 class=\"gb-headline gb-headline-e9b6a98a gb-headline-text\"><a href=\"https:\/\/christtheredeemertickets.com\/es\/visite\/\">Visite<\/a><\/h2>\n\n\n\n<p>Aproveche al m\u00e1ximo su visita al Cristo Redentor con informaci\u00f3n pr\u00e1ctica sobre c\u00f3mo llegar, las mejores horas para visitarlo y lo que puede esperar. Desde opciones de transporte hasta consejos para evitar las aglomeraciones, encuentre todo lo que necesita para disfrutar de una experiencia agradable y sin sobresaltos<\/p>\n\n\n\n<p><a href=\"https:\/\/christtheredeemertickets.com\/es\/visite\/\">Planifique su visita con consejos \u00fatiles e informaci\u00f3n esencial<\/a><\/p>\n\n<\/div><\/div>\n<\/div>\n\n<div class=\"gb-grid-wrapper gb-grid-wrapper-39a0322f\">\n<div class=\"gb-grid-column gb-grid-column-b54b1b6c\"><div class=\"gb-container gb-container-b54b1b6c\">\n\n<figure class=\"gb-block-image gb-block-image-833ee72a\"><img loading=\"lazy\" decoding=\"async\" width=\"1920\" height=\"1080\" class=\"gb-image gb-image-833ee72a\" src=\"https:\/\/christtheredeemertickets.com\/wp-content\/uploads\/2024\/10\/f-tourists-at-christ-the-redeemer-statue-rio.jpg\" alt=\"Visiteors standing on the steps in front of the Christ the Redeemer statue in Rio de Janeiro, with clear skies in the background.\" srcset=\"https:\/\/christtheredeemertickets.com\/es\/wp-content\/uploads\/2024\/10\/f-tourists-at-christ-the-redeemer-statue-rio.jpg 1920w, https:\/\/christtheredeemertickets.com\/es\/wp-content\/uploads\/2024\/10\/f-tourists-at-christ-the-redeemer-statue-rio-300x169.jpg 300w, https:\/\/christtheredeemertickets.com\/es\/wp-content\/uploads\/2024\/10\/f-tourists-at-christ-the-redeemer-statue-rio-1024x576.jpg 1024w, https:\/\/christtheredeemertickets.com\/es\/wp-content\/uploads\/2024\/10\/f-tourists-at-christ-the-redeemer-statue-rio-768x432.jpg 768w, https:\/\/christtheredeemertickets.com\/es\/wp-content\/uploads\/2024\/10\/f-tourists-at-christ-the-redeemer-statue-rio-1536x864.jpg 1536w\" sizes=\"auto, (max-width: 1920px) 100vw, 1920px\" \/><\/figure>\n\n\n\n<h2 class=\"gb-headline gb-headline-0294488a gb-headline-text\"><a href=\"https:\/\/christtheredeemertickets.com\/es\/historia\/\">Historia<\/a><\/h2>\n\n\n\n<p>Descubra la rica historia del Cristo Redentor, un monumento que se ha erigido en faro de fe y cultura desde su finalizaci\u00f3n en 1931. Conozca su concepci\u00f3n, el intrincado proceso de construcci\u00f3n y la importancia mundial que le vali\u00f3 un lugar entre las Siete Nuevas Maravillas del Mundo.<\/p>\n\n\n\n<p><a href=\"https:\/\/christtheredeemertickets.com\/es\/historia\/\">Sum\u00e9rjase en la historia de uno de los monumentos m\u00e1s c\u00e9lebres del mundo<\/a><\/p>\n\n<\/div><\/div>\n\n<div class=\"gb-grid-column gb-grid-column-5a80ba22\"><div class=\"gb-container gb-container-5a80ba22\">\n\n<figure class=\"gb-block-image gb-block-image-ac9c9d16\"><img loading=\"lazy\" decoding=\"async\" width=\"1920\" height=\"1080\" class=\"gb-image gb-image-ac9c9d16\" src=\"https:\/\/christtheredeemertickets.com\/wp-content\/uploads\/2024\/10\/f-view-from-christ-the-redeemer-statue.jpg\" alt=\"A panoramic view of Rio de Janeiro's coastline, showing the city, boats in the bay, and the iconic Sugarloaf Mountain under a clear blue sky.\" srcset=\"https:\/\/christtheredeemertickets.com\/es\/wp-content\/uploads\/2024\/10\/f-view-from-christ-the-redeemer-statue.jpg 1920w, https:\/\/christtheredeemertickets.com\/es\/wp-content\/uploads\/2024\/10\/f-view-from-christ-the-redeemer-statue-300x169.jpg 300w, https:\/\/christtheredeemertickets.com\/es\/wp-content\/uploads\/2024\/10\/f-view-from-christ-the-redeemer-statue-1024x576.jpg 1024w, https:\/\/christtheredeemertickets.com\/es\/wp-content\/uploads\/2024\/10\/f-view-from-christ-the-redeemer-statue-768x432.jpg 768w, https:\/\/christtheredeemertickets.com\/es\/wp-content\/uploads\/2024\/10\/f-view-from-christ-the-redeemer-statue-1536x864.jpg 1536w\" sizes=\"auto, (max-width: 1920px) 100vw, 1920px\" \/><\/figure>\n\n\n\n<h2 class=\"gb-headline gb-headline-d96b50ca gb-headline-text\"><a href=\"https:\/\/christtheredeemertickets.com\/es\/hechos\/\">Hechos<\/a><\/h2>\n\n\n\n<p>El Cristo Redentor est\u00e1 lleno de detalles fascinantes y estad\u00edsticas sorprendentes que lo hacen realmente \u00fanico. Desde su imponente altura hasta los raros materiales utilizados en su construcci\u00f3n, descubre los hechos que ponen de relieve por qu\u00e9 este monumento es admirado por millones de personas cada a\u00f1o.<\/p>\n\n\n\n<p><a href=\"https:\/\/christtheredeemertickets.com\/es\/hechos\/\">Descubra datos fascinantes que hacen del Cristo Redentor un lugar \u00fanico<\/a><\/p>\n\n<\/div><\/div>\n\n<div class=\"gb-grid-column gb-grid-column-fe7695be\"><div class=\"gb-container gb-container-fe7695be\">\n\n<figure class=\"gb-block-image gb-block-image-2fe365e4\"><img loading=\"lazy\" decoding=\"async\" width=\"1920\" height=\"1080\" class=\"gb-image gb-image-2fe365e4\" src=\"https:\/\/christtheredeemertickets.com\/wp-content\/uploads\/2024\/10\/f-christ-the-redeemer-close-up.jpg\" alt=\"Close-up of the Christ the Redeemer statue in Rio de Janeiro, showing the statue's outstretched arms against a clear blue sky.\" srcset=\"https:\/\/christtheredeemertickets.com\/es\/wp-content\/uploads\/2024\/10\/f-christ-the-redeemer-close-up.jpg 1920w, https:\/\/christtheredeemertickets.com\/es\/wp-content\/uploads\/2024\/10\/f-christ-the-redeemer-close-up-300x169.jpg 300w, https:\/\/christtheredeemertickets.com\/es\/wp-content\/uploads\/2024\/10\/f-christ-the-redeemer-close-up-1024x576.jpg 1024w, https:\/\/christtheredeemertickets.com\/es\/wp-content\/uploads\/2024\/10\/f-christ-the-redeemer-close-up-768x432.jpg 768w, https:\/\/christtheredeemertickets.com\/es\/wp-content\/uploads\/2024\/10\/f-christ-the-redeemer-close-up-1536x864.jpg 1536w\" sizes=\"auto, (max-width: 1920px) 100vw, 1920px\" \/><\/figure>\n\n\n\n<h2 class=\"gb-headline gb-headline-e64a2d5b gb-headline-text\"><a href=\"https:\/\/christtheredeemertickets.com\/es\/arquitectura\/\">Arquitectura<\/a><\/h2>\n\n\n\n<p>El dise\u00f1o del Cristo Redentor es una maravilla arquitect\u00f3nica que combina el estilo Art D\u00e9co con una ingenier\u00eda innovadora para crear una estatua que resiste a los elementos. Explora los detalles de su construcci\u00f3n, los materiales elegidos y el dise\u00f1o estrat\u00e9gico que le permite resistir las duras condiciones meteorol\u00f3gicas y el terreno de R\u00edo.<\/p>\n\n\n\n<p><a href=\"https:\/\/christtheredeemertickets.com\/es\/arquitectura\/\">M\u00e1s informaci\u00f3n sobre la ingenier\u00eda y el arte que dan vida a este monumento<\/a><\/p>\n\n<\/div><\/div>\n<\/div>\n<\/div>\n<\/div>\n\n\n<p><\/p>\n\n\n\n<h6 class=\"wp-block-heading\"><strong>Opciones de entradas para el Cristo Redentor &#8211; <\/strong><a href=\"https:\/\/www.getyourguide.com\/s\/?q=Tijuca+Forest&amp;searchSource=3&amp;partner_id=JQVKNNW&amp;utm_medium=online_publisher&amp;partner_id=JQVKNNW&amp;utm_medium=online_publisher&amp;cmp=ctrt_es\" rel=\"sponsored nofollow noopener\" target=\"_blank\"><strong>Ver todas <\/strong>\u00bb<\/a><\/h6>\n\n\n<div class=\"gb-container gb-container-f38ded86\">\n<div class=\"gb-container gb-container-8d1250f1\">\n\n<div data-gyg-href=\"https:\/\/widget.getyourguide.com\/default\/activities.frame\" data-gyg-locale-code=\"es-ES\" data-gyg-widget=\"activities\" data-gyg-number-of-items=\"4\" data-gyg-cmp=\"ctrt_es\" data-gyg-partner-id=\"JQVKNNW\" data-gyg-q=\"christ the redeemer\"><span>Powered by <a target=\"_blank\" rel=\"sponsored nofollow noopener\" href=\"https:\/\/www.getyourguide.com\/christ-the-redeemer-rio-de-janeiro-l3784\/\">GetYourGuide<\/a><\/span><\/div>\n\n<\/div>\n<\/div>\n\n\n<p><\/p>\n","protected":false},"excerpt":{"rendered":"<p>Estatua del Cristo Redentor El Cristo Redentor, que domina R\u00edo de Janeiro, es un impresionante s\u00edmbolo de fe, arte e historia que atrae a millones de personas de todo el mundo. Desde su imponente vista sobre el monte Corcovado hasta los intrincados detalles de su dise\u00f1o, este monumento es m\u00e1s que una simple estatua: es &#8230; <a title=\"Inicio\" class=\"read-more\" href=\"https:\/\/christtheredeemertickets.com\/es\/\" aria-label=\"Read more about Inicio\">Read more<\/a><\/p>\n","protected":false},"author":1,"featured_media":0,"parent":0,"menu_order":0,"comment_status":"closed","ping_status":"closed","template":"","meta":{"_acf_changed":false,"footnotes":""},"tags":[],"class_list":["post-6","page","type-page","status-publish"],"acf":[],"_links":{"self":[{"href":"https:\/\/christtheredeemertickets.com\/es\/wp-json\/wp\/v2\/pages\/6","targetHints":{"allow":["GET"]}}],"collection":[{"href":"https:\/\/christtheredeemertickets.com\/es\/wp-json\/wp\/v2\/pages"}],"about":[{"href":"https:\/\/christtheredeemertickets.com\/es\/wp-json\/wp\/v2\/types\/page"}],"author":[{"embeddable":true,"href":"https:\/\/christtheredeemertickets.com\/es\/wp-json\/wp\/v2\/users\/1"}],"replies":[{"embeddable":true,"href":"https:\/\/christtheredeemertickets.com\/es\/wp-json\/wp\/v2\/comments?post=6"}],"version-history":[{"count":46,"href":"https:\/\/christtheredeemertickets.com\/es\/wp-json\/wp\/v2\/pages\/6\/revisions"}],"predecessor-version":[{"id":413,"href":"https:\/\/christtheredeemertickets.com\/es\/wp-json\/wp\/v2\/pages\/6\/revisions\/413"}],"wp:attachment":[{"href":"https:\/\/christtheredeemertickets.com\/es\/wp-json\/wp\/v2\/media?parent=6"}],"wp:term":[{"taxonomy":"post_tag","embeddable":true,"href":"https:\/\/christtheredeemertickets.com\/es\/wp-json\/wp\/v2\/tags?post=6"}],"curies":[{"name":"wp","href":"https:\/\/api.w.org\/{rel}","templated":true}]}}