{"id":3,"date":"2024-10-21T07:56:20","date_gmt":"2024-10-21T07:56:20","guid":{"rendered":"https:\/\/christtheredeemertickets.com\/es\/?page_id=3"},"modified":"2024-11-16T16:40:35","modified_gmt":"2024-11-16T16:40:35","slug":"politica-de-privacidad","status":"publish","type":"page","link":"https:\/\/christtheredeemertickets.com\/es\/politica-de-privacidad\/","title":{"rendered":"Pol\u00edtica de privacidad"},"content":{"rendered":"<p>Bienvenido a Christ the Redeemer Tickets, accesible desde https:\/\/christtheredeemertickets.com\/. En Christ the Redeemer Tickets, su privacidad es una prioridad. La presente Pol\u00edtica de Privacidad describe los tipos de informaci\u00f3n recopilada, procesada y gestionada por nuestro sitio web y explica nuestras pr\u00e1cticas de datos en relaci\u00f3n con el seguimiento de afiliados.<\/p><p>Si tiene alguna pregunta sobre esta Pol\u00edtica de privacidad, no dude en ponerse en contacto con nosotros.<\/p><h2 class=\"wp-block-heading\">Consentimiento<\/h2><p>Al utilizar nuestro sitio web, usted acepta que recopilemos, utilicemos y compartamos la informaci\u00f3n tal y como se describe en esta Pol\u00edtica de privacidad. Si no est\u00e1 de acuerdo, abst\u00e9ngase de utilizar nuestro sitio web.<\/p><h2 class=\"wp-block-heading\">Informaci\u00f3n que recopilamos<\/h2><h3 class=\"wp-block-heading\">Informaci\u00f3n no personal<\/h3><p>Christ the Redeemer Tickets no recopila informaci\u00f3n de identificaci\u00f3n personal. No obstante, recopilamos datos no personales con fines anal\u00edticos y de seguimiento de afiliados para mejorar la funcionalidad del sitio. Esto incluye:<\/p><ul class=\"wp-block-list\"><li>Direcci\u00f3n IP<\/li><li>Tipo de navegador<\/li><li>Proveedor de servicios de Internet (ISP)<\/li><li>Fecha y hora de acceso<\/li><li>P\u00e1ginas de referencia\/salida<\/li><\/ul><p>Estos datos son registrados por nuestro proveedor de alojamiento como parte de la anal\u00edtica web est\u00e1ndar y nos ayudan a comprender las tendencias de los usuarios y el rendimiento del sitio.<\/p><h3 class=\"wp-block-heading\">Cookies y rastreo<\/h3><p>Nuestro sitio utiliza \u201cgalletas&#8221; para mejorar la experiencia del usuario y hacer un seguimiento de los enlaces de afiliaci\u00f3n, lo que nos permite recibir comisiones de socios como GetYourGuide y Tiqets. Las galletas son peque\u00f1os archivos almacenados en su dispositivo que ayudan a mejorar la funcionalidad del sitio. Consulte nuestra Pol\u00edtica de galletas para obtener m\u00e1s informaci\u00f3n sobre la gesti\u00f3n de galletas.<\/p><h2 class=\"wp-block-heading\">Uso de la informaci\u00f3n<\/h2><p>Los datos recogidos se utilizan para:<\/p><ul class=\"wp-block-list\"><li>Gestionar y mantener el sitio web<\/li><li>Analizar y mejorar la experiencia del usuario<\/li><li>Seguimiento de enlaces de afiliados a efectos de comisiones<\/li><li>Garantizar la seguridad del sitio<\/li><\/ul><p>Christ the Redeemer Tickets no vende ni comparte su informaci\u00f3n con terceros con fines de marketing.<\/p><h2 class=\"wp-block-heading\">Enlaces de afiliados y de terceros<\/h2><p>Nuestro sitio contiene enlaces afiliados a plataformas de terceros, como GetYourGuide y Tiqets, para ofrecerle opciones de venta de entradas. Al hacer clic en estos enlaces, puede ser redirigido a sitios web de terceros. Consulte sus pol\u00edticas de privacidad para saber c\u00f3mo tratan sus datos:<\/p><ul class=\"wp-block-list\"><li>Pol\u00edtica de privacidad de GetYourGuide<\/li><li>Pol\u00edtica de privacidad de Tiqets<\/li><\/ul><p>No tenemos control sobre los contenidos de terceros ni sobre sus pr\u00e1cticas de privacidad.<\/p><h2 class=\"wp-block-heading\">Gesti\u00f3n de galletas<\/h2><p>Para obtener informaci\u00f3n sobre las galletas utilizadas en nuestro sitio, c\u00f3mo funcionan y c\u00f3mo gestionarlas, consulte nuestra Pol\u00edtica de galletas.<\/p><h2 class=\"wp-block-heading\">Privacidad infantil<\/h2><p>Christ the Redeemer Tickets no recopila intencionadamente informaci\u00f3n personal de ni\u00f1os menores de 13 a\u00f1os. Si tenemos conocimiento de que dicha informaci\u00f3n se ha recogido inadvertidamente, la eliminaremos de inmediato.<\/p><h2 class=\"wp-block-heading\">Actualizaciones de esta pol\u00edtica de privacidad<\/h2><p>Podemos actualizar esta Pol\u00edtica de Privacidad de vez en cuando. Cualquier cambio se publicar\u00e1 en esta p\u00e1gina y la fecha de entrada en vigor se actualizar\u00e1 en consecuencia.<\/p><h2 class=\"wp-block-heading\">Contacte con nosotros<\/h2><p>Si tiene alguna pregunta sobre esta Pol\u00edtica de privacidad, p\u00f3ngase en contacto con nosotros en:<\/p><p>Correo electr\u00f3nico: hello+legal@christtheredeemertickets.com<\/p>","protected":false},"excerpt":{"rendered":"<p>Bienvenido a Christ the Redeemer Tickets, accesible desde https:\/\/christtheredeemertickets.com\/. En Christ the Redeemer Tickets, su privacidad es una prioridad. La presente Pol\u00edtica de Privacidad describe los tipos de informaci\u00f3n recopilada, procesada y gestionada por nuestro sitio web y explica nuestras pr\u00e1cticas de datos en relaci\u00f3n con el seguimiento de afiliados. Si tiene alguna pregunta sobre &#8230; <a title=\"Pol\u00edtica de privacidad\" class=\"read-more\" href=\"https:\/\/christtheredeemertickets.com\/es\/politica-de-privacidad\/\" aria-label=\"Read more about Pol\u00edtica de privacidad\">Read more<\/a><\/p>\n","protected":false},"author":1,"featured_media":0,"parent":0,"menu_order":9,"comment_status":"closed","ping_status":"open","template":"","meta":{"_acf_changed":false,"footnotes":""},"tags":[],"class_list":["post-3","page","type-page","status-publish"],"acf":[],"_links":{"self":[{"href":"https:\/\/christtheredeemertickets.com\/es\/wp-json\/wp\/v2\/pages\/3","targetHints":{"allow":["GET"]}}],"collection":[{"href":"https:\/\/christtheredeemertickets.com\/es\/wp-json\/wp\/v2\/pages"}],"about":[{"href":"https:\/\/christtheredeemertickets.com\/es\/wp-json\/wp\/v2\/types\/page"}],"author":[{"embeddable":true,"href":"https:\/\/christtheredeemertickets.com\/es\/wp-json\/wp\/v2\/users\/1"}],"replies":[{"embeddable":true,"href":"https:\/\/christtheredeemertickets.com\/es\/wp-json\/wp\/v2\/comments?post=3"}],"version-history":[{"count":4,"href":"https:\/\/christtheredeemertickets.com\/es\/wp-json\/wp\/v2\/pages\/3\/revisions"}],"predecessor-version":[{"id":349,"href":"https:\/\/christtheredeemertickets.com\/es\/wp-json\/wp\/v2\/pages\/3\/revisions\/349"}],"wp:attachment":[{"href":"https:\/\/christtheredeemertickets.com\/es\/wp-json\/wp\/v2\/media?parent=3"}],"wp:term":[{"taxonomy":"post_tag","embeddable":true,"href":"https:\/\/christtheredeemertickets.com\/es\/wp-json\/wp\/v2\/tags?post=3"}],"curies":[{"name":"wp","href":"https:\/\/api.w.org\/{rel}","templated":true}]}}