{"id":251,"date":"2024-11-01T08:40:42","date_gmt":"2024-11-01T08:40:42","guid":{"rendered":"https:\/\/christtheredeemertickets.com\/es\/?page_id=251"},"modified":"2025-01-10T18:40:46","modified_gmt":"2025-01-10T17:40:46","slug":"politica-de-cookies","status":"publish","type":"page","link":"https:\/\/christtheredeemertickets.com\/es\/politica-de-cookies\/","title":{"rendered":"Pol\u00edtica de Cookies"},"content":{"rendered":"\n<p>En el Cristo Redentor Entradas, accesibles desde <a href=\"https:\/\/christtheredeemertickets.com\/es\/\">https:\/\/christtheredeemertickets.com\/<\/a>, utilizamos cookies para mejorar su experiencia de navegaci\u00f3n y hacer un seguimiento de los enlaces de afiliaci\u00f3n a nuestros socios. Esta Pol\u00edtica de Cookies explica qu\u00e9 son las cookies, c\u00f3mo las utilizamos y sus opciones en relaci\u00f3n con las cookies.<\/p>\n\n\n\n<hr class=\"wp-block-separator has-alpha-channel-opacity\" \/>\n\n\n\n<h2 class=\"wp-block-heading\">Qu\u00e9 son las Cookies?<\/h2>\n\n\n\n<p>Las cookies son peque\u00f1os archivos de texto almacenados en su dispositivo por su navegador web. Ayudan a los sitios web a recordar las preferencias del usuario, mejorar la funcionalidad y realizar un seguimiento del rendimiento del sitio web. Las cookies tambi\u00e9n apoyan los programas de afiliaci\u00f3n mediante el seguimiento de las compras realizadas a trav\u00e9s de los enlaces de nuestros socios, lo que nos permite ganar comisiones.<\/p>\n\n\n\n<h3 class=\"wp-block-heading\">Tipos de Cookies que Utilizamos<\/h3>\n\n\n\n<ol class=\"wp-block-list\">\n<li><strong>Cookies Esenciales<\/strong>: Estas cookies son necesarias para que el sitio web funcione correctamente. Le permiten navegar por nuestro sitio y utilizar sus funciones, como acceder a zonas seguras.<\/li>\n\n\n\n<li><strong>Cookies de Rendimiento y An\u00e1lisis<\/strong>: Estas cookies recopilan datos an\u00f3nimos para ayudarnos a comprender c\u00f3mo interact\u00faan los visitantes con nuestro sitio web. Utilizamos esta informaci\u00f3n para mejorar nuestro sitio web y la experiencia del usuario.<\/li>\n\n\n\n<li><strong>Cookies de Seguimiento de Afiliados<\/strong>: Christ the Redeemer Tickets forma parte de programas de afiliados, como GetYourGuide y Tiqets. Las cookies de seguimiento de afiliados se instalan cuando hace clic en enlaces de afiliados, lo que nos permite ganar comisiones si realiza una compra.<\/li>\n<\/ol>\n\n\n\n<h3 class=\"wp-block-heading\">Cookies de Terceros<\/h3>\n\n\n\n<p>Nuestros socios pueden colocar cookies en su dispositivo para rastrear su interacci\u00f3n con sus plataformas. Para m\u00e1s informaci\u00f3n, consulte sus pol\u00edticas de privacidad:<\/p>\n\n\n\n<ul class=\"wp-block-list\">\n<li>Pol\u00edtica de privacidad de GetYourGuide<\/li>\n\n\n\n<li>Pol\u00edtica de privacidad de Tiqets<\/li>\n<\/ul>\n\n\n\n<h2 class=\"wp-block-heading\">Gesti\u00f3n de Cookies<\/h2>\n\n\n\n<p>Puede controlar o eliminar las cookies en funci\u00f3n de sus preferencias. La mayor\u00eda de los navegadores permiten gestionar las cookies a trav\u00e9s de su configuraci\u00f3n:<\/p>\n\n\n\n<ul class=\"wp-block-list\">\n<li><strong>Google Chrome<\/strong>: Ayuda de Chrome<\/li>\n\n\n\n<li><strong>Mozilla Firefox<\/strong>: Ayuda de Firefox<\/li>\n\n\n\n<li><strong>Safari (Apple)<\/strong>: Ayuda de Safari<\/li>\n\n\n\n<li><strong>Microsoft Edge<\/strong>: Ayuda de Edge<\/li>\n<\/ul>\n\n\n\n<p>Deshabilitar las cookies puede afectar a la funcionalidad de nuestro sitio web, y algunos servicios o caracter\u00edsticas pueden no estar disponibles.<\/p>\n\n\n\n<h2 class=\"wp-block-heading\">Actualizaciones de Esta Pol\u00edtica de Cookies<\/h2>\n\n\n\n<p>Podemos actualizar esta Pol\u00edtica de Cookies para reflejar cambios en la normativa o en la funcionalidad del sitio. Cualquier cambio se publicar\u00e1 en esta p\u00e1gina, con una fecha de entrada en vigor actualizada.<\/p>\n\n\n\n<p>Para m\u00e1s informaci\u00f3n, no dude en ponerse en contacto con nosotros en hello+legal@christtheredeemertickets.com.<\/p>\n\n\n\n<p><\/p>\n","protected":false},"excerpt":{"rendered":"<p>En el Cristo Redentor Entradas, accesibles desde https:\/\/christtheredeemertickets.com\/, utilizamos cookies para mejorar su experiencia de navegaci\u00f3n y hacer un seguimiento de los enlaces de afiliaci\u00f3n a nuestros socios. Esta Pol\u00edtica de Cookies explica qu\u00e9 son las cookies, c\u00f3mo las utilizamos y sus opciones en relaci\u00f3n con las cookies. Qu\u00e9 son las Cookies? Las cookies son &#8230; <a title=\"Pol\u00edtica de Cookies\" class=\"read-more\" href=\"https:\/\/christtheredeemertickets.com\/es\/politica-de-cookies\/\" aria-label=\"Read more about Pol\u00edtica de Cookies\">Read more<\/a><\/p>\n","protected":false},"author":1,"featured_media":0,"parent":0,"menu_order":11,"comment_status":"closed","ping_status":"closed","template":"","meta":{"_acf_changed":false,"footnotes":""},"tags":[],"class_list":["post-251","page","type-page","status-publish"],"acf":[],"_links":{"self":[{"href":"https:\/\/christtheredeemertickets.com\/es\/wp-json\/wp\/v2\/pages\/251","targetHints":{"allow":["GET"]}}],"collection":[{"href":"https:\/\/christtheredeemertickets.com\/es\/wp-json\/wp\/v2\/pages"}],"about":[{"href":"https:\/\/christtheredeemertickets.com\/es\/wp-json\/wp\/v2\/types\/page"}],"author":[{"embeddable":true,"href":"https:\/\/christtheredeemertickets.com\/es\/wp-json\/wp\/v2\/users\/1"}],"replies":[{"embeddable":true,"href":"https:\/\/christtheredeemertickets.com\/es\/wp-json\/wp\/v2\/comments?post=251"}],"version-history":[{"count":4,"href":"https:\/\/christtheredeemertickets.com\/es\/wp-json\/wp\/v2\/pages\/251\/revisions"}],"predecessor-version":[{"id":410,"href":"https:\/\/christtheredeemertickets.com\/es\/wp-json\/wp\/v2\/pages\/251\/revisions\/410"}],"wp:attachment":[{"href":"https:\/\/christtheredeemertickets.com\/es\/wp-json\/wp\/v2\/media?parent=251"}],"wp:term":[{"taxonomy":"post_tag","embeddable":true,"href":"https:\/\/christtheredeemertickets.com\/es\/wp-json\/wp\/v2\/tags?post=251"}],"curies":[{"name":"wp","href":"https:\/\/api.w.org\/{rel}","templated":true}]}}