{"id":190,"date":"2024-10-31T18:54:03","date_gmt":"2024-10-31T18:54:03","guid":{"rendered":"https:\/\/christtheredeemertickets.com\/es\/?page_id=190"},"modified":"2025-03-10T12:08:23","modified_gmt":"2025-03-10T11:08:23","slug":"tours","status":"publish","type":"page","link":"https:\/\/christtheredeemertickets.com\/es\/tours\/","title":{"rendered":"Tours al Cristo Redentor"},"content":{"rendered":"\n<p>Si est\u00e1 planeando un viaje a R\u00edo de Janeiro, hay una experiencia que destaca por encima de las dem\u00e1s, literalmente. El Cristo Redentor, la ic\u00f3nica estatua que corona el Corcovado, es m\u00e1s que un monumento: es un espect\u00e1culo inolvidable que encarna el esp\u00edritu de Brasil.<\/p>\n\n\n\n<p>Tanto si eres un aficionado a la historia, un entusiasta de la fotograf\u00eda o simplemente buscas el momento perfecto para Instagram, una visita guiada enriquecer\u00e1 tu visita con historias y puntos de vista que de otro modo podr\u00edas perderte.<\/p>\n\n\n\n<figure class=\"gb-block-image gb-block-image-8ad63314\"><img loading=\"lazy\" decoding=\"async\" width=\"1920\" height=\"1080\" class=\"gb-image gb-image-8ad63314\" src=\"https:\/\/christtheredeemertickets.com\/wp-content\/uploads\/2024\/10\/f-tourist-taking-photo-at-christ-the-redeemer-statue.jpg\" alt=\"\" title=\"f-tourist-taking-photo-at-christ-the-redeemer-statue\" srcset=\"https:\/\/christtheredeemertickets.com\/es\/wp-content\/uploads\/2024\/10\/f-tourist-taking-photo-at-christ-the-redeemer-statue.jpg 1920w, https:\/\/christtheredeemertickets.com\/es\/wp-content\/uploads\/2024\/10\/f-tourist-taking-photo-at-christ-the-redeemer-statue-300x169.jpg 300w, https:\/\/christtheredeemertickets.com\/es\/wp-content\/uploads\/2024\/10\/f-tourist-taking-photo-at-christ-the-redeemer-statue-1024x576.jpg 1024w, https:\/\/christtheredeemertickets.com\/es\/wp-content\/uploads\/2024\/10\/f-tourist-taking-photo-at-christ-the-redeemer-statue-768x432.jpg 768w, https:\/\/christtheredeemertickets.com\/es\/wp-content\/uploads\/2024\/10\/f-tourist-taking-photo-at-christ-the-redeemer-statue-1536x864.jpg 1536w\" sizes=\"auto, (max-width: 1920px) 100vw, 1920px\" \/><\/figure>\n\n\n\n<p><\/p>\n\n\n\n<h2 class=\"wp-block-heading\">Visitas y precios del Cristo Redentor<\/h2>\n\n\n\n<ul class=\"wp-block-list\">\n<li><strong><a href=\"https:\/\/www.getyourguide.com\/rio-de-janeiro-l9\/rio-5-hour-christ-the-redeemer-and-sugarloaf-express-tour-t388302\/?partner_id=JQVKNNW&amp;utm_medium=online_publisher&amp;cmp=ctrt_es\" target=\"_blank\" rel=\"noreferrer noopener sponsored nofollow\">Excursi\u00f3n expr\u00e9s de 5 horas al Cristo Redentor y el Pan de Az\u00facar:<\/a><\/strong> Una excursi\u00f3n guiada de 5 horas visitando el Cristo Redentor y el Pan de Az\u00facar, que incluye transporte y un gu\u00eda profesional. Desde 75 euros.<\/li>\n\n\n\n<li><strong><a href=\"https:\/\/www.getyourguide.com\/rio-de-janeiro-l9\/rio-de-janeiro-half-day-christ-the-redeemer-and-city-tour-t388313\/?partner_id=JQVKNNW&amp;utm_medium=online_publisher&amp;cmp=ctrt_es\" target=\"_blank\" rel=\"noreferrer noopener sponsored nofollow\">Tour de medio d\u00eda por el Cristo Redentor y la ciudad:<\/a><\/strong> Una excursi\u00f3n de medio d\u00eda en la que se visita el Cristo Redentor y lugares emblem\u00e1ticos de R\u00edo de Janeiro con un gu\u00eda. Desde 45.<\/li>\n\n\n\n<li><strong><a href=\"https:\/\/www.getyourguide.com\/rio-de-janeiro-l9\/rio-de-janeiro-christ-the-redeemer-hike-t839523\/?partner_id=JQVKNNW&amp;utm_medium=online_publisher&amp;cmp=ctrt_es\" target=\"_blank\" rel=\"noreferrer noopener sponsored nofollow\">Excursi\u00f3n al Cristo Redentor:<\/a><\/strong> Emb\u00e1rquese en una excursi\u00f3n guiada por el Parque Lage hasta la estatua del Cristo Redentor, pasando por cascadas y arroyos, y disfrute de vistas panor\u00e1micas de las playas y el paisaje urbano de R\u00edo de Janeiro. Desde 59.38.<\/li>\n\n\n\n<li><strong><a href=\"https:\/\/www.getyourguide.com\/rio-de-janeiro-l9\/christ-the-redeemer-cog-train-ticket-t161850\/?partner_id=JQVKNNW&amp;utm_medium=online_publisher&amp;cmp=ctrt_es\" target=\"_blank\" rel=\"noreferrer noopener sponsored nofollow\">Excursi\u00f3n al Cristo Redentor y la Floresta de Tijuca:<\/a><\/strong> Una visita guiada que incluye un viaje en tren a trav\u00e9s del bosque de Tijuca hasta la estatua del Cristo Redentor, ofreciendo vistas panor\u00e1micas de R\u00edo de Janeiro. Desde 144.00.<\/li>\n\n\n\n<li><strong><a href=\"https:\/\/www.getyourguide.com\/rio-de-janeiro-l9\/from-rio-christ-the-redeemer-by-train-and-sugarloaf-t504535\/?partner_id=JQVKNNW&amp;utm_medium=online_publisher&amp;cmp=ctrt_es\" target=\"_blank\" rel=\"noreferrer noopener sponsored nofollow\">Cristo Redentor en tren y Pan de Az\u00facar:<\/a><\/strong> Una visita guiada que incluye un viaje en tren por la selva de Tijuca hasta la estatua del Cristo Redentor, seguido de un ascenso en telef\u00e9rico al Pan de Az\u00facar, que ofrece vistas panor\u00e1micas de R\u00edo de Janeiro. Desde 141.73.<\/li>\n<\/ul>\n\n\n\n<p><strong><a href=\"https:\/\/www.getyourguide.es\/christ-the-redeemer-rio-de-janeiro-l3784\/?date_from=2024-11-03&amp;date_to=2024-11-03&amp;partner_id=JQVKNNW&amp;partner_id=JQVKNNW&amp;utm_medium=online_publisher&amp;partner_id=JQVKNNW&amp;utm_medium=online_publisher&amp;cmp=ctrt_es\" target=\"_blank\" rel=\"noreferrer noopener sponsored nofollow\">Consultar todas las visitas disponibles!<\/a><\/strong><\/p>\n\n\n\n<h2 class=\"wp-block-heading\">Qu\u00e9 esperar de la visita al Cristo Redentor<\/h2>\n\n\n\n<p>Un recorrido por el Cristo Redentor ofrece formas \u00fanicas de explorar uno de los monumentos m\u00e1s emblem\u00e1ticos del mundo.<\/p>\n\n\n\n<h3 class=\"wp-block-heading\">C\u00f3mo llegar a la cima del Corcovado<\/h3>\n\n\n\n<p>Su viaje a uno de los monumentos m\u00e1s emblem\u00e1ticos del mundo, el Cristo Redentor, comienza con la ascensi\u00f3n a la cima del Monte Corcovado. Tienes unas cuantas opciones encantadoras para el ascenso.<\/p>\n\n\n\n<p>Una opci\u00f3n popular es el viaje en tren panor\u00e1mico en el tren cremallera de Corcovado, un viaje a trav\u00e9s del exuberante y verde Parque Nacional de Tijuca. El suave ritmo del tren y el vaiv\u00e9n al subir por el bosque es casi m\u00e1gico.<\/p>\n\n\n\n<p>Otra opci\u00f3n es el servicio de lanzadera, que ofrece una perspectiva ligeramente diferente pero igualmente impresionante a trav\u00e9s del bosque. Sea cual sea la ruta que elija, el viaje en s\u00ed es un preludio de la impresionante experiencia que le espera en la cima.<\/p>\n\n\n\n<p><a href=\"https:\/\/christtheredeemertickets.com\/es\/entradas\/\" data-type=\"page\" data-id=\"188\"><strong>Quiere explorar por su cuenta? Reservar entradas oficiales sin esperar cola.<\/strong><\/a><\/p>\n\n\n\n<h3 class=\"wp-block-heading\">Experiencia guiada y comentarios<\/h3>\n\n\n\n<p>En la cima, una visita guiada realza la experiencia. \u00bfAlguna vez <a href=\"https:\/\/christtheredeemertickets.com\/es\/historia\/\">se ha preguntado por la historia y el simbolismo<\/a> del Cristo Redentor? Los gu\u00edas no se limitan a se\u00f1alar cosas: son narradores que entretejen <a href=\"https:\/\/christtheredeemertickets.com\/es\/hechos\/\" data-type=\"page\" data-id=\"178\">conocimientos culturales y an\u00e9cdotas fascinantes<\/a>. Podr\u00e1 aprender c\u00f3mo se construy\u00f3 la estatua o escuchar las historias de los trabajadores que dedicaron a\u00f1os a dar vida a esta obra maestra.<\/p>\n\n\n\n<p>No dude en hacer preguntas! Los gu\u00edas suelen compartir an\u00e9cdotas personales que a\u00f1aden un toque \u00edntimo y memorable a la visita.<\/p>\n\n\n\n<h3 class=\"wp-block-heading\">Tiempo Libre y Exploraci\u00f3n<\/h3>\n\n\n\n<p>Tras la visita guiada, dispondr\u00e1 de tiempo libre para explorar. Esta es su oportunidad para capturar la foto perfecta, disfrutar de las vistas o simplemente empaparse del ambiente. Si su excursi\u00f3n incluye otras atracciones cercanas, como el Pan de Az\u00facar, podr\u00e1 disfrutar de m\u00e1s vistas impresionantes.<\/p>\n\n\n\n<h2 class=\"wp-block-heading\">Consejos para Elegir la Excursi\u00f3n Adecuada<\/h2>\n\n\n\n<p>A continuaci\u00f3n le indicamos c\u00f3mo encontrar la visita perfecta al Cristo Redentor que se adapte a sus horarios, intereses y presupuesto.<\/p>\n\n\n\n<h3 class=\"wp-block-heading\">Considere su Presupuesto<\/h3>\n\n\n\n<p>A la hora de planificar su visita, el presupuesto es una consideraci\u00f3n importante. Las opciones van desde experiencias en grupo a opciones m\u00e1s personalizadas. Piense qu\u00e9 aspectos de la visita le importan m\u00e1s y explore opciones que puedan incluir varias atracciones para obtener un valor a\u00f1adido.<\/p>\n\n\n\n<h3 class=\"wp-block-heading\">Duraci\u00f3n e Itinerario<\/h3>\n\n\n\n<p>El tiempo es oro, sobre todo en una ciudad tan vibrante como R\u00edo de Janeiro. Las opciones de d\u00eda completo le permitir\u00e1n moverse a un ritmo pausado, saboreando cada parada, mientras que las experiencias de medio d\u00eda son perfectas para una visita r\u00e1pida pero memorable.<\/p>\n\n\n\n<h3 class=\"wp-block-heading\">Leer Rese\u00f1as y Valoraciones de Gu\u00edas<\/h3>\n\n\n\n<p>Antes de reservar, t\u00f3mese un momento para leer los comentarios y las valoraciones de las gu\u00edas. Los testimonios de primera mano pueden darle una idea de la experiencia. Es como escuchar a un amigo que ya ha estado all\u00ed y te ofrece una primicia.<\/p>\n\n\n\n<p><strong><a href=\"https:\/\/www.getyourguide.es\/christ-the-redeemer-rio-de-janeiro-l3784\/?date_from=2024-11-03&amp;date_to=2024-11-03&amp;partner_id=JQVKNNW&amp;partner_id=JQVKNNW&amp;utm_medium=online_publisher&amp;partner_id=JQVKNNW&amp;utm_medium=online_publisher&amp;cmp=ctrt_es\" rel=\"nofollow noopener\" target=\"_blank\">Leer comentarios -&gt;<\/a><\/strong><\/p>\n\n\n\n<h2 class=\"wp-block-heading\">Consejos Pr\u00e1cticos para un Viaje Sin Contratiempos<\/h2>\n\n\n\n<p>Aproveche al m\u00e1ximo su visita al Cristo Redentor con estos sencillos consejos para una aventura sin complicaciones.<\/p>\n\n\n\n<h3 class=\"wp-block-heading\">Reserve con Antelaci\u00f3n<\/h3>\n\n\n\n<p>Para visitar el Cristo Redentor, conviene planearlo con antelaci\u00f3n, ya que las entradas pueden agotarse r\u00e1pidamente, sobre todo en temporada alta. Reservar con antelaci\u00f3n evita las prisas de \u00faltima hora. Si prefiere la espontaneidad, busque franjas horarias de ma\u00f1ana o tarde, que suelen estar menos concurridas.<\/p>\n\n\n\n<h3 class=\"wp-block-heading\">Qu\u00e9 llevar y qu\u00e9 Vestir<\/h3>\n\n\n\n<p>Hacer la maleta para el Cristo Redentor es tan importante como <a href=\"https:\/\/christtheredeemertickets.com\/es\/visite\/\">planificar la visita<\/a>. Es imprescindible llevar crema solar, agua y calzado c\u00f3modo, ya que los senderos pueden ser empinados. V\u00edstase con ropa ligera y aireada, adecuada para el clima c\u00e1lido de R\u00edo, pero lleve una chaqueta ligera para las zonas m\u00e1s altas, donde puede refrescar sorprendentemente.<\/p>\n\n\n\n<p>Los lugare\u00f1os lo llaman &#8220;estilo carioca&#8221;-vestir de forma c\u00f3moda y pr\u00e1ctica. No olvides la chaqueta para la cima de la monta\u00f1a!<\/p>\n\n\n\n<h3 class=\"wp-block-heading\">Las Mejores \u00c9pocas para Visitar el Pa\u00eds Sin Aglomeraciones<\/h3>\n\n\n\n<p>Las aglomeraciones pueden hacer o deshacer su visita. Para disfrutar de una experiencia m\u00e1s tranquila, elija las primeras horas de la ma\u00f1ana o los d\u00edas laborables. El ambiente es m\u00e1s tranquilo y tendr\u00e1 m\u00e1s tiempo para disfrutar de las vistas.<\/p>\n\n\n\n<p><strong>Consejo<\/strong>: Para disfrutar de unas vistas impresionantes, opte por el amanecer o el atardecer. La iluminaci\u00f3n crea fondos incre\u00edbles para las fotos. Comb\u00ednelo con el Pan de Az\u00facar para pasar un d\u00eda inolvidable.<\/p>\n\n\n\n<hr class=\"wp-block-separator has-alpha-channel-opacity\" \/>\n\n\n\n<p>Cada tipo de visita al Cristo Redentor ofrece una forma \u00fanica de apreciar la grandeza, la historia y el significado cultural de la estatua. Tanto si prefiere una experiencia guiada para profundizar en los <a href=\"https:\/\/christtheredeemertickets.com\/es\/arquitectura\/\">detalles arquitect\u00f3nicos<\/a> como si prefiere un viaje m\u00e1s relajado y panor\u00e1mico que le permita disfrutar de las vistas, hay un recorrido que se adapta a cada estilo de viaje.<\/p>\n\n\n\n<p><\/p>\n\n\n\n<div data-gyg-href=\"https:\/\/widget.getyourguide.com\/default\/activities.frame\" data-gyg-locale-code=\"es-ES\" data-gyg-widget=\"activities\" data-gyg-number-of-items=\"6\" data-gyg-cmp=\"ctrt_es\" data-gyg-partner-id=\"JQVKNNW\" data-gyg-q=\"christ the redeemer\"><span>Powered by <a target=\"_blank\" rel=\"sponsored nofollow noopener\" href=\"https:\/\/www.getyourguide.com\/christ-the-redeemer-rio-de-janeiro-l3784\/\">GetYourGuide<\/a><\/span><\/div>\n\n\n\n<p><\/p>\n","protected":false},"excerpt":{"rendered":"<p>Si est\u00e1 planeando un viaje a R\u00edo de Janeiro, hay una experiencia que destaca por encima de las dem\u00e1s, literalmente. El Cristo Redentor, la ic\u00f3nica estatua que corona el Corcovado, es m\u00e1s que un monumento: es un espect\u00e1culo inolvidable que encarna el esp\u00edritu de Brasil. Tanto si eres un aficionado a la historia, un entusiasta &#8230; <a title=\"Tours al Cristo Redentor\" class=\"read-more\" href=\"https:\/\/christtheredeemertickets.com\/es\/tours\/\" aria-label=\"Read more about Tours al Cristo Redentor\">Read more<\/a><\/p>\n","protected":false},"author":1,"featured_media":0,"parent":0,"menu_order":2,"comment_status":"closed","ping_status":"closed","template":"","meta":{"_acf_changed":false,"footnotes":""},"tags":[],"class_list":["post-190","page","type-page","status-publish"],"acf":[],"_links":{"self":[{"href":"https:\/\/christtheredeemertickets.com\/es\/wp-json\/wp\/v2\/pages\/190","targetHints":{"allow":["GET"]}}],"collection":[{"href":"https:\/\/christtheredeemertickets.com\/es\/wp-json\/wp\/v2\/pages"}],"about":[{"href":"https:\/\/christtheredeemertickets.com\/es\/wp-json\/wp\/v2\/types\/page"}],"author":[{"embeddable":true,"href":"https:\/\/christtheredeemertickets.com\/es\/wp-json\/wp\/v2\/users\/1"}],"replies":[{"embeddable":true,"href":"https:\/\/christtheredeemertickets.com\/es\/wp-json\/wp\/v2\/comments?post=190"}],"version-history":[{"count":19,"href":"https:\/\/christtheredeemertickets.com\/es\/wp-json\/wp\/v2\/pages\/190\/revisions"}],"predecessor-version":[{"id":489,"href":"https:\/\/christtheredeemertickets.com\/es\/wp-json\/wp\/v2\/pages\/190\/revisions\/489"}],"wp:attachment":[{"href":"https:\/\/christtheredeemertickets.com\/es\/wp-json\/wp\/v2\/media?parent=190"}],"wp:term":[{"taxonomy":"post_tag","embeddable":true,"href":"https:\/\/christtheredeemertickets.com\/es\/wp-json\/wp\/v2\/tags?post=190"}],"curies":[{"name":"wp","href":"https:\/\/api.w.org\/{rel}","templated":true}]}}