{"id":188,"date":"2024-10-30T14:22:41","date_gmt":"2024-10-30T14:22:41","guid":{"rendered":"https:\/\/christtheredeemertickets.com\/es\/?page_id=188"},"modified":"2025-12-08T20:34:03","modified_gmt":"2025-12-08T19:34:03","slug":"entradas","status":"publish","type":"page","link":"https:\/\/christtheredeemertickets.com\/es\/entradas\/","title":{"rendered":"Entradas Cristo Redentor"},"content":{"rendered":"\n<p>Explore dos c\u00f3modas opciones de entradas para su visita al Cristo Redentor. Elija entre el cl\u00e1sico viaje en tren cremallera hasta la cima o disfrute de lo mejor de R\u00edo con el billete esencial, que incluye el Cristo Redentor y el Pan de Az\u00facar.<\/p>\n\n\n\n<figure class=\"gb-block-image gb-block-image-4df678bd\"><img loading=\"lazy\" decoding=\"async\" width=\"1920\" height=\"1080\" class=\"gb-image gb-image-4df678bd\" src=\"https:\/\/christtheredeemertickets.com\/wp-content\/uploads\/2024\/10\/f-christ-the-redeemer-tickets.jpg\" alt=\"Aerial view of the Christ the Redeemer statue in Rio de Janeiro, overlooking the city and ocean with buildings and mountains in the background.\" srcset=\"https:\/\/christtheredeemertickets.com\/es\/wp-content\/uploads\/2024\/10\/f-christ-the-redeemer-tickets.jpg 1920w, https:\/\/christtheredeemertickets.com\/es\/wp-content\/uploads\/2024\/10\/f-christ-the-redeemer-tickets-300x169.jpg 300w, https:\/\/christtheredeemertickets.com\/es\/wp-content\/uploads\/2024\/10\/f-christ-the-redeemer-tickets-1024x576.jpg 1024w, https:\/\/christtheredeemertickets.com\/es\/wp-content\/uploads\/2024\/10\/f-christ-the-redeemer-tickets-768x432.jpg 768w, https:\/\/christtheredeemertickets.com\/es\/wp-content\/uploads\/2024\/10\/f-christ-the-redeemer-tickets-1536x864.jpg 1536w\" sizes=\"auto, (max-width: 1920px) 100vw, 1920px\" \/><\/figure>\n\n\n\n<p><\/p>\n\n\n\n<h2 class=\"gb-headline gb-headline-3db96c2f gb-headline-text\">Opciones de Entradas para el Cristo Redentor<\/h2>\n\n\n\n<p>Elija las mejores <a href=\"https:\/\/christtheredeemertickets.com\/es\/visite\/\">opciones de billetes<\/a> para su visita, ya sea un pintoresco viaje en tren por la <a href=\"https:\/\/christtheredeemertickets.com\/es\/parque-nacional-de-tijuca\/\" data-type=\"page\" data-id=\"269\">Selva de Tijuca<\/a> o una experiencia completa que incluya el Pan de Az\u00facar.<\/p>\n\n\n<div class=\"gb-container gb-container-287b597f\">\n<div class=\"gb-container gb-container-033fb949\">\n\n<h3 class=\"gb-headline gb-headline-077ce2b0 gb-headline-text\"><strong>Entradas para el Cristo Redentor<\/strong><\/h3>\n\n\n\n<p>Las entradas para el Cristo Redentor en R\u00edo se agotan con rapidez. Te recomendamos reservar online con la mayor antelaci\u00f3n posible. Aqu\u00ed tienes un resumen de las distintas opciones:<\/p>\n\n\n\n<p><strong><a href=\"https:\/\/www.getyourguide.com\/rio-de-janeiro-l9\/christ-the-redeemer-cog-train-ticket-t161850\/?partner_id=JQVKNNW&amp;utm_medium=online_publisher&amp;cmp=ctrt_es\" data-type=\"link\" data-id=\"https:\/\/www.getyourguide.com\/rio-de-janeiro-l9\/christ-the-redeemer-cog-train-ticket-t161850\/?partner_id=JQVKNNW&amp;utm_medium=online_publisher&amp;cmp=ctrt_es\" rel=\"nofollow noopener\" target=\"_blank\">Entrada en tren del Corcovado (la m\u00e1s popular):<\/a><\/strong> Disfruta de un recorrido panor\u00e1mico en tren a trav\u00e9s del bosque de Tijuca hasta llegar al monumento m\u00e1s emblem\u00e1tico de Brasil. Desde la base de esta Maravilla Moderna podr\u00e1s contemplar unas vistas impresionantes de R\u00edo.<\/p>\n\n\n\n<p><strong><a href=\"https:\/\/www.getyourguide.com\/rio-de-janeiro-l9\/rio-de-janeiro-6-stop-highlights-of-rio-with-lunch-t388272\/?partner_id=JQVKNNW&amp;utm_medium=online_publisher&amp;cmp=ctrt_es\" rel=\"nofollow noopener\" target=\"_blank\">Tour de 6 paradas con comida incluida (la excursi\u00f3n mejor valorada):<\/a><\/strong> La experiencia completa de R\u00edo, con visitas a los principales puntos de inter\u00e9s, incluido el Estadio Maracan\u00e3 y el Samb\u00f3dromo. Incluye un delicioso almuerzo buf\u00e9 brasile\u00f1o y gu\u00edas expertos que hablan varios idiomas.<\/p>\n\n\n\n<p><strong><a href=\"https:\/\/www.getyourguide.com\/rio-de-janeiro-l9\/rio-half-day-with-christ-selaron-steps-sugarloaf-sunset-t115578\/?partner_id=JQVKNNW&amp;utm_medium=online_publisher&amp;cmp=ctrt_es\" rel=\"nofollow noopener\" target=\"_blank\">Cristo Redentor, Escaleras de Selar\u00f3n y atardecer en el Pan de Az\u00facar:<\/a><\/strong> Vive un atardecer m\u00e1gico desde el Pan de Az\u00facar despu\u00e9s de visitar el Cristo Redentor y las coloridas Escaleras de Selar\u00f3n. Este tour de 6 horas incluye transporte desde el hotel y gu\u00eda profesional.<\/p>\n\n\n\n<p><strong>(Todas las entradas incluyen acceso al Cristo Redentor)<\/strong><\/p>\n\n\n\n<p>Te recomendamos reservar a trav\u00e9s de <a href=\"https:\/\/www.getyourguide.com\/rio-de-janeiro-l9\/christ-the-redeemer-cog-train-ticket-t161850\/?partner_id=JQVKNNW&amp;utm_medium=online_publisher&amp;cmp=ctrt_es\" rel=\"nofollow noopener\" target=\"_blank\">GetYourGuide<\/a> o <a href=\"https:\/\/www.tiqets.com\/es\/christ-the-redeemer-tickets-l155843\/?partner=christtheredeemertickets\" rel=\"nofollow noopener\" target=\"_blank\">Tiqets<\/a> para aumentar las posibilidades de encontrar disponibilidad en las fechas que prefieras.<\/p>\n\n\n<div class=\"gb-grid-wrapper gb-grid-wrapper-e08e6e8d\">\n<div class=\"gb-grid-column gb-grid-column-24e01887\"><div class=\"gb-container gb-container-24e01887\">\n\n<a class=\"gb-button gb-button-f684101e gb-button-text\" href=\"https:\/\/www.getyourguide.com\/rio-de-janeiro-l9\/christ-the-redeemer-cog-train-ticket-t161850\/?partner_id=JQVKNNW&amp;utm_medium=online_publisher&amp;cmp=ctrt_es\" rel=\"nofollow noopener\" target=\"_blank\">Entrada<\/a>\n\n<\/div><\/div>\n\n<div class=\"gb-grid-column gb-grid-column-e27538ad\"><div class=\"gb-container gb-container-e27538ad\">\n\n<a class=\"gb-button gb-button-cdb5c8d7 gb-button-text\" href=\"https:\/\/www.getyourguide.com\/christ-the-redeemer-rio-de-janeiro-l3784\/?partner_id=JQVKNNW&amp;utm_medium=online_publisher&amp;cmp=ctrt_es\" rel=\"nofollow noopener\" target=\"_blank\">Todas las opciones<\/a>\n\n<\/div><\/div>\n<\/div>\n<\/div>\n<\/div>\n\n\n<p><\/p>\n\n\n\n<h3 class=\"gb-headline gb-headline-a5da4ede gb-headline-text\"><a href=\"https:\/\/www.getyourguide.com\/rio-de-janeiro-l9\/christ-the-redeemer-cog-train-ticket-t161850\/?partner_id=JQVKNNW&amp;utm_medium=online_publisher&amp;cmp=ctrt_es\" rel=\"nofollow noopener\" target=\"_blank\">Billete oficial del tren cremallera del Cristo Redentor<\/a><\/h3>\n\n\n\n<p>Disfrute de un viaje panor\u00e1mico en el hist\u00f3rico tren cremallera que serpentea por la exuberante selva de Tijuca y le lleva directamente a la base del Cristo Redentor. Este billete ofrece una experiencia cl\u00e1sica y envolvente, perfecta para los viajeros que buscan empaparse de la naturaleza circundante y llegar a la estatua con comodidad.<\/p>\n\n\n\n<p><strong>Lo m\u00e1s Destacado:<\/strong><\/p>\n\n\n\n<ul class=\"wp-block-list\">\n<li>Viaje de ida y vuelta en tren cremallera por la Floresta de Tijuca<\/li>\n\n\n\n<li>Acceso directo al Cristo Redentor<\/li>\n\n\n\n<li>Paseo panor\u00e1mico por la selva tropical<\/li>\n\n\n\n<li>Acercamiento ic\u00f3nico al Cristo Redentor<\/li>\n<\/ul>\n\n\n\n<p><strong><a href=\"https:\/\/www.getyourguide.com\/rio-de-janeiro-l9\/christ-the-redeemer-cog-train-ticket-t161850\/?partner_id=JQVKNNW&amp;utm_medium=online_publisher&amp;cmp=ctrt_es\" rel=\"nofollow noopener\" target=\"_blank\">Reserve la experiencia del tren cremallera cl\u00e1sico<\/a><\/strong><\/p>\n\n\n\n<h3 class=\"gb-headline gb-headline-3b61dca5 gb-headline-text\"><a href=\"https:\/\/www.getyourguide.com\/rio-de-janeiro-l9\/rio-christ-the-redeemer-sugarloaf-express-tour-t253482\/?partner_id=JQVKNNW&amp;utm_medium=online_publisher&amp;cmp=ctrt_es\" rel=\"sponsored nofollow noopener\" target=\"_blank\">Cristo Redentor y Pan de Az\u00facar Entradas Oficiales<\/a><\/h3>\n\n\n\n<p>Vea lo mejor de R\u00edo con una entrada combinada que le da acceso tanto al Cristo Redentor como al emblem\u00e1tico Pan de Az\u00facar. Perfecto para aquellos que buscan maximizar su d\u00eda, este billete le permite explorar dos de los monumentos m\u00e1s famosos de R\u00edo con acceso oficial.<\/p>\n\n\n\n<p><strong>Lo m\u00e1s destacado:<\/strong><\/p>\n\n\n\n<ul class=\"wp-block-list\">\n<li>Acceso a Cristo Redentor<\/li>\n\n\n\n<li>Acceso al telef\u00e9rico del Pan de Az\u00facar<\/li>\n\n\n\n<li>Duraci\u00f3n: Aproximadamente 4-5 horas (incluyendo viaje y visitas tur\u00edsticas)<\/li>\n\n\n\n<li>Dos visitas emblem\u00e1ticas en un d\u00eda<\/li>\n\n\n\n<li>Impresionantes vistas de R\u00edo desde los dos picos de las monta\u00f1as<\/li>\n<\/ul>\n\n\n\n<p><strong><a href=\"https:\/\/www.getyourguide.com\/rio-de-janeiro-l9\/rio-de-janeiro-5-hour-sunset-experience-t115578\/?partner_id=JQVKNNW&amp;utm_medium=online_publisher&amp;cmp=ctrt_es\" rel=\"nofollow noopener\" target=\"_blank\">Reserve el Combo Esencial para el Cristo Redentor y el Pan de Az\u00facar<\/a><\/strong><\/p>\n\n\n\n<h3 class=\"wp-block-heading\">Cuadro Comparativo<\/h3>\n\n\n\n<figure class=\"wp-block-table\"><table><thead><tr><th>Opci\u00f3n de Entrada<\/th><th>Puntos de Acceso<\/th><th>Duraci\u00f3n<\/th><th>Aspectos Destacados<\/th><th>Ideal Para<\/th><\/tr><\/thead><tbody><tr><td><strong>Billete de Tren Cremallera<\/strong><\/td><td>Cristo Redentor<\/td><td>1,5\u20132 horas<\/td><td>Viaje en tren panor\u00e1mico por la selva<\/td><td>Amantes de la naturaleza, experiencia cl\u00e1sica<\/td><\/tr><tr><td><strong>Esenciales de R\u00edo: Combo de Cristo y Pan de Az\u00facar<\/strong><\/td><td>Cristo Redentor, Pan de Az\u00facar<\/td><td>4\u20135 horas<\/td><td>Acceso a ambos puntos de referencia<\/td><td>Excursi\u00f3n de un d\u00eda completo<\/td><\/tr><\/tbody><\/table><\/figure>\n\n\n\n<div data-gyg-href=\"https:\/\/widget.getyourguide.com\/default\/activities.frame\" data-gyg-locale-code=\"es-ES\" data-gyg-widget=\"activities\" data-gyg-number-of-items=\"3\" data-gyg-cmp=\"ctrt_es\" data-gyg-partner-id=\"JQVKNNW\" data-gyg-q=\"christ the redeemer\"><span>Powered by <a target=\"_blank\" rel=\"sponsored nofollow noopener\" href=\"https:\/\/www.getyourguide.com\/christ-the-redeemer-rio-de-janeiro-l3784\/\">GetYourGuide<\/a><\/span><\/div>\n\n\n\n<p><\/p>\n\n\n\n<p><\/p>\n\n\n\n<figure class=\"gb-block-image gb-block-image-b8798f38\"><img loading=\"lazy\" decoding=\"async\" width=\"1920\" height=\"1080\" class=\"gb-image gb-image-b8798f38\" src=\"https:\/\/christtheredeemertickets.com\/wp-content\/uploads\/2024\/10\/f-christ-the-redeemer-night-silhouette.jpg\" alt=\"Silhouette of Christ the Redeemer statue captured on a smartphone at dusk, with a person holding the phone and the sky darkening in the background.\" srcset=\"https:\/\/christtheredeemertickets.com\/es\/wp-content\/uploads\/2024\/10\/f-christ-the-redeemer-night-silhouette.jpg 1920w, https:\/\/christtheredeemertickets.com\/es\/wp-content\/uploads\/2024\/10\/f-christ-the-redeemer-night-silhouette-300x169.jpg 300w, https:\/\/christtheredeemertickets.com\/es\/wp-content\/uploads\/2024\/10\/f-christ-the-redeemer-night-silhouette-1024x576.jpg 1024w, https:\/\/christtheredeemertickets.com\/es\/wp-content\/uploads\/2024\/10\/f-christ-the-redeemer-night-silhouette-768x432.jpg 768w, https:\/\/christtheredeemertickets.com\/es\/wp-content\/uploads\/2024\/10\/f-christ-the-redeemer-night-silhouette-1536x864.jpg 1536w\" sizes=\"auto, (max-width: 1920px) 100vw, 1920px\" \/><\/figure>\n\n\n\n<p><\/p>\n\n\n\n<p><\/p>\n\n\n\n<h3 class=\"gb-headline gb-headline-d64bdedd gb-headline-text\">\u00bfC\u00f3mo Recojo mi Billete y Accedo a Cada Lugar?<\/h3>\n\n\n\n<ul class=\"wp-block-list\">\n<li><strong>Proceso de recogida: <\/strong>Traiga un documento de identidad v\u00e1lido y su vale. Canj\u00e9elo en la taquilla de cada lugar (base del Tren Cog para el Cristo Redentor y Pan de Az\u00facar para el billete combinado).<\/li>\n\n\n\n<li><strong>Hora de llegada:<\/strong> Prevea llegar al menos 30 minutos antes para garantizar una entrada sin problemas.<\/li>\n<\/ul>\n\n\n\n<h3 class=\"wp-block-heading\">\u00bfPuedo Reprogramar o Cancelar mis Entradas?<\/h3>\n\n\n\n<ul class=\"wp-block-list\">\n<li>Ambas entradas permiten la cancelaci\u00f3n gratuita hasta 24 horas antes de la visita programada, lo que facilita la adaptaci\u00f3n si cambian los planes.<\/li>\n<\/ul>\n\n\n\n<h3 class=\"wp-block-heading\">Qu\u00e9 Incluye Cada Entrada?<\/h3>\n\n\n\n<ul class=\"wp-block-list\">\n<li><strong>Billete de Tren Cremallera: <\/strong>Cubre un viaje de ida y vuelta en tren por la Selva de Tijuca hasta el Cristo Redentor.<\/li>\n\n\n\n<li><strong>Combo Esencial:<\/strong> Incluye acceso al Cristo Redentor (en tren cremallera) y al Pan de Az\u00facar (en telef\u00e9rico).<\/li>\n<\/ul>\n\n\n\n<h2 class=\"wp-block-heading\">Formas alternativas de visitar el Cristo Redentor<\/h2>\n\n\n\n<p>Busca una forma diferente de vivir el Cristo Redentor? Aqu\u00ed tiene algunas <a href=\"https:\/\/christtheredeemertickets.com\/es\/visitas\/\">opciones de recorridos \u00fanicos<\/a>.<\/p>\n\n\n\n<h3 class=\"gb-headline gb-headline-f995112b gb-headline-text\">Excursi\u00f3n de Acceso Anticipado con Pan de Az\u00facar<\/h3>\n\n\n\n<p>Para los visitantes que deseen evitar las multitudes, esta excursi\u00f3n ofrece recogida a primera hora de la ma\u00f1ana y acceso prioritario al Cristo Redentor. Contin\u00faa con un pintoresco paseo en telef\u00e9rico por el Pan de Az\u00facar, que permite contemplar toda la belleza natural de R\u00edo. Esta opci\u00f3n tambi\u00e9n incluye el transporte desde determinados barrios de R\u00edo, como Copacabana e Ipanema.<\/p>\n\n\n\n<h3 class=\"gb-headline gb-headline-d1638b27 gb-headline-text\">Lo m\u00e1s Destacado de R\u00edo con Transporte en Furgoneta<\/h3>\n\n\n\n<p>Esta excursi\u00f3n permite acceder al Cristo Redentor en furgoneta a trav\u00e9s de la Floresta de Tijuca, lo que resulta ideal para los visitantes que prefieren no coger el tren. Incluye paradas en otras atracciones clave de R\u00edo, como el estadio Maracan\u00e1, el Samb\u00f3dromo y la famosa Escalinata Selar\u00f3n. La excursi\u00f3n termina con un almuerzo y un paseo en telef\u00e9rico por el Pan de Az\u00facar. <\/p>\n\n\n\n<h3 class=\"gb-headline gb-headline-616432ef gb-headline-text\">Excursiones al Amanecer o al Atardecer<\/h3>\n\n\n\n<p>Las visitas especiales al Cristo Redentor al amanecer o al atardecer ofrecen una iluminaci\u00f3n \u00fanica y un ambiente m\u00e1s tranquilo, ideal para la fotograf\u00eda y una experiencia m\u00e1s sosegada. Algunas opciones se combinan con la visita a otros lugares, como el Mirante Dona Marta, un mirador que ofrece perspectivas alternativas en caso de nubosidad. Visite nuestra p\u00e1gina de visitas para m\u00e1s informaci\u00f3n. <\/p>\n\n\n\n<p><strong><a href=\"https:\/\/www.getyourguide.com\/rio-de-janeiro-l9\/rio-de-janeiro-5-hour-sunset-experience-t115578\/?partner_id=JQVKNNW&amp;utm_medium=online_publisher&amp;cmp=ctrt_es\" rel=\"nofollow noopener\" target=\"_blank\">Haga clic aqu\u00ed para ver todas las opciones de entradas \u00bb<\/a><\/strong><\/p>\n\n\n\n<h2 class=\"gb-headline gb-headline-dd451c12 gb-headline-text\">PREGUNTAS FRECUENTES<\/h2>\n\n\n<div id=\"rank-math-faq\" class=\"rank-math-block\">\n<div class=\"rank-math-list \">\n<div id=\"faq-question-1763357794024\" class=\"rank-math-list-item\">\n<h3 class=\"rank-math-question \">\u00bfTengo que llegar pronto para recoger mi billete?<\/h3>\n<div class=\"rank-math-answer \">\n\n<p>S\u00ed, se recomienda llegar al menos 30 minutos antes de la hora prevista de entrada para garantizar un intercambio de billetes y un proceso de embarque sin problemas.<\/p>\n\n<\/div>\n<\/div>\n<div id=\"faq-question-1763357801790\" class=\"rank-math-list-item\">\n<h3 class=\"rank-math-question \">\u00bfCu\u00e1l es la mejor hora del d\u00eda para visitar la ciudad y ver menos gente?<\/h3>\n<div class=\"rank-math-answer \">\n\n<p>Las visitas a primera hora de la ma\u00f1ana o a \u00faltima hora de la tarde suelen estar menos concurridas, por lo que son momentos ideales para disfrutar de una experiencia m\u00e1s relajada y sacar magn\u00edficas fotos.<\/p>\n\n<\/div>\n<\/div>\n<div id=\"faq-question-1763357809883\" class=\"rank-math-list-item\">\n<h3 class=\"rank-math-question \">\u00bfHay descuentos para ni\u00f1os o beb\u00e9s?<\/h3>\n<div class=\"rank-math-answer \">\n\n<p>S\u00ed, se aplican tarifas reducidas a los ni\u00f1os. Los beb\u00e9s entran gratis y los ni\u00f1os tienen una entrada reducida. Aseg\u00farese de seleccionar el tipo de billete adecuado para cada grupo de edad al hacer la reserva.<\/p>\n\n<\/div>\n<\/div>\n<div id=\"faq-question-1763357819761\" class=\"rank-math-list-item\">\n<h3 class=\"rank-math-question \">\u00bfQu\u00e9 debo llevar a mi visita?<\/h3>\n<div class=\"rank-math-answer \">\n\n<p>Lleve lo imprescindible, como un documento de identidad v\u00e1lido, un bono, calzado c\u00f3modo, crema solar y una c\u00e1mara para hacer fotos. Se recomienda beber agua, sobre todo en los recorridos m\u00e1s largos.<\/p>\n\n<\/div>\n<\/div>\n<div id=\"faq-question-1763357832950\" class=\"rank-math-list-item\">\n<h3 class=\"rank-math-question \">\u00bfPuedo anular o cambiar la fecha de mis entradas?<\/h3>\n<div class=\"rank-math-answer \">\n\n<p>Cancelaci\u00f3n gratuita hasta 24 horas antes de la entrada programada. Consulte el billete espec\u00edfico para conocer las opciones de reprogramaci\u00f3n.<\/p>\n\n<\/div>\n<\/div>\n<\/div>\n<\/div>","protected":false},"excerpt":{"rendered":"<p>Explore dos c\u00f3modas opciones de entradas para su visita al Cristo Redentor. Elija entre el cl\u00e1sico viaje en tren cremallera hasta la cima o disfrute de lo mejor de R\u00edo con el billete esencial, que incluye el Cristo Redentor y el Pan de Az\u00facar. Opciones de Entradas para el Cristo Redentor Elija las mejores opciones &#8230; <a title=\"Entradas Cristo Redentor\" class=\"read-more\" href=\"https:\/\/christtheredeemertickets.com\/es\/entradas\/\" aria-label=\"Read more about Entradas Cristo Redentor\">Read more<\/a><\/p>\n","protected":false},"author":1,"featured_media":0,"parent":0,"menu_order":1,"comment_status":"closed","ping_status":"closed","template":"","meta":{"_acf_changed":false,"footnotes":""},"tags":[],"class_list":["post-188","page","type-page","status-publish"],"acf":[],"_links":{"self":[{"href":"https:\/\/christtheredeemertickets.com\/es\/wp-json\/wp\/v2\/pages\/188","targetHints":{"allow":["GET"]}}],"collection":[{"href":"https:\/\/christtheredeemertickets.com\/es\/wp-json\/wp\/v2\/pages"}],"about":[{"href":"https:\/\/christtheredeemertickets.com\/es\/wp-json\/wp\/v2\/types\/page"}],"author":[{"embeddable":true,"href":"https:\/\/christtheredeemertickets.com\/es\/wp-json\/wp\/v2\/users\/1"}],"replies":[{"embeddable":true,"href":"https:\/\/christtheredeemertickets.com\/es\/wp-json\/wp\/v2\/comments?post=188"}],"version-history":[{"count":25,"href":"https:\/\/christtheredeemertickets.com\/es\/wp-json\/wp\/v2\/pages\/188\/revisions"}],"predecessor-version":[{"id":662,"href":"https:\/\/christtheredeemertickets.com\/es\/wp-json\/wp\/v2\/pages\/188\/revisions\/662"}],"wp:attachment":[{"href":"https:\/\/christtheredeemertickets.com\/es\/wp-json\/wp\/v2\/media?parent=188"}],"wp:term":[{"taxonomy":"post_tag","embeddable":true,"href":"https:\/\/christtheredeemertickets.com\/es\/wp-json\/wp\/v2\/tags?post=188"}],"curies":[{"name":"wp","href":"https:\/\/api.w.org\/{rel}","templated":true}]}}