{"id":174,"date":"2024-10-28T15:35:48","date_gmt":"2024-10-28T15:35:48","guid":{"rendered":"https:\/\/christtheredeemertickets.com\/es\/?page_id=174"},"modified":"2025-03-09T13:24:48","modified_gmt":"2025-03-09T12:24:48","slug":"historia","status":"publish","type":"page","link":"https:\/\/christtheredeemertickets.com\/es\/historia\/","title":{"rendered":"Historia de la Estatua del Cristo Redentor"},"content":{"rendered":"\n<p><\/p>\n\n\n\n<p>\u00bfAlguna vez se ha preguntado por la historia del monumento m\u00e1s emblem\u00e1tico de R\u00edo de Janeiro, el Cristo Redentor? En lo alto del Corcovado, esta colosal estatua se ha convertido en un s\u00edmbolo mundial de fe, unidad y paz.<\/p>\n\n\n\n<p>Su viaje desde una idea visionaria en la d\u00e9cada de 1850 hasta convertirse en una de las Siete Nuevas Maravillas del Mundo es una historia de perseverancia, arte e importancia cultural. Acomp\u00e1\u00f1enos a explorar su fascinante historia, los retos de su construcci\u00f3n y los esfuerzos que se est\u00e1n realizando para preservar esta obra maestra.<\/p>\n\n\n\n<h2 class=\"wp-block-heading\">La Visi\u00f3n del Cristo Redentor<\/h2>\n\n\n\n<p>La historia del Cristo Redentor comienza mucho antes de su construcci\u00f3n, con las primeras ideas e inspiraciones que sentaron las bases de esta ic\u00f3nica estatua.<\/p>\n\n\n\n<h3 class=\"wp-block-heading\">Primeras Ideas e Inspiraci\u00f3n (Antes de 1920)<\/h3>\n\n\n\n<p>Imag\u00ednese R\u00edo de Janeiro en la d\u00e9cada de 1850: paisajes exuberantes, el canto de los p\u00e1jaros en el aire y carruajes tirados por caballos recorriendo calles empedradas. En medio de este pintoresco tel\u00f3n de fondo, naci\u00f3 una idea audaz: una estatua que simbolizara la fe, la unidad y la paz en la cima de la monta\u00f1a del Corcovado.<\/p>\n\n\n\n<p>La chispa del Cristo Redentor surgi\u00f3 de la infanta Isabel, hija del emperador Dom Pedro II. Ella y el clero local concibieron un monumento religioso que sirviera de faro de esperanza y espiritualidad para Brasil. Pero los cambios pol\u00edticos y las limitaciones financieras frenaron su sue\u00f1o. Cuando Brasil pas\u00f3 de la monarqu\u00eda a la rep\u00fablica, el entusiasmo decay\u00f3 y el proyecto se archiv\u00f3, aunque el sue\u00f1o perdur\u00f3 a la espera del momento oportuno para resurgir.<\/p>\n\n\n\n<p>Imag\u00ednese las bulliciosas calles de la \u00e9poca en las que una estatua monumental de este tipo podr\u00eda haber parecido tan visionaria como casi imposible.<\/p>\n\n\n\n<h3 class=\"wp-block-heading\">El Empuje de un S\u00edmbolo (1920s Revival)<\/h3>\n\n\n\n<p>Avancemos hasta los a\u00f1os veinte, una \u00e9poca de energ\u00eda y optimismo. Brasil celebra sus 100 a\u00f1os de independencia, y qu\u00e9 mejor manera de conmemorar este hito que reviviendo el sue\u00f1o del Cristo Redentor? Un s\u00edmbolo nacional como \u00e9ste podr\u00eda servir de faro religioso y cultural.<\/p>\n\n\n\n<p>Este entusiasmo renovado reuni\u00f3 a mentes brillantes como el <a href=\"https:\/\/christtheredeemertickets.com\/es\/arquitectura\/\">ingeniero Heitor da Silva Costa y el artista Carlos Oswald<\/a>. El concepto original de Oswald presentaba a Cristo sosteniendo un globo terr\u00e1queo y una cruz. El dise\u00f1o evolucion\u00f3 hasta convertirse en la figura de brazos abiertos que conocemos hoy, s\u00edmbolo de paz y unidad. Es incre\u00edble c\u00f3mo las visiones art\u00edsticas se adaptan con el tiempo!<\/p>\n\n\n\n<p>Hoy, al pasear por las calles de R\u00edo, a\u00fan se perciben los ecos del entusiasmo de aquella \u00e9poca. La propia ciudad parece un lienzo vivo, con el Cristo Redentor como joya de la corona, un recordatorio del esp\u00edritu y la unidad imperecederos de Brasil.<\/p>\n\n\n\n<h2 class=\"wp-block-heading\">Construir el Icono &#8211; C\u00f3mo se Hizo el Cristo Redentor<\/h2>\n\n\n\n<p>La creaci\u00f3n del Cristo Redentor fue una maravilla de la ingenier\u00eda, con numerosos retos que superaron los l\u00edmites de la tecnolog\u00eda y la creatividad.<\/p>\n\n\n\n<h3 class=\"wp-block-heading\">Planificaci\u00f3n y Dise\u00f1o: Superar los Retos<\/h3>\n\n\n\n<p>Construir el Cristo Redentor no fue s\u00f3lo una proeza de ingenier\u00eda; fue una misi\u00f3n audaz impulsada por la determinaci\u00f3n y la innovaci\u00f3n. Principios del siglo XX: la tecnolog\u00eda era limitada, pero la ambici\u00f3n ilimitada. Un equipo de personas comprometidas asumi\u00f3 el reto de transportar toneladas de hormig\u00f3n y esteatita por los empinados y sinuosos senderos de la monta\u00f1a del Corcovado, un desaf\u00edo log\u00edstico incluso para los est\u00e1ndares actuales.<\/p>\n\n\n\n<p>Los materiales de la estatua se seleccionaron cuidadosamente: <a href=\"https:\/\/christtheredeemertickets.com\/es\/hechos\/\">hormig\u00f3n armado para mayor estabilidad y esteatita por su resistencia al clima tropical de R\u00edo<\/a>. Para transportarlas hasta el Corcovado, sin helic\u00f3pteros ni gr\u00faas modernas, hab\u00eda que recurrir a sistemas ferroviarios y al esfuerzo humano. Los trabajadores se enfrentaron a condiciones meteorol\u00f3gicas extremas y a terrenos dif\u00edciles, pero siguieron adelante, impulsados por el objetivo de crear algo monumental.<\/p>\n\n\n\n<p><strong>Consejo de experto:<\/strong> Cuando est\u00e9s bajo la estatua, no te limites a admirar la vista; t\u00f3mate un momento para valorar la artesan\u00eda y la tenacidad que hicieron posible dar vida a esta obra maestra. Sus esfuerzos transformaron el paisaje y grabaron la historia en piedra.<\/p>\n\n\n\n<h3 class=\"wp-block-heading\">Fase de Construcci\u00f3n: Una Empresa Monumental en 1931<\/h3>\n\n\n\n<p>En 1931, tras casi una d\u00e9cada de planificaci\u00f3n y construcci\u00f3n, la obra del Cristo Redentor lleg\u00f3 a su fin. En la ceremonia de inauguraci\u00f3n, el mundo contempl\u00f3 con asombro c\u00f3mo la imponente figura, con los brazos abiertos, se convert\u00eda en un s\u00edmbolo de paz y bienvenida en R\u00edo de Janeiro.<\/p>\n\n\n\n<p>Con una altura de 30 metros y una envergadura de 28 metros, el dise\u00f1o de la estatua no es s\u00f3lo visualmente impactante, sino tambi\u00e9n una c\u00e1lida invitaci\u00f3n al mundo. El escultor franc\u00e9s Paul Landowski cre\u00f3 el rostro de la estatua, captando una expresi\u00f3n de serenidad visible incluso desde las calles de R\u00edo.<\/p>\n\n\n\n<p>Cuando lo visites, ver\u00e1s una obra de arte, un triunfo de la ingenier\u00eda y un trozo de historia, todo en uno. Es una experiencia de humildad ser testigo de una representaci\u00f3n tan poderosa de la creatividad y la fe humanas.<\/p>\n\n\n\n<h2 class=\"wp-block-heading\">Cristo Redentor en los Tiempos Modernos<\/h2>\n\n\n\n<p>Aunque el Cristo Redentor sigue en pie, su conservaci\u00f3n y mantenimiento es un esfuerzo continuo que refleja su importancia duradera.<\/p>\n\n\n\n<h3 class=\"wp-block-heading\">Esfuerzos de Conservaci\u00f3n y Proyectos de Restauraci\u00f3n<\/h3>\n\n\n\n<p>Imag\u00ednese mantener una estatua de 20 metros en la cima de una monta\u00f1a, no es poca cosa! El clima tropical de R\u00edo de Janeiro provoca frecuentes rel\u00e1mpagos, lluvias torrenciales y una elevada humedad, factores que afectan a la durabilidad de la estatua. En 2010, fue necesaria una importante restauraci\u00f3n despu\u00e9s de que un rayo cayera sobre la estatua, provocando grietas y da\u00f1ando su capa exterior de esteatita. Los equipos de restauraci\u00f3n repararon meticulosamente estos da\u00f1os, sustituyendo las baldosas de esteatita de una cantera cercana a Ouro Preto, famosa por su piedra de alta calidad.<\/p>\n\n\n\n<p>Las inspecciones y el mantenimiento peri\u00f3dicos mantienen al Cristo Redentor en perfectas condiciones, como si se tratara de un icono de 92 a\u00f1os. Esta atenci\u00f3n al detalle garantiza que siga siendo un s\u00edmbolo perdurable para las generaciones futuras.<\/p>\n\n\n\n<h3 class=\"wp-block-heading\">El Papel de la Estatua en la Actualidad<\/h3>\n\n\n\n<p>M\u00e1s que una simple <a href=\"https:\/\/christtheredeemertickets.com\/es\/visite\/\">atracci\u00f3n tur\u00edstica<\/a>, el Cristo Redentor desempe\u00f1a un papel activo en la vida cultural y espiritual de Brasil. Durante el Carnaval de R\u00edo, vigila en silencio el jolgorio, simbolizando la mezcla \u00fanica de celebraci\u00f3n y espiritualidad de R\u00edo.<\/p>\n\n\n\n<p>Una de mis experiencias m\u00e1s memorables fue durante la Jornada Mundial de la Juventud, cuando miles de peregrinos se congregaron ante la estatua. Ver el horizonte de R\u00edo desde la base del Cristo Redentor al atardecer es inolvidable. Le recomiendo que programe su visita para la puesta de sol: las vistas son sencillamente impresionantes.<\/p>\n\n\n\n<p>El Cristo Redentor, a menudo iluminado con diferentes colores para conmemorar acontecimientos mundiales, se erige hoy como un faro de esperanza, unidad y resistencia que conecta Brasil con el mundo.<\/p>\n\n\n\n<p><strong>Reserve sus <a href=\"https:\/\/christtheredeemertickets.com\/es\/entradas\/\">entradas<\/a> o una <a href=\"https:\/\/christtheredeemertickets.com\/es\/tours\/\">visita guiada<\/a> para conocer el Cristo Redentor en R\u00edo.<\/strong><\/p>\n","protected":false},"excerpt":{"rendered":"<p>\u00bfAlguna vez se ha preguntado por la historia del monumento m\u00e1s emblem\u00e1tico de R\u00edo de Janeiro, el Cristo Redentor? En lo alto del Corcovado, esta colosal estatua se ha convertido en un s\u00edmbolo mundial de fe, unidad y paz. Su viaje desde una idea visionaria en la d\u00e9cada de 1850 hasta convertirse en una de &#8230; <a title=\"Historia de la Estatua del Cristo Redentor\" class=\"read-more\" href=\"https:\/\/christtheredeemertickets.com\/es\/historia\/\" aria-label=\"Read more about Historia de la Estatua del Cristo Redentor\">Read more<\/a><\/p>\n","protected":false},"author":1,"featured_media":0,"parent":0,"menu_order":4,"comment_status":"closed","ping_status":"closed","template":"","meta":{"_acf_changed":false,"footnotes":""},"tags":[],"class_list":["post-174","page","type-page","status-publish"],"acf":[],"_links":{"self":[{"href":"https:\/\/christtheredeemertickets.com\/es\/wp-json\/wp\/v2\/pages\/174","targetHints":{"allow":["GET"]}}],"collection":[{"href":"https:\/\/christtheredeemertickets.com\/es\/wp-json\/wp\/v2\/pages"}],"about":[{"href":"https:\/\/christtheredeemertickets.com\/es\/wp-json\/wp\/v2\/types\/page"}],"author":[{"embeddable":true,"href":"https:\/\/christtheredeemertickets.com\/es\/wp-json\/wp\/v2\/users\/1"}],"replies":[{"embeddable":true,"href":"https:\/\/christtheredeemertickets.com\/es\/wp-json\/wp\/v2\/comments?post=174"}],"version-history":[{"count":7,"href":"https:\/\/christtheredeemertickets.com\/es\/wp-json\/wp\/v2\/pages\/174\/revisions"}],"predecessor-version":[{"id":440,"href":"https:\/\/christtheredeemertickets.com\/es\/wp-json\/wp\/v2\/pages\/174\/revisions\/440"}],"wp:attachment":[{"href":"https:\/\/christtheredeemertickets.com\/es\/wp-json\/wp\/v2\/media?parent=174"}],"wp:term":[{"taxonomy":"post_tag","embeddable":true,"href":"https:\/\/christtheredeemertickets.com\/es\/wp-json\/wp\/v2\/tags?post=174"}],"curies":[{"name":"wp","href":"https:\/\/api.w.org\/{rel}","templated":true}]}}