{"id":164,"date":"2024-10-23T19:02:42","date_gmt":"2024-10-23T19:02:42","guid":{"rendered":"https:\/\/christtheredeemertickets.com\/es\/?page_id=164"},"modified":"2025-01-17T23:41:44","modified_gmt":"2025-01-17T22:41:44","slug":"aviso-legal","status":"publish","type":"page","link":"https:\/\/christtheredeemertickets.com\/es\/aviso-legal\/","title":{"rendered":"Aviso legal"},"content":{"rendered":"\n<p>Este Aviso Legal se aplica a las Entradas Cristo Redentor, accesibles desde <a href=\"https:\/\/christtheredeemertickets.com\/es\/\">https:\/\/christtheredeemertickets.com\/<\/a>. Al utilizar este sitio web, usted acepta las condiciones aqu\u00ed expuestas. Si no est\u00e1 de acuerdo, abst\u00e9ngase de utilizar nuestro sitio.<\/p>\n\n\n\n<hr class=\"wp-block-separator has-alpha-channel-opacity\" \/>\n\n\n\n<h2 class=\"wp-block-heading\">Limitaci\u00f3n de Responsabilidad<\/h2>\n\n\n\n<p>Entradas Cristo Redentor ofrece contenido &#8220;tal cual&#8221; y no garantiza la exactitud, fiabilidad o integridad de la informaci\u00f3n. No nos hacemos responsables de los da\u00f1os o p\u00e9rdidas derivados del uso de este sitio web, incluidos, entre otros, los siguientes:<\/p>\n\n\n\n<ul class=\"wp-block-list\">\n<li>Errores u omisiones en el contenido<\/li>\n\n\n\n<li>Indisponibilidad o interrupciones del sitio web<\/li>\n\n\n\n<li>Virus o c\u00f3digo da\u00f1ino que pueda transmitirse a trav\u00e9s de nuestros contenidos<\/li>\n<\/ul>\n\n\n\n<h2 class=\"wp-block-heading\">Declaraci\u00f3n de Afiliaci\u00f3n<\/h2>\n\n\n\n<p>Christ the Redeemer Tickets participa en programas de afiliaci\u00f3n con <strong>GetYourGuide<\/strong> y <strong>Tiqets<\/strong>, lo que nos permite ganar comisiones por las ventas de entradas generadas a trav\u00e9s de enlaces de afiliados. Nuestras recomendaciones se basan en la informaci\u00f3n general disponible sobre estos servicios, y animamos a los usuarios a revisar los sitios y las pol\u00edticas de terceros antes de comprarlos.<\/p>\n\n\n\n<h2 class=\"wp-block-heading\">Contenidos de Terceros<\/h2>\n\n\n\n<p>Nuestro sitio web puede contener enlaces a sitios web de terceros o contenidos integrados. Estos sitios externos funcionan de forma independiente y no est\u00e1n bajo nuestro control. Christ the Redeemer Tickets no respalda ni asume responsabilidad alguna por los contenidos, servicios o productos disponibles en sitios web de terceros.<\/p>\n\n\n\n<h2 class=\"wp-block-heading\">Modificaciones<\/h2>\n\n\n\n<p>Nos reservamos el derecho a modificar o interrumpir este sitio web o cualquier parte de su contenido en cualquier momento y sin previo aviso. Los cambios en el Aviso Legal, la Pol\u00edtica de Privacidad o la Pol\u00edtica de Cookies se actualizar\u00e1n en esta p\u00e1gina.<\/p>\n\n\n\n<h2 class=\"wp-block-heading\">Ley Aplicable y Jurisdicci\u00f3n<\/h2>\n\n\n\n<p>Este Aviso Legal se rige por las leyes de Estonia. Cualquier disputa que surja en relaci\u00f3n con este aviso o el uso de este sitio web estar\u00e1 sujeta a la jurisdicci\u00f3n exclusiva de los tribunales estonios.<\/p>\n\n\n\n<p>Si tiene alguna pregunta sobre este Aviso Legal, p\u00f3ngase en contacto con nosotros en hello+legal@christtheredeemertickets.com.<\/p>\n","protected":false},"excerpt":{"rendered":"<p>Este Aviso Legal se aplica a las Entradas Cristo Redentor, accesibles desde https:\/\/christtheredeemertickets.com\/. Al utilizar este sitio web, usted acepta las condiciones aqu\u00ed expuestas. Si no est\u00e1 de acuerdo, abst\u00e9ngase de utilizar nuestro sitio. Limitaci\u00f3n de Responsabilidad Entradas Cristo Redentor ofrece contenido &#8220;tal cual&#8221; y no garantiza la exactitud, fiabilidad o integridad de la informaci\u00f3n. &#8230; <a title=\"Aviso legal\" class=\"read-more\" href=\"https:\/\/christtheredeemertickets.com\/es\/aviso-legal\/\" aria-label=\"Read more about Aviso legal\">Read more<\/a><\/p>\n","protected":false},"author":1,"featured_media":0,"parent":0,"menu_order":10,"comment_status":"closed","ping_status":"closed","template":"","meta":{"_acf_changed":false,"footnotes":""},"tags":[],"class_list":["post-164","page","type-page","status-publish"],"acf":[],"_links":{"self":[{"href":"https:\/\/christtheredeemertickets.com\/es\/wp-json\/wp\/v2\/pages\/164","targetHints":{"allow":["GET"]}}],"collection":[{"href":"https:\/\/christtheredeemertickets.com\/es\/wp-json\/wp\/v2\/pages"}],"about":[{"href":"https:\/\/christtheredeemertickets.com\/es\/wp-json\/wp\/v2\/types\/page"}],"author":[{"embeddable":true,"href":"https:\/\/christtheredeemertickets.com\/es\/wp-json\/wp\/v2\/users\/1"}],"replies":[{"embeddable":true,"href":"https:\/\/christtheredeemertickets.com\/es\/wp-json\/wp\/v2\/comments?post=164"}],"version-history":[{"count":5,"href":"https:\/\/christtheredeemertickets.com\/es\/wp-json\/wp\/v2\/pages\/164\/revisions"}],"predecessor-version":[{"id":430,"href":"https:\/\/christtheredeemertickets.com\/es\/wp-json\/wp\/v2\/pages\/164\/revisions\/430"}],"wp:attachment":[{"href":"https:\/\/christtheredeemertickets.com\/es\/wp-json\/wp\/v2\/media?parent=164"}],"wp:term":[{"taxonomy":"post_tag","embeddable":true,"href":"https:\/\/christtheredeemertickets.com\/es\/wp-json\/wp\/v2\/tags?post=164"}],"curies":[{"name":"wp","href":"https:\/\/api.w.org\/{rel}","templated":true}]}}