{"id":158,"date":"2024-10-23T18:53:11","date_gmt":"2024-10-23T18:53:11","guid":{"rendered":"https:\/\/christtheredeemertickets.com\/es\/?page_id=158"},"modified":"2025-01-18T00:19:06","modified_gmt":"2025-01-17T23:19:06","slug":"acerca-de","status":"publish","type":"page","link":"https:\/\/christtheredeemertickets.com\/es\/acerca-de\/","title":{"rendered":"Acerca de"},"content":{"rendered":"\n<h1 class=\"wp-block-heading\">Acerca de las Entradas Cristo Redentor<\/h1>\n\n\n\n<p><\/p>\n\n\n\n<p>Bienvenido a <strong>Christ the Redeemer Tickets<\/strong>, su fuente de confianza para descubrir y reservar experiencias inolvidables en uno de los monumentos m\u00e1s emblem\u00e1ticos del mundo, la estatua del Cristo Redentor de R\u00edo de Janeiro.<\/p>\n\n\n\n<p>Nuestra misi\u00f3n es sencilla: hacer que su visita a este impresionante lugar sea lo m\u00e1s fluida y memorable posible. Si quiere saltarse las colas, encontrar las mejores visitas guiadas o saber m\u00e1s sobre la rica historia y la importancia de la estatua, nosotros le ayudamos.<\/p>\n\n\n\n<h3 class=\"wp-block-heading\">Por qu\u00e9 Elegirnos?<\/h3>\n\n\n\n<p>En <strong>Christ the Redeemer Tickets<\/strong>, nos enorgullecemos de ofrecer:<\/p>\n\n\n\n<ul class=\"wp-block-list\">\n<li><strong>Entradas oficiales<\/strong>: Asegura tu plaza con opciones de venta de entradas verificadas y fiables para acceder a la estatua y a las atracciones de los alrededores.<\/li>\n\n\n\n<li><strong>Orientaci\u00f3n experta<\/strong>: Te ofrecemos informaci\u00f3n detallada y consejos para que saques el m\u00e1ximo partido a tu visita, desde cu\u00e1ndo ir hasta c\u00f3mo aprovechar al m\u00e1ximo tu experiencia.<\/li>\n<\/ul>\n\n\n\n<h3 class=\"wp-block-heading\">Nuestra Promesa<\/h3>\n\n\n\n<p>Sabemos que para muchos visitar el Cristo Redentor es una experiencia \u00fanica en la vida. Por eso, nuestro objetivo es simplificar el proceso de reserva y asegurarnos de que dispone de toda la informaci\u00f3n necesaria para sacar el m\u00e1ximo partido a su viaje.<\/p>\n\n\n\n<p>Nuestra plataforma le acerca a una de las Siete Nuevas Maravillas del Mundo. Tanto si viaja solo, en familia o en grupo, <strong>Christ the Redeemer Tickets<\/strong> est\u00e1 aqu\u00ed para hacer que su visita sea agradable, placentera y verdaderamente inolvidable.<\/p>\n\n\n\n<p>Gracias por elegir <strong>Christ the Redeemer Tickets<\/strong> &#8211; esperamos poder ayudarle a explorar esta ic\u00f3nica maravilla en toda su grandeza!<\/p>\n\n\n\n<h2 class=\"wp-block-heading\">Contacte con Nosotros<\/h2>\n\n\n\n<p>Nos encantar\u00eda saber de ti! <\/p>\n\n\n\n<h3 class=\"wp-block-heading\">C\u00f3mo Ponerse en Contacto<\/h3>\n\n\n\n<p>Email: Para cualquier consulta o solicitud de ayuda, no dudes en contactarnos a hello[@]christtheredeemertickets[dot]com<\/p>\n\n\n\n<h3 class=\"wp-block-heading\">Preguntas frecuentes<\/h3>\n\n\n\n<p>Antes de ponerse en contacto con nosotros, puede que encuentre la respuesta a su pregunta en nuestra <a href=\"https:\/\/christtheredeemertickets.com\/es\/visite\/\">secci\u00f3n de PREGUNTAS FRECUENTES<\/a>, donde tratamos temas populares como:<\/p>\n\n\n\n<ul class=\"wp-block-list\">\n<li>Horarios de visita y consejos<\/li>\n\n\n\n<li>C\u00f3mo comprar entradas<\/li>\n\n\n\n<li>Confirmaciones de reserva<\/li>\n\n\n\n<li>Disponibilidad<\/li>\n<\/ul>\n\n\n\n<p><\/p>\n","protected":false},"excerpt":{"rendered":"<p>Acerca de las Entradas Cristo Redentor Bienvenido a Christ the Redeemer Tickets, su fuente de confianza para descubrir y reservar experiencias inolvidables en uno de los monumentos m\u00e1s emblem\u00e1ticos del mundo, la estatua del Cristo Redentor de R\u00edo de Janeiro. Nuestra misi\u00f3n es sencilla: hacer que su visita a este impresionante lugar sea lo m\u00e1s &#8230; <a title=\"Acerca de\" class=\"read-more\" href=\"https:\/\/christtheredeemertickets.com\/es\/acerca-de\/\" aria-label=\"Read more about Acerca de\">Read more<\/a><\/p>\n","protected":false},"author":1,"featured_media":0,"parent":0,"menu_order":7,"comment_status":"closed","ping_status":"closed","template":"","meta":{"_acf_changed":false,"footnotes":""},"tags":[],"class_list":["post-158","page","type-page","status-publish"],"acf":[],"_links":{"self":[{"href":"https:\/\/christtheredeemertickets.com\/es\/wp-json\/wp\/v2\/pages\/158","targetHints":{"allow":["GET"]}}],"collection":[{"href":"https:\/\/christtheredeemertickets.com\/es\/wp-json\/wp\/v2\/pages"}],"about":[{"href":"https:\/\/christtheredeemertickets.com\/es\/wp-json\/wp\/v2\/types\/page"}],"author":[{"embeddable":true,"href":"https:\/\/christtheredeemertickets.com\/es\/wp-json\/wp\/v2\/users\/1"}],"replies":[{"embeddable":true,"href":"https:\/\/christtheredeemertickets.com\/es\/wp-json\/wp\/v2\/comments?post=158"}],"version-history":[{"count":9,"href":"https:\/\/christtheredeemertickets.com\/es\/wp-json\/wp\/v2\/pages\/158\/revisions"}],"predecessor-version":[{"id":431,"href":"https:\/\/christtheredeemertickets.com\/es\/wp-json\/wp\/v2\/pages\/158\/revisions\/431"}],"wp:attachment":[{"href":"https:\/\/christtheredeemertickets.com\/es\/wp-json\/wp\/v2\/media?parent=158"}],"wp:term":[{"taxonomy":"post_tag","embeddable":true,"href":"https:\/\/christtheredeemertickets.com\/es\/wp-json\/wp\/v2\/tags?post=158"}],"curies":[{"name":"wp","href":"https:\/\/api.w.org\/{rel}","templated":true}]}}